{"id":5,"date":"2026-03-10T19:57:13","date_gmt":"2026-03-10T18:57:13","guid":{"rendered":"https:\/\/tevienlinea.mx\/aliik-gym-fitness-behqt\/inicio\/"},"modified":"2026-03-10T19:57:13","modified_gmt":"2026-03-10T18:57:13","slug":"inicio","status":"publish","type":"page","link":"https:\/\/tevienlinea.mx\/aliik-gym-fitness-behqt\/","title":{"rendered":"Inicio"},"content":{"rendered":"\n\n<div class=\"wp-block-cover alignfull has-custom-content-position is-position-bottom-center\" style=\"margin-top:0;margin-bottom:0;padding-top:var(--wp--preset--spacing--50);padding-right:var(--wp--preset--spacing--50);padding-bottom:var(--wp--preset--spacing--50);padding-left:var(--wp--preset--spacing--50);min-height:840px;aspect-ratio:unset;\">\n\t<span aria-hidden=\"true\" class=\"wp-block-cover__background has-background-dim-40 has-background-dim\"><\/span>\n\t<img decoding=\"async\" class=\"wp-block-cover__image-background\" alt=\"Banner image\" src=\"https:\/\/storage.googleapis.com\/chatbot-7e554.firebasestorage.app\/company\/18\/website-images\/hero-fdf257a2-5436-4e90-87a2-912410d4bf6b.jpg\" style=\"object-position:50% 95%\" data-object-fit=\"cover\" data-object-position=\"50% 95%\"\/>\n\t<div class=\"wp-block-cover__inner-container has-global-padding is-layout-constrained wp-container-core-cover-is-layout-d89aad35 wp-block-cover-is-layout-constrained\">\n\t\t\n\t\t<div class=\"wp-block-group alignwide has-global-padding is-content-justification-left is-layout-constrained wp-container-core-group-is-layout-12dd3699 wp-block-group-is-layout-constrained\">\n\t\t\t\n\t\t\t<h2 class=\"wp-block-heading has-text-align-left has-xx-large-font-size\">Mejora tu salud y bienestar con nosotros<\/h2>\n\t\t\t\n\n\t\t\t\n\t\t\t<p>En Aliik, te ofrecemos un espacio familiar donde la salud y el fitness se unen. Nuestro equipo de expertos te guiar\u00e1 en cada paso. \u00a1Ven y transforma tu vida!<\/p>\n\t\t\t\n\n\t\t<\/div>\n\t\t\n\t<\/div>\n<\/div>\n\n\n\n\n<div class=\"wp-block-group alignfull has-global-padding is-layout-constrained wp-container-core-group-is-layout-ebee8dc1 wp-block-group-is-layout-constrained\" style=\"margin-top:0;margin-bottom:0;padding-top:var(--wp--preset--spacing--50);padding-bottom:var(--wp--preset--spacing--50)\">\n\t\n\t<h2 class=\"wp-block-heading alignwide\">\u00bfPor qu\u00e9 elegirnos?<\/h2>\n\t\n\n\t\n\t<div class=\"wp-block-columns alignwide is-layout-flex wp-container-core-columns-is-layout-28f84493 wp-block-columns-is-layout-flex\">\n\t\t\n\t\t<div class=\"wp-block-column is-layout-flow wp-block-column-is-layout-flow\">\n\n\t\t\t\n\t\t\t<figure class=\"wp-block-image size-full\" style=\"margin-bottom:24px\">\n\t\t\t\t<img decoding=\"async\" src=\"https:\/\/images.unsplash.com\/photo-1544033527-b192daee1f5b?crop=entropy&#038;cs=tinysrgb&#038;fit=max&#038;fm=jpg&#038;ixid=M3w0MjczNjh8MHwxfHNlYXJjaHwxfHx3ZWlnaHRzfGVufDB8MHx8fDE3NzMxNjg3NTB8MA&#038;ixlib=rb-4.1.0&#038;q=80&#038;w=1080\" alt=\"Imagen para servicio\" style=\"aspect-ratio:4\/3;object-fit:cover\"\/>\n\t\t\t<\/figure>\n\t\t\t\n\n\t\t\t\n\t\t\t<p class=\"has-accent-3-color has-text-color\" style=\"margin-bottom:8px;font-size:0.85rem;font-weight:600;letter-spacing:2px;text-transform:uppercase\">ENTRENADORES CERTIFICADOS<\/p>\n\t\t\t\n\n\t\t\t\n\t\t\t<h3 class=\"wp-block-heading\">Asesor\u00eda profesional para todos<\/h3>\n\t\t\t\n\n\t\t\t\n\t\t\t<p class=\"has-medium-font-size\">Contamos con personal altamente capacitado para guiarte en tus objetivos de fitness.<\/p>\n\t\t\t\n\t\t<\/div>\n\t\t\n\n\t\t\n\t\t<div class=\"wp-block-column is-layout-flow wp-block-column-is-layout-flow\">\n\t\t\t\n\t\t\t<figure class=\"wp-block-image size-full\" style=\"margin-bottom:24px\">\n\t\t\t\t<img decoding=\"async\" src=\"https:\/\/images.unsplash.com\/photo-1646239646963-b0b9be56d6b5?crop=entropy&#038;cs=tinysrgb&#038;fit=max&#038;fm=jpg&#038;ixid=M3w0MjczNjh8MHwxfHNlYXJjaHwxfHx5b2dhJTIwbWF0fGVufDB8MHx8fDE3NzMxNjg3NTB8MA&#038;ixlib=rb-4.1.0&#038;q=80&#038;w=1080\" alt=\"Imagen para servicio\" style=\"aspect-ratio:4\/3;object-fit:cover\"\/>\n\t\t\t<\/figure>\n\t\t\t\n\n\t\t\t\n\t\t\t<p class=\"has-accent-3-color has-text-color\" style=\"margin-bottom:8px;font-size:0.85rem;font-weight:600;letter-spacing:2px;text-transform:uppercase\">PROGRAMAS PERSONALIZADOS<\/p>\n\t\t\t\n\n\t\t\t\n\t\t\t<h3 class=\"wp-block-heading\">Entrenamientos adaptados a ti<\/h3>\n\t\t\t\n\n\t\t\t\n\t\t\t<p class=\"has-medium-font-size\">Dise\u00f1amos planes de entrenamiento y nutrici\u00f3n que se ajustan a tus necesidades individuales.<\/p>\n\t\t\t\n\t\t<\/div>\n\t\t\n\n\t\t\n\t\t<div class=\"wp-block-column is-layout-flow wp-block-column-is-layout-flow\">\n\t\t\t\n\t\t\t<figure class=\"wp-block-image size-full\" style=\"margin-bottom:24px\">\n\t\t\t\t<img decoding=\"async\" src=\"https:\/\/images.unsplash.com\/photo-1523362628745-0c100150b504?crop=entropy&#038;cs=tinysrgb&#038;fit=max&#038;fm=jpg&#038;ixid=M3w0MjczNjh8MHwxfHNlYXJjaHwxfHx3YXRlciUyMGJvdHRsZXxlbnwwfDB8fHwxNzczMTY4NzUwfDA&#038;ixlib=rb-4.1.0&#038;q=80&#038;w=1080\" alt=\"Imagen para servicio\" style=\"aspect-ratio:4\/3;object-fit:cover\"\/>\n\t\t\t<\/figure>\n\t\t\t\n\n\t\t\t\n\t\t\t<p class=\"has-accent-3-color has-text-color\" style=\"margin-bottom:8px;font-size:0.85rem;font-weight:600;letter-spacing:2px;text-transform:uppercase\">AMBIENTE FAMILIAR<\/p>\n\t\t\t\n\n\t\t\t\n\t\t\t<h3 class=\"wp-block-heading\">Un espacio para todos<\/h3>\n\t\t\t\n\n\t\t\t\n\t\t\t<p class=\"has-medium-font-size\">Nuestro gimnasio es un lugar inclusivo para todas las edades, desde adolescentes hasta adultos mayores.<\/p>\n\t\t\t\n\t\t<\/div>\n\t\t\n\t<\/div>\n\t\n<\/div>\n\n\n\n\n<div class=\"wp-block-group alignfull is-style-section-2 has-global-padding is-layout-constrained wp-block-group-is-layout-constrained is-style-section-2--1\" style=\"margin-top:0;margin-bottom:0;padding-top:var(--wp--preset--spacing--50);padding-bottom:var(--wp--preset--spacing--50)\">\n\t\n\t<div class=\"wp-block-columns alignwide is-layout-flex wp-container-core-columns-is-layout-7ee84d44 wp-block-columns-is-layout-flex\">\n\t\t\n\t\t<div class=\"wp-block-column is-vertically-aligned-center is-layout-flow wp-block-column-is-layout-flow\" style=\"flex-basis:50%\">\n\t\t\t\n\t\t\t<h2 class=\"wp-block-heading has-contrast-color has-text-color\">\n\t\t\t\tServicios que ofrecemos\n\t\t\t<\/h2>\n\t\t\t\n\t\t\t\n\t\t\t<p class=\"has-contrast-color has-text-color has-medium-font-size\">En Aliik, ofrecemos una variedad de servicios que incluyen entrenamientos personalizados, clases grupales, y asesor\u00eda nutricional. Nuestro objetivo es promover un estilo de vida saludable y activo para toda la familia.<\/p>\n\t\t\t\n\t\t<\/div>\n\t\t\n\n\t\t\n\t\t<div class=\"wp-block-column is-vertically-aligned-center is-layout-flow wp-block-column-is-layout-flow\" style=\"flex-basis:50%\">\n\t\t\t\n\t\t\t<figure class=\"wp-block-image size-full\">\n\t\t\t\t<img decoding=\"async\" src=\"https:\/\/images.pexels.com\/photos\/33846716\/pexels-photo-33846716.jpeg?auto=compress&#038;cs=tinysrgb&#038;h=650&#038;w=940\" alt=\"Imagen de servicio\" style=\"aspect-ratio:1;object-fit:cover\"\/>\n\t\t\t<\/figure>\n\t\t\t\n\t\t<\/div>\n\t\t\n\t<\/div>\n\t\n<\/div>\n\n\n\n\n\n<div class=\"wp-block-group alignfull has-global-padding is-layout-constrained wp-block-group-is-layout-constrained\" style=\"margin-top:0;margin-bottom:0;padding-top:var(--wp--preset--spacing--60);padding-bottom:var(--wp--preset--spacing--60)\">\n\t\n\t<div class=\"wp-block-columns alignwide is-layout-flex wp-container-core-columns-is-layout-714d85e9 wp-block-columns-is-layout-flex\">\n\t\t\n\t\t<div class=\"wp-block-column is-layout-flow wp-block-column-is-layout-flow\">\n\t\t\t\n\t\t\t<div class=\"wp-block-columns is-layout-flex wp-container-core-columns-is-layout-08c01c1c wp-block-columns-is-layout-flex\">\n\t\t\t\t\n\t\t\t\t<div class=\"wp-block-column is-layout-flow wp-block-column-is-layout-flow\" style=\"flex-basis:64px\">\n\t\t\t\t\t\n\t\t\t\t\t<figure class=\"wp-block-image size-large is-resized is-style-rounded\"><img decoding=\"async\" src=\"https:\/\/tevienlinea.mx\/wp-content\/themes\/twentytwentyfive\/assets\/images\/nurse.webp\" alt=\"Foto de cliente\" style=\"aspect-ratio:1;object-fit:cover;width:64px\"\/><\/figure>\n\t\t\t\t\t\n\t\t\t\t<\/div>\n\t\t\t\t\n\n\t\t\t\t\n\t\t\t\t<div class=\"wp-block-column is-layout-flow wp-block-column-is-layout-flow\">\n\t\t\t\t\t\n\t\t\t\t\t<blockquote class=\"wp-block-quote is-style-plain has-x-large-font-size is-layout-flow wp-container-core-quote-is-layout-119bc444 wp-block-quote-is-layout-flow is-style-plain--2\" style=\"font-style:normal;font-weight:400\">\n\t\t\t\t\t\t\n\t\t\t\t\t\t<p style=\"line-height:1.1\">\u00abMe encanta entrenar en Aliik. Los entrenadores son muy profesionales y siempre est\u00e1n dispuestos a ayudarte. He visto una gran mejora en mi salud y condici\u00f3n f\u00edsica. \u00a1Recomiendo este lugar a cualquier persona que busque un gimnasio amigable y efectivo!\u00bb<\/p>\n\t\t\t\t\t\t\n\t\t\t\t\t\t<cite>Mar\u00eda L\u00f3pez <br \/><sub>Barcelona Fitness Club<\/sub><\/cite>\n\t\t\t\t\t<\/blockquote>\n\t\t\t\t\t\n\t\t\t\t<\/div>\n\t\t\t\t\n\t\t\t<\/div>\n\t\t\t\n\t\t<\/div>\n\t\t\n\t<\/div>\n\t\n<\/div>\n\n\n\n\n\n<div class=\"wp-block-group alignfull is-style-section-3 has-base-color has-text-color has-global-padding is-layout-constrained wp-block-group-is-layout-constrained is-style-section-3--3\" style=\"margin-top:0;margin-bottom:0;padding-top:var(--wp--preset--spacing--60);padding-bottom:var(--wp--preset--spacing--60)\">\n\t\n\t<div class=\"wp-block-columns alignwide is-layout-flex wp-container-core-columns-is-layout-643ced6b wp-block-columns-is-layout-flex\">\n\t\t\n\t\t<div class=\"wp-block-column is-layout-flow wp-block-column-is-layout-flow\" style=\"flex-basis:40%\">\n\t\t\t\n\t\t\t<figure class=\"wp-block-image size-large\">\n\t\t\t\t<img decoding=\"async\" src=\"https:\/\/images.unsplash.com\/photo-1655199798153-a8f56d8655d2?crop=entropy&#038;cs=tinysrgb&#038;fit=max&#038;fm=jpg&#038;ixid=M3w0MjczNjh8MHwxfHNlYXJjaHwyfHxmYWNlYm9va3xlbnwwfDB8fHwxNzczMTY4OTI4fDA&#038;ixlib=rb-4.1.0&#038;q=80&#038;w=1080\" alt=\"Redes Sociales\"\/>\n\t\t\t<\/figure>\n\t\t\t\n\t\t<\/div>\n\t\t\n\n\t\t\n\t\t<div class=\"wp-block-column is-vertically-aligned-center is-layout-flow wp-container-core-column-is-layout-119bc444 wp-block-column-is-layout-flow\" style=\"flex-basis:60%\">\n\t\t\t\n\t\t\t<h2 class=\"wp-block-heading has-base-color has-text-color has-xx-large-font-size\">Nuestras Redes Sociales<\/h2>\n\t\t\t\n\n\t\t\t\n\t\t\t<p class=\"has-base-color has-text-color\">S\u00edguenos y conoce nuestras ofertas, novedades y promociones.<\/p>\n\t\t\t\n\n\t\t\t\n\t\t\t<div class=\"wp-block-group is-vertical is-layout-flex wp-container-core-group-is-layout-41e20069 wp-block-group-is-layout-flex\">\n\n\t\t\t\t\n\t\t\t\t<h3 class=\"wp-block-heading has-base-color has-text-color has-small-font-size\" style=\"font-style:normal;font-weight:600;letter-spacing:1px;text-transform:uppercase\">S\u00edguenos en tu plataforma favorita<\/h3>\n\t\t\t\t\n\n\t\t\t\t\n\t\t\t\t<div class=\"wp-block-group is-layout-flex wp-block-group-is-layout-flex\">\n\t\t\t\t\n\t\t\t\t<p class=\"is-style-text-annotation has-base-color has-text-color is-style-text-annotation--4\"><a href=\"https:\/\/www.facebook.com\/MayartKids\" target=\"_blank\" rel=\"noopener\">Facebook<\/a><\/p>\n\t\t\t\t\n\n\t\t\t\t<\/div>\n\t\t\t\t\n\n\t\t\t<\/div>\n\t\t\t\n\n\t\t<\/div>\n\t\t\n\t<\/div>\n\t\n<\/div>\n\n\n\n\n\n<div class=\"wp-block-group alignfull has-global-padding is-layout-constrained wp-block-group-is-layout-constrained\" style=\"margin-top:0;margin-bottom:0;padding-top:var(--wp--preset--spacing--60);padding-bottom:var(--wp--preset--spacing--60)\">\n    \n    <h2 class=\"wp-block-heading alignwide has-text-align-center has-x-large-font-size\">Nuestro proceso<\/h2>\n    \n\n    \n    <div class=\"wp-block-columns alignwide is-layout-flex wp-container-core-columns-is-layout-ee5d7bc4 wp-block-columns-is-layout-flex\" style=\"margin-top:var(--wp--preset--spacing--50)\">\n\n        \n        <div class=\"wp-block-column is-layout-flow wp-block-column-is-layout-flow\">\n            \n            <figure class=\"wp-block-image size-full\" style=\"margin-bottom:24px\">\n                <img decoding=\"async\" src=\"https:\/\/images.unsplash.com\/photo-1631540697666-8e10f3108722?crop=entropy&#038;cs=tinysrgb&#038;fit=max&#038;fm=jpg&#038;ixid=M3w0MjczNjh8MHwxfHNlYXJjaHwxfHxwZXJzb24lMjBmaWxsaW5nJTIwZm9ybXxlbnwwfDB8fHwxNzczMTY4NzUyfDA&#038;ixlib=rb-4.1.0&#038;q=80&#038;w=1080\" alt=\"Paso 1\" style=\"aspect-ratio:4\/3;object-fit:cover\"\/>\n            <\/figure>\n            \n\n            \n            <h3 class=\"wp-block-heading has-accent-3-color has-text-color\" style=\"margin-bottom:16px;font-size:clamp(1.976rem, 1.976rem + ((1vw - 0.2rem) * 2.391), 3.5rem);font-weight:700;line-height:1\">1<\/h3>\n            \n\n            \n            <h4 class=\"wp-block-heading has-medium-font-size\">Paso 1: Evaluaci\u00f3n Inicial<\/h4>\n            \n\n            \n            <p class=\"has-medium-font-size\">Conoce tus metas y necesidades a trav\u00e9s de una consulta personalizada.<\/p>\n            \n        <\/div>\n        \n        \n        <div class=\"wp-block-column is-layout-flow wp-block-column-is-layout-flow\">\n            \n            <figure class=\"wp-block-image size-full\" style=\"margin-bottom:24px\">\n                <img decoding=\"async\" src=\"https:\/\/images.unsplash.com\/photo-1762769334319-e4b5124d8204?crop=entropy&#038;cs=tinysrgb&#038;fit=max&#038;fm=jpg&#038;ixid=M3w0MjczNjh8MHwxfHNlYXJjaHwxfHxncm91cCUyMHRyYWluaW5nJTIwc2Vzc2lvbnxlbnwwfDB8fHwxNzczMTY4NzUyfDA&#038;ixlib=rb-4.1.0&#038;q=80&#038;w=1080\" alt=\"Paso 2\" style=\"aspect-ratio:4\/3;object-fit:cover\"\/>\n            <\/figure>\n            \n\n            \n            <h3 class=\"wp-block-heading has-accent-3-color has-text-color\" style=\"margin-bottom:16px;font-size:clamp(1.976rem, 1.976rem + ((1vw - 0.2rem) * 2.391), 3.5rem);font-weight:700;line-height:1\">2<\/h3>\n            \n\n            \n            <h4 class=\"wp-block-heading has-medium-font-size\">Paso 2: Planificaci\u00f3n<\/h4>\n            \n\n            \n            <p class=\"has-medium-font-size\">Dise\u00f1amos un plan de entrenamiento y nutrici\u00f3n adecuado para ti.<\/p>\n            \n        <\/div>\n        \n        \n        <div class=\"wp-block-column is-layout-flow wp-block-column-is-layout-flow\">\n            \n            <figure class=\"wp-block-image size-full\" style=\"margin-bottom:24px\">\n                <img decoding=\"async\" src=\"https:\/\/images.unsplash.com\/photo-1758521959295-38ef00565e7c?crop=entropy&#038;cs=tinysrgb&#038;fit=max&#038;fm=jpg&#038;ixid=M3w0MjczNjh8MHwxfHNlYXJjaHwxfHxwZXJzb24lMjBhY2hpZXZpbmclMjBmaXRuZXNzJTIwZ29hbHN8ZW58MHwwfHx8MTc3MzE2ODc1M3ww&#038;ixlib=rb-4.1.0&#038;q=80&#038;w=1080\" alt=\"Paso 3\" style=\"aspect-ratio:4\/3;object-fit:cover\"\/>\n            <\/figure>\n            \n\n            \n            <h3 class=\"wp-block-heading has-accent-3-color has-text-color\" style=\"margin-bottom:16px;font-size:clamp(1.976rem, 1.976rem + ((1vw - 0.2rem) * 2.391), 3.5rem);font-weight:700;line-height:1\">3<\/h3>\n            \n\n            \n            <h4 class=\"wp-block-heading has-medium-font-size\">Paso 3: Ejecuci\u00f3n<\/h4>\n            \n\n            \n            <p class=\"has-medium-font-size\">Comienza tu camino hacia un estilo de vida saludable con el apoyo de nuestros entrenadores.<\/p>\n            \n        <\/div>\n        \n    <\/div>\n    \n<\/div>\n\n\n\n\n\n<div class=\"wp-block-group alignfull has-global-padding is-layout-constrained wp-block-group-is-layout-constrained\" style=\"margin-top:0;margin-bottom:0\">\n    \n    <div class=\"wp-block-group alignwide is-layout-flow wp-container-core-group-is-layout-d58a0413 wp-block-group-is-layout-flow\" style=\"padding-top:var(--wp--preset--spacing--50);padding-bottom:var(--wp--preset--spacing--50)\">\n        \n        <h2 class=\"wp-block-heading has-x-large-font-size\">Preguntas frecuentes<\/h2>\n        \n\n        \n        <div class=\"wp-block-columns is-layout-flex wp-container-core-columns-is-layout-28f84493 wp-block-columns-is-layout-flex\">\n            \n            <div class=\"wp-block-column is-layout-flow wp-block-column-is-layout-flow\">\n\n                \n                <div class=\"wp-block-group is-layout-flow wp-block-group-is-layout-flow\" style=\"border-top-color:var(--wp--preset--color--accent-6);border-top-width:1px;padding-top:var(--wp--preset--spacing--30);padding-bottom:var(--wp--preset--spacing--30)\">\n                    \n                    <h3 class=\"wp-block-heading\">\u00bfCu\u00e1nto tiempo toma la implementaci\u00f3n de un plan?<\/h3>\n                    \n\n                    \n                    <p>Normalmente, el proceso inicial toma entre 1 y 2 semanas.<\/p>\n                    \n                <\/div>\n                \n                \n                <div class=\"wp-block-group is-layout-flow wp-block-group-is-layout-flow\" style=\"border-top-color:var(--wp--preset--color--accent-6);border-top-width:1px;padding-top:var(--wp--preset--spacing--30);padding-bottom:var(--wp--preset--spacing--30)\">\n                    \n                    <h3 class=\"wp-block-heading\">\u00bfCu\u00e1nto cuesta la membres\u00eda del gimnasio?<\/h3>\n                    \n\n                    \n                    <p>Las tarifas de membres\u00eda var\u00edan, pero ofrecemos planes asequibles desde 30\u20ac al mes.<\/p>\n                    \n                <\/div>\n                \n                \n                <div class=\"wp-block-group is-layout-flow wp-block-group-is-layout-flow\" style=\"border-top-color:var(--wp--preset--color--accent-6);border-top-width:1px;padding-top:var(--wp--preset--spacing--30);padding-bottom:var(--wp--preset--spacing--30)\">\n                    \n                    <h3 class=\"wp-block-heading\">\u00bfPuedo cancelar mi suscripci\u00f3n en cualquier momento?<\/h3>\n                    \n\n                    \n                    <p>S\u00ed, ofrecemos opciones flexibles de cancelaci\u00f3n con un aviso de 30 d\u00edas.<\/p>\n                    \n                <\/div>\n                \n            <\/div>\n            \n\n            \n            <div class=\"wp-block-column is-layout-flow wp-block-column-is-layout-flow\">\n\n                \n                <div class=\"wp-block-group is-layout-flow wp-block-group-is-layout-flow\" style=\"border-top-color:var(--wp--preset--color--accent-6);border-top-width:1px;padding-top:var(--wp--preset--spacing--30);padding-bottom:var(--wp--preset--spacing--30)\">\n                    \n                    <h3 class=\"wp-block-heading\">\u00bfQu\u00e9 tipo de soporte ofrecen si tengo dudas?<\/h3>\n                    \n\n                    \n                    <p>Nuestro equipo est\u00e1 disponible para atender tus inquietudes mediante correo y al hablar en persona.<\/p>\n                    \n                <\/div>\n                \n                \n                <div class=\"wp-block-group is-layout-flow wp-block-group-is-layout-flow\" style=\"border-top-color:var(--wp--preset--color--accent-6);border-top-width:1px;padding-top:var(--wp--preset--spacing--30);padding-bottom:var(--wp--preset--spacing--30)\">\n                    \n                    <h3 class=\"wp-block-heading\">\u00bfSus datos est\u00e1n protegidos en su plataforma?<\/h3>\n                    \n\n                    \n                    <p>S\u00ed, tomamos muy en serio la privacidad y aseguramos la protecci\u00f3n de tus datos.<\/p>\n                    \n                <\/div>\n                \n                \n                <div class=\"wp-block-group is-layout-flow wp-block-group-is-layout-flow\" style=\"border-top-color:var(--wp--preset--color--accent-6);border-top-width:1px;padding-top:var(--wp--preset--spacing--30);padding-bottom:var(--wp--preset--spacing--30)\">\n                    \n                    <h3 class=\"wp-block-heading\">\u00bfNecesito un equipo especial para comenzar?<\/h3>\n                    \n\n                    \n                    <p>No es necesario. Solo trae ropa c\u00f3moda y las ganas de mejorar.<\/p>\n                    \n                <\/div>\n                \n            <\/div>\n            \n        <\/div>\n        \n    <\/div>\n    \n<\/div>\n\n\n\n\n\n<div class=\"wp-block-group alignfull has-base-color has-accent-3-background-color has-text-color has-background has-link-color wp-elements-74182efcc0c688e10271ca4216fa8338 has-global-padding is-layout-constrained wp-block-group-is-layout-constrained\" style=\"margin-top:0;margin-bottom:0;padding-top:var(--wp--preset--spacing--70);padding-bottom:var(--wp--preset--spacing--70)\">\n    \n    <h2 class=\"wp-block-heading has-text-align-center has-xx-large-font-size\">\u00a1\u00danete a Aliik y transforma tu vida!<\/h2>\n    \n\n    \n    <p class=\"has-text-align-center has-medium-font-size\" style=\"margin-top:var(--wp--preset--spacing--40)\">M\u00e1s de 500 miembros ya han iniciado su camino hacia la felicidad y salud<\/p>\n    \n<\/div>\n\n\n\n","protected":false},"excerpt":{"rendered":"<p>\u00bfPor qu\u00e9 elegirnos? ENTRENADORES CERTIFICADOS Asesor\u00eda profesional para todos Contamos con personal altamente capacitado para guiarte en tus objetivos de fitness. PROGRAMAS PERSONALIZADOS Entrenamientos adaptados a ti Dise\u00f1amos planes de entrenamiento y nutrici\u00f3n que se ajustan a tus necesidades individuales. AMBIENTE FAMILIAR Un espacio para todos Nuestro gimnasio es un lugar inclusivo para todas las [&hellip;]<\/p>\n","protected":false},"author":1,"featured_media":0,"parent":0,"menu_order":0,"comment_status":"closed","ping_status":"closed","template":"","meta":{"footnotes":""},"class_list":["post-5","page","type-page","status-publish","hentry"],"_links":{"self":[{"href":"https:\/\/tevienlinea.mx\/aliik-gym-fitness-behqt\/wp-json\/wp\/v2\/pages\/5","targetHints":{"allow":["GET"]}}],"collection":[{"href":"https:\/\/tevienlinea.mx\/aliik-gym-fitness-behqt\/wp-json\/wp\/v2\/pages"}],"about":[{"href":"https:\/\/tevienlinea.mx\/aliik-gym-fitness-behqt\/wp-json\/wp\/v2\/types\/page"}],"author":[{"embeddable":true,"href":"https:\/\/tevienlinea.mx\/aliik-gym-fitness-behqt\/wp-json\/wp\/v2\/users\/1"}],"replies":[{"embeddable":true,"href":"https:\/\/tevienlinea.mx\/aliik-gym-fitness-behqt\/wp-json\/wp\/v2\/comments?post=5"}],"version-history":[{"count":0,"href":"https:\/\/tevienlinea.mx\/aliik-gym-fitness-behqt\/wp-json\/wp\/v2\/pages\/5\/revisions"}],"wp:attachment":[{"href":"https:\/\/tevienlinea.mx\/aliik-gym-fitness-behqt\/wp-json\/wp\/v2\/media?parent=5"}],"curies":[{"name":"wp","href":"https:\/\/api.w.org\/{rel}","templated":true}]}}