{"id":7,"date":"2025-12-03T23:27:09","date_gmt":"2025-12-03T22:27:09","guid":{"rendered":"https:\/\/tevienlinea.mx\/castillo-barakah-medieval-castle-o3e5t\/nuestros-servicios\/"},"modified":"2025-12-03T23:27:09","modified_gmt":"2025-12-03T22:27:09","slug":"nuestros-servicios","status":"publish","type":"page","link":"https:\/\/tevienlinea.mx\/castillo-barakah-medieval-castle-o3e5t\/nuestros-servicios\/","title":{"rendered":"Nuestros Servicios"},"content":{"rendered":"\n<div class=\"wp-block-group has-global-padding is-layout-constrained wp-container-core-group-is-layout-d0a2af45 wp-block-group-is-layout-constrained\" style='padding-top:5rem; padding-bottom:3rem; padding-left:1.5rem; padding-right:1.5rem; background: linear-gradient(135deg, #3C3F4F 0%, #D3C6B2 100%);'>\n    <div style='text-align: center; color: white;'>\n        <h1 style='font-size: 3rem; font-weight: 800; margin-bottom: 1rem;'>Nuestros Servicios<\/h1>\n        <p style='font-size: 1.3rem; opacity: 0.95;'>Creando experiencias inolvidables en un entorno medieval \u00fanico y m\u00e1gico.<\/p>\n    <\/div>\n<\/div>\n\n\n\n<div class=\"wp-block-group has-global-padding is-layout-constrained wp-container-core-group-is-layout-194ed6b0 wp-block-group-is-layout-constrained\" style='padding-top:3rem; padding-bottom:3rem; padding-left:1.5rem; padding-right:1.5rem; background: white;'>\n    <div style='display: flex; gap: 3rem; align-items: center; flex-wrap: wrap; '>\n        \n        <div style='flex: 1; min-width: 300px;'>\n            <h3 style='font-size: 2rem; font-weight: 700; color: #3C3F4F; margin-bottom: 1rem;'>Restaurante Tem\u00e1tico Medieval<\/h3>\n            <p style='font-size: 1.1rem; line-height: 1.8; color: #666; margin-bottom: 1rem;'>Disfruta de un men\u00fa exclusivo inspirado en la gastronom\u00eda medieval, rodeado de un ambiente aut\u00e9ntico.<\/p>\n            <ul style=\"list-style: none; padding: 0; margin-top: 1.5rem;\"><li style='margin-bottom: 0.8rem; color: #555; font-size: 1.05rem;'>\u2713 Platos elaborados con recetas tradicionales.<\/li><li style='margin-bottom: 0.8rem; color: #555; font-size: 1.05rem;'>\u2713 Ambientaci\u00f3n con decoraci\u00f3n medieval aut\u00e9ntica.<\/li><li style='margin-bottom: 0.8rem; color: #555; font-size: 1.05rem;'>\u2713 Opciones vegetarianas y veganas disponibles.<\/li><\/ul>\n        <\/div>\n    <\/div>\n<\/div>\n\n\n\n<div class=\"wp-block-group has-global-padding is-layout-constrained wp-container-core-group-is-layout-194ed6b0 wp-block-group-is-layout-constrained\" style='padding-top:3rem; padding-bottom:3rem; padding-left:1.5rem; padding-right:1.5rem; background: #f8f9fa;'>\n    <div style='display: flex; gap: 3rem; align-items: center; flex-wrap: wrap; flex-direction: row-reverse;'>\n        \n        <div style='flex: 1; min-width: 300px;'>\n            <h3 style='font-size: 2rem; font-weight: 700; color: #3C3F4F; margin-bottom: 1rem;'>Eventos y Celebraciones<\/h3>\n            <p style='font-size: 1.1rem; line-height: 1.8; color: #666; margin-bottom: 1rem;'>Organiza tus eventos especiales en un contexto m\u00e1gico que tus invitados recordar\u00e1n para siempre.<\/p>\n            <ul style=\"list-style: none; padding: 0; margin-top: 1.5rem;\"><li style='margin-bottom: 0.8rem; color: #555; font-size: 1.05rem;'>\u2713 Salones privados adaptables para cualquier ocasi\u00f3n.<\/li><li style='margin-bottom: 0.8rem; color: #555; font-size: 1.05rem;'>\u2713 Servicio de catering personalizado y atenci\u00f3n a medida.<\/li><li style='margin-bottom: 0.8rem; color: #555; font-size: 1.05rem;'>\u2713 Opciones de decoraci\u00f3n tem\u00e1tica seg\u00fan la festividad.<\/li><\/ul>\n        <\/div>\n    <\/div>\n<\/div>\n\n\n\n<div class=\"wp-block-group has-global-padding is-layout-constrained wp-container-core-group-is-layout-194ed6b0 wp-block-group-is-layout-constrained\" style='padding-top:3rem; padding-bottom:3rem; padding-left:1.5rem; padding-right:1.5rem; background: white;'>\n    <div style='display: flex; gap: 3rem; align-items: center; flex-wrap: wrap; '>\n        \n        <div style='flex: 1; min-width: 300px;'>\n            <h3 style='font-size: 2rem; font-weight: 700; color: #3C3F4F; margin-bottom: 1rem;'>Espect\u00e1culos y Animaci\u00f3n<\/h3>\n            <p style='font-size: 1.1rem; line-height: 1.8; color: #666; margin-bottom: 1rem;'>Vive momentos emocionantes con nuestros espect\u00e1culos en vivo y entretenimiento medieval.<\/p>\n            <ul style=\"list-style: none; padding: 0; margin-top: 1.5rem;\"><li style='margin-bottom: 0.8rem; color: #555; font-size: 1.05rem;'>\u2713 Trovadores y actores en vestimenta medieval.<\/li><li style='margin-bottom: 0.8rem; color: #555; font-size: 1.05rem;'>\u2713 Demostraciones de habilidades y combates de espadas.<\/li><li style='margin-bottom: 0.8rem; color: #555; font-size: 1.05rem;'>\u2713 Participaci\u00f3n activa del p\u00fablico para una experiencia inmersiva.<\/li><\/ul>\n        <\/div>\n    <\/div>\n<\/div>\n\n\n\n<div class=\"wp-block-group has-global-padding is-layout-constrained wp-container-core-group-is-layout-194ed6b0 wp-block-group-is-layout-constrained\" style='padding-top:3rem; padding-bottom:3rem; padding-left:1.5rem; padding-right:1.5rem; background: #f8f9fa;'>\n    <div style='display: flex; gap: 3rem; align-items: center; flex-wrap: wrap; flex-direction: row-reverse;'>\n        \n        <div style='flex: 1; min-width: 300px;'>\n            <h3 style='font-size: 2rem; font-weight: 700; color: #3C3F4F; margin-bottom: 1rem;'>Paquetes Especiales<\/h3>\n            <p style='font-size: 1.1rem; line-height: 1.8; color: #666; margin-bottom: 1rem;'>Ofrecemos paquetes \u00fanicos que combinan gastronom\u00eda, eventos y entretenimiento para un d\u00eda inolvidable.<\/p>\n            <ul style=\"list-style: none; padding: 0; margin-top: 1.5rem;\"><li style='margin-bottom: 0.8rem; color: #555; font-size: 1.05rem;'>\u2713 Incluyen cena, espect\u00e1culo y recuerdos personalizados.<\/li><li style='margin-bottom: 0.8rem; color: #555; font-size: 1.05rem;'>\u2713 Descuentos para grupos y reservas anticipadas.<\/li><li style='margin-bottom: 0.8rem; color: #555; font-size: 1.05rem;'>\u2713 Opciones tem\u00e1ticas para cumplea\u00f1os, aniversarios y m\u00e1s.<\/li><\/ul>\n        <\/div>\n    <\/div>\n<\/div>\n\n\n\n<div class=\"wp-block-group has-global-padding is-layout-constrained wp-container-core-group-is-layout-b8bb7311 wp-block-group-is-layout-constrained\" style='padding-top:4rem; padding-bottom:4rem; padding-left:1.5rem; padding-right:1.5rem; background: #3C3F4F;'>\n    <div style='text-align: center; color: white;'>\n        <h2 style='font-size: 2.5rem; font-weight: 800;'>\u00bfListo para crear recuerdos inolvidables? Cont\u00e1ctanos hoy mismo.<\/h2>\n    <\/div>\n<\/div>\n","protected":false},"excerpt":{"rendered":"<p>Nuestros Servicios Creando experiencias inolvidables en un entorno medieval \u00fanico y m\u00e1gico. Restaurante Tem\u00e1tico Medieval Disfruta de un men\u00fa exclusivo inspirado en la gastronom\u00eda medieval, rodeado de un ambiente aut\u00e9ntico. \u2713 Platos elaborados con recetas tradicionales. \u2713 Ambientaci\u00f3n con decoraci\u00f3n medieval aut\u00e9ntica. \u2713 Opciones vegetarianas y veganas disponibles. Eventos y Celebraciones Organiza tus eventos especiales [&hellip;]<\/p>\n","protected":false},"author":1,"featured_media":0,"parent":0,"menu_order":0,"comment_status":"closed","ping_status":"closed","template":"","meta":{"footnotes":""},"class_list":["post-7","page","type-page","status-publish","hentry"],"_links":{"self":[{"href":"https:\/\/tevienlinea.mx\/castillo-barakah-medieval-castle-o3e5t\/wp-json\/wp\/v2\/pages\/7","targetHints":{"allow":["GET"]}}],"collection":[{"href":"https:\/\/tevienlinea.mx\/castillo-barakah-medieval-castle-o3e5t\/wp-json\/wp\/v2\/pages"}],"about":[{"href":"https:\/\/tevienlinea.mx\/castillo-barakah-medieval-castle-o3e5t\/wp-json\/wp\/v2\/types\/page"}],"author":[{"embeddable":true,"href":"https:\/\/tevienlinea.mx\/castillo-barakah-medieval-castle-o3e5t\/wp-json\/wp\/v2\/users\/1"}],"replies":[{"embeddable":true,"href":"https:\/\/tevienlinea.mx\/castillo-barakah-medieval-castle-o3e5t\/wp-json\/wp\/v2\/comments?post=7"}],"version-history":[{"count":0,"href":"https:\/\/tevienlinea.mx\/castillo-barakah-medieval-castle-o3e5t\/wp-json\/wp\/v2\/pages\/7\/revisions"}],"wp:attachment":[{"href":"https:\/\/tevienlinea.mx\/castillo-barakah-medieval-castle-o3e5t\/wp-json\/wp\/v2\/media?parent=7"}],"curies":[{"name":"wp","href":"https:\/\/api.w.org\/{rel}","templated":true}]}}