{"id":6,"date":"2025-12-10T18:50:35","date_gmt":"2025-12-10T17:50:35","guid":{"rendered":"https:\/\/tevienlinea.mx\/chocolate-bienestar-chocolate-store-qfsaj\/inicio\/"},"modified":"2025-12-10T18:50:35","modified_gmt":"2025-12-10T17:50:35","slug":"inicio","status":"publish","type":"page","link":"https:\/\/tevienlinea.mx\/chocolate-bienestar-chocolate-store-qfsaj\/","title":{"rendered":"Inicio"},"content":{"rendered":"\n\n<div class=\"wp-block-cover alignfull has-custom-content-position is-position-bottom-center\" style=\"margin-top:0;margin-bottom:0;padding-top:var(--wp--preset--spacing--50);padding-right:var(--wp--preset--spacing--50);padding-bottom:var(--wp--preset--spacing--50);padding-left:var(--wp--preset--spacing--50);min-height:840px;aspect-ratio:unset;\">\n\t<span aria-hidden=\"true\" class=\"wp-block-cover__background has-background-dim-40 has-background-dim\"><\/span>\n\t<img decoding=\"async\" class=\"wp-block-cover__image-background\" alt=\"Banner image\" src=\"https:\/\/storage.googleapis.com\/chatbot-7e554.firebasestorage.app\/company\/18\/website-images\/hero-9a4faf8b-1835-4f8b-b60d-d5e87cbe1cde.jpg\" style=\"object-position:50% 95%\" data-object-fit=\"cover\" data-object-position=\"50% 95%\"\/>\n\t<div class=\"wp-block-cover__inner-container has-global-padding is-layout-constrained wp-container-core-cover-is-layout-d89aad35 wp-block-cover-is-layout-constrained\">\n\t\t\n\t\t<div class=\"wp-block-group alignwide has-global-padding is-content-justification-left is-layout-constrained wp-container-core-group-is-layout-12dd3699 wp-block-group-is-layout-constrained\">\n\t\t\t\n\t\t\t<h2 class=\"wp-block-heading has-text-align-left has-xx-large-font-size\">El sabor aut\u00e9ntico chocolate a tu alcance<\/h2>\n\t\t\t\n\n\t\t\t\n\t\t\t<p>Descubre nuestra variedad de chocolates en polvo y barra, especialmente formulados para disfrutar en cada momento del d\u00eda. Calidad y sabor al mejor precio.<\/p>\n\t\t\t\n\n\t\t<\/div>\n\t\t\n\t<\/div>\n<\/div>\n\n\n\n\n<div class=\"wp-block-group alignfull has-global-padding is-layout-constrained wp-container-core-group-is-layout-ebee8dc1 wp-block-group-is-layout-constrained\" style=\"margin-top:0;margin-bottom:0;padding-top:var(--wp--preset--spacing--50);padding-bottom:var(--wp--preset--spacing--50)\">\n\t\n\t<h2 class=\"wp-block-heading alignwide\">\u00bfPor qu\u00e9 elegirnos?<\/h2>\n\t\n\n\t\n\t<div class=\"wp-block-columns alignwide is-layout-flex wp-container-core-columns-is-layout-28f84493 wp-block-columns-is-layout-flex\">\n\t\t\n\t\t<div class=\"wp-block-column is-layout-flow wp-block-column-is-layout-flow\">\n\n\t\t\t\n\t\t\t<figure class=\"wp-block-image size-full\" style=\"margin-bottom:24px\">\n\t\t\t\t<img decoding=\"async\" src=\"https:\/\/pixabay.com\/get\/g9d95c5f47f43eeda0efae4997e512b90f683e491951c980c46abee4bc93a842e99cbdf48ec3cb98e710adcb5a025344c48019c7e398f13f205a0cb84f20a6002_1280.jpg\" alt=\"Imagen para servicio\" style=\"aspect-ratio:4\/3;object-fit:cover\"\/>\n\t\t\t<\/figure>\n\t\t\t\n\n\t\t\t\n\t\t\t<p class=\"has-accent-3-color has-text-color\" style=\"margin-bottom:8px;font-size:0.85rem;font-weight:600;letter-spacing:2px;text-transform:uppercase\">CALIDAD PREMIUM<\/p>\n\t\t\t\n\n\t\t\t\n\t\t\t<h3 class=\"wp-block-heading\">Chocolate 100% Natural<\/h3>\n\t\t\t\n\n\t\t\t\n\t\t\t<p class=\"has-medium-font-size\">Disfruta del mejor chocolate elaborado con ingredientes naturales y sin aditivos.<\/p>\n\t\t\t\n\t\t<\/div>\n\t\t\n\n\t\t\n\t\t<div class=\"wp-block-column is-layout-flow wp-block-column-is-layout-flow\">\n\t\t\t\n\t\t\t<figure class=\"wp-block-image size-full\" style=\"margin-bottom:24px\">\n\t\t\t\t<img decoding=\"async\" src=\"https:\/\/images.unsplash.com\/photo-1616031037011-087000171abe?crop=entropy&#038;cs=tinysrgb&#038;fit=max&#038;fm=jpg&#038;ixid=M3w0MjczNjh8MHwxfHNlYXJjaHwxfHxjaG9jb2xhdGUlMjBwb3dkZXJ8ZW58MHwwfHx8MTc2NTM4ODU3OXww&#038;ixlib=rb-4.1.0&#038;q=80&#038;w=1080\" alt=\"Imagen para servicio\" style=\"aspect-ratio:4\/3;object-fit:cover\"\/>\n\t\t\t<\/figure>\n\t\t\t\n\n\t\t\t\n\t\t\t<p class=\"has-accent-3-color has-text-color\" style=\"margin-bottom:8px;font-size:0.85rem;font-weight:600;letter-spacing:2px;text-transform:uppercase\">PRECIOS ACCESIBLES<\/p>\n\t\t\t\n\n\t\t\t\n\t\t\t<h3 class=\"wp-block-heading\">A tu alcance<\/h3>\n\t\t\t\n\n\t\t\t\n\t\t\t<p class=\"has-medium-font-size\">Ofrecemos precios competitivos sin sacrificar la calidad del producto.<\/p>\n\t\t\t\n\t\t<\/div>\n\t\t\n\n\t\t\n\t\t<div class=\"wp-block-column is-layout-flow wp-block-column-is-layout-flow\">\n\t\t\t\n\t\t\t<figure class=\"wp-block-image size-full\" style=\"margin-bottom:24px\">\n\t\t\t\t<img decoding=\"async\" src=\"https:\/\/pixabay.com\/get\/g9ea9e89504dbcdc84d93bdc1122a5d1083ad33cc334ab48799f96bdeba1c09315ebdf1346a90cc9192cf2d4e50d9e6799709a0839e463b505b7fa176ab1a7dc8_1280.jpg\" alt=\"Imagen para servicio\" style=\"aspect-ratio:4\/3;object-fit:cover\"\/>\n\t\t\t<\/figure>\n\t\t\t\n\n\t\t\t\n\t\t\t<p class=\"has-accent-3-color has-text-color\" style=\"margin-bottom:8px;font-size:0.85rem;font-weight:600;letter-spacing:2px;text-transform:uppercase\">VERSATILIDAD<\/p>\n\t\t\t\n\n\t\t\t\n\t\t\t<h3 class=\"wp-block-heading\">Ideal para cualquier ocasi\u00f3n<\/h3>\n\t\t\t\n\n\t\t\t\n\t\t\t<p class=\"has-medium-font-size\">Perfecto para postres, bebidas y m\u00e1s; versatilidad que enamora.<\/p>\n\t\t\t\n\t\t<\/div>\n\t\t\n\t<\/div>\n\t\n<\/div>\n\n\n\n\n<div class=\"wp-block-group alignfull is-style-section-2 has-global-padding is-layout-constrained wp-block-group-is-layout-constrained is-style-section-2--1\" style=\"margin-top:0;margin-bottom:0;padding-top:var(--wp--preset--spacing--50);padding-bottom:var(--wp--preset--spacing--50)\">\n\t\n\t<div class=\"wp-block-columns alignwide is-layout-flex wp-container-core-columns-is-layout-7ee84d44 wp-block-columns-is-layout-flex\">\n\t\t\n\t\t<div class=\"wp-block-column is-vertically-aligned-center is-layout-flow wp-block-column-is-layout-flow\" style=\"flex-basis:50%\">\n\t\t\t\n\t\t\t<h2 class=\"wp-block-heading has-contrast-color has-text-color\">\n\t\t\t\tNuestros Servicios\n\t\t\t<\/h2>\n\t\t\t\n\t\t\t\n\t\t\t<p class=\"has-contrast-color has-text-color has-medium-font-size\">En Chocolate Bienestar, ofrecemos una amplia gama de productos de chocolate en polvo y barra para todo tipo de consumidor. Desde el amante del chocolate hasta los reposteros profesionales, tenemos la calidad y variedad perfecta para satisfacer todas tus necesidades en el delicioso mundo del chocolate.<\/p>\n\t\t\t\n\t\t<\/div>\n\t\t\n\n\t\t\n\t\t<div class=\"wp-block-column is-vertically-aligned-center is-layout-flow wp-block-column-is-layout-flow\" style=\"flex-basis:50%\">\n\t\t\t\n\t\t\t<figure class=\"wp-block-image size-full\">\n\t\t\t\t<img decoding=\"async\" src=\"https:\/\/images.unsplash.com\/photo-1670843842462-3d78d421d7ce?crop=entropy&#038;cs=tinysrgb&#038;fit=max&#038;fm=jpg&#038;ixid=M3w0MjczNjh8MHwxfHNlYXJjaHwxfHxwZXJzb24lMjBtYWtpbmclMjBkZXNzZXJ0JTIwd2l0aCUyMGNob2NvbGF0ZXxlbnwwfDB8fHwxNzY1Mzg4NTc5fDA&#038;ixlib=rb-4.1.0&#038;q=80&#038;w=1080\" alt=\"Imagen de servicio\" style=\"aspect-ratio:1;object-fit:cover\"\/>\n\t\t\t<\/figure>\n\t\t\t\n\t\t<\/div>\n\t\t\n\t<\/div>\n\t\n<\/div>\n\n\n\n\n\n<div class=\"wp-block-group alignfull has-global-padding is-layout-constrained wp-block-group-is-layout-constrained\" style=\"margin-top:0;margin-bottom:0;padding-top:var(--wp--preset--spacing--60);padding-bottom:var(--wp--preset--spacing--60)\">\n\t\n\t<div class=\"wp-block-columns alignwide is-layout-flex wp-container-core-columns-is-layout-714d85e9 wp-block-columns-is-layout-flex\">\n\t\t\n\t\t<div class=\"wp-block-column is-layout-flow wp-block-column-is-layout-flow\">\n\t\t\t\n\t\t\t<div class=\"wp-block-columns is-layout-flex wp-container-core-columns-is-layout-08c01c1c wp-block-columns-is-layout-flex\">\n\t\t\t\t\n\t\t\t\t<div class=\"wp-block-column is-layout-flow wp-block-column-is-layout-flow\" style=\"flex-basis:64px\">\n\t\t\t\t\t\n\t\t\t\t\t<figure class=\"wp-block-image size-large is-resized is-style-rounded\"><img decoding=\"async\" src=\"https:\/\/tevienlinea.mx\/wp-content\/themes\/twentytwentyfive\/assets\/images\/nurse.webp\" alt=\"Foto de cliente\" style=\"aspect-ratio:1;object-fit:cover;width:64px\"\/><\/figure>\n\t\t\t\t\t\n\t\t\t\t<\/div>\n\t\t\t\t\n\n\t\t\t\t\n\t\t\t\t<div class=\"wp-block-column is-layout-flow wp-block-column-is-layout-flow\">\n\t\t\t\t\t\n\t\t\t\t\t<blockquote class=\"wp-block-quote is-style-plain has-x-large-font-size is-layout-flow wp-container-core-quote-is-layout-119bc444 wp-block-quote-is-layout-flow is-style-plain--2\" style=\"font-style:normal;font-weight:400\">\n\t\t\t\t\t\t\n\t\t\t\t\t\t<p style=\"line-height:1.1\">\u00abDesde que empec\u00e9 a usar Chocolate Bienestar, mis recetas de postres nunca han sido las mismas. La calidad del chocolate es excepcional y mis clientes lo adoran. Sin duda, un producto que se debe probar.\u00bb<\/p>\n\t\t\t\t\t\t\n\t\t\t\t\t\t<cite>Sof\u00eda Mart\u00ednez <br \/><sub>Reposter\u00eda Delicias<\/sub><\/cite>\n\t\t\t\t\t<\/blockquote>\n\t\t\t\t\t\n\t\t\t\t<\/div>\n\t\t\t\t\n\t\t\t<\/div>\n\t\t\t\n\t\t<\/div>\n\t\t\n\t<\/div>\n\t\n<\/div>\n\n\n\n\n\n<div class=\"wp-block-group alignfull is-style-section-3 has-base-color has-text-color has-global-padding is-layout-constrained wp-block-group-is-layout-constrained is-style-section-3--3\" style=\"margin-top:0;margin-bottom:0;padding-top:var(--wp--preset--spacing--60);padding-bottom:var(--wp--preset--spacing--60)\">\n\t\n\t<div class=\"wp-block-columns alignwide is-layout-flex wp-container-core-columns-is-layout-643ced6b wp-block-columns-is-layout-flex\">\n\t\t\n\t\t<div class=\"wp-block-column is-layout-flow wp-block-column-is-layout-flow\" style=\"flex-basis:40%\">\n\t\t\t\n\t\t\t<figure class=\"wp-block-image size-large\">\n\t\t\t\t<img decoding=\"async\" src=\"https:\/\/pixabay.com\/get\/g65a1921c545f2ee02d40a0e6185eb0aa612d673f46fe5f1890964bd85497955889f407441a70ffb69698d0daca8fde9d95acfc23d20676317702d896b1c1f383_1280.jpg\" alt=\"Redes Sociales\"\/>\n\t\t\t<\/figure>\n\t\t\t\n\t\t<\/div>\n\t\t\n\n\t\t\n\t\t<div class=\"wp-block-column is-vertically-aligned-center is-layout-flow wp-container-core-column-is-layout-119bc444 wp-block-column-is-layout-flow\" style=\"flex-basis:60%\">\n\t\t\t\n\t\t\t<h2 class=\"wp-block-heading has-base-color has-text-color has-xx-large-font-size\">Nuestras Redes Sociales<\/h2>\n\t\t\t\n\n\t\t\t\n\t\t\t<p class=\"has-base-color has-text-color\">S\u00edguenos y conoce nuestras ofertas, novedades y promociones.<\/p>\n\t\t\t\n\n\t\t\t\n\t\t\t<div class=\"wp-block-group is-vertical is-layout-flex wp-container-core-group-is-layout-41e20069 wp-block-group-is-layout-flex\">\n\n\t\t\t\t\n\t\t\t\t<h3 class=\"wp-block-heading has-base-color has-text-color has-small-font-size\" style=\"font-style:normal;font-weight:600;letter-spacing:1px;text-transform:uppercase\">S\u00edguenos en tu plataforma favorita<\/h3>\n\t\t\t\t\n\n\t\t\t\t\n\t\t\t\t<div class=\"wp-block-group is-layout-flex wp-block-group-is-layout-flex\">\n\t\t\t\t\n\t\t\t\t<p class=\"is-style-text-annotation has-base-color has-text-color is-style-text-annotation--4\"><a href=\"http:\/\/Chocolate%20Bienestar\" target=\"_blank\" rel=\"noopener\">Facebook<\/a><\/p>\n\t\t\t\t\n\n\t\t\t\t\n\t\t\t\t<p class=\"is-style-text-annotation has-base-color has-text-color is-style-text-annotation--5\"><a href=\"http:\/\/Chocolste_Bienestar\" target=\"_blank\" rel=\"noopener\">Instagram<\/a><\/p>\n\t\t\t\t\n\n\t\t\t\t<\/div>\n\t\t\t\t\n\n\t\t\t<\/div>\n\t\t\t\n\n\t\t<\/div>\n\t\t\n\t<\/div>\n\t\n<\/div>\n\n\n\n\n\n<div class=\"wp-block-group alignfull has-global-padding is-layout-constrained wp-block-group-is-layout-constrained\" style=\"margin-top:0;margin-bottom:0;padding-top:var(--wp--preset--spacing--60);padding-bottom:var(--wp--preset--spacing--60)\">\n    \n    <h2 class=\"wp-block-heading alignwide has-text-align-center has-x-large-font-size\">Nuestro Proceso<\/h2>\n    \n\n    \n    <div class=\"wp-block-columns alignwide is-layout-flex wp-container-core-columns-is-layout-ee5d7bc4 wp-block-columns-is-layout-flex\" style=\"margin-top:var(--wp--preset--spacing--50)\">\n\n        \n        <div class=\"wp-block-column is-layout-flow wp-block-column-is-layout-flow\">\n            \n            <figure class=\"wp-block-image size-full\" style=\"margin-bottom:24px\">\n                <img decoding=\"async\" src=\"https:\/\/pixabay.com\/get\/g3722bbeff9e8cebd8a06bf69b21ec1f254f69467523683d8968048a85261a17f988dcd00b2b011a7055100f111c65d2f5d4edcc2343fe3adb9d2e78400bd5bb9_1280.jpg\" alt=\"Paso 1\" style=\"aspect-ratio:4\/3;object-fit:cover\"\/>\n            <\/figure>\n            \n\n            \n            <h3 class=\"wp-block-heading has-accent-3-color has-text-color\" style=\"margin-bottom:16px;font-size:clamp(1.976rem, 1.976rem + ((1vw - 0.2rem) * 2.391), 3.5rem);font-weight:700;line-height:1\">1<\/h3>\n            \n\n            \n            <h4 class=\"wp-block-heading has-medium-font-size\">Paso 1: Cultivo Sostenible<\/h4>\n            \n\n            \n            <p class=\"has-medium-font-size\">Seleccionamos los mejores granos de cacao de cultivo sostenible.<\/p>\n            \n        <\/div>\n        \n        \n        <div class=\"wp-block-column is-layout-flow wp-block-column-is-layout-flow\">\n            \n            <figure class=\"wp-block-image size-full\" style=\"margin-bottom:24px\">\n                <img decoding=\"async\" src=\"https:\/\/images.unsplash.com\/photo-1652007762236-fa98a594627b?crop=entropy&#038;cs=tinysrgb&#038;fit=max&#038;fm=jpg&#038;ixid=M3w0MjczNjh8MHwxfHNlYXJjaHwxfHxwZXJzb24lMjByb2FzdGluZyUyMGNvY29hJTIwYmVhbnN8ZW58MHwwfHx8MTc2NTM4ODU4MXww&#038;ixlib=rb-4.1.0&#038;q=80&#038;w=1080\" alt=\"Paso 2\" style=\"aspect-ratio:4\/3;object-fit:cover\"\/>\n            <\/figure>\n            \n\n            \n            <h3 class=\"wp-block-heading has-accent-3-color has-text-color\" style=\"margin-bottom:16px;font-size:clamp(1.976rem, 1.976rem + ((1vw - 0.2rem) * 2.391), 3.5rem);font-weight:700;line-height:1\">2<\/h3>\n            \n\n            \n            <h4 class=\"wp-block-heading has-medium-font-size\">Paso 2: Proceso de Tostado<\/h4>\n            \n\n            \n            <p class=\"has-medium-font-size\">Nuestros granos son tostados cuidadosamente para resaltar su sabor.<\/p>\n            \n        <\/div>\n        \n        \n        <div class=\"wp-block-column is-layout-flow wp-block-column-is-layout-flow\">\n            \n            <figure class=\"wp-block-image size-full\" style=\"margin-bottom:24px\">\n                <img decoding=\"async\" src=\"https:\/\/images.unsplash.com\/photo-1588713029548-2aca8c227954?crop=entropy&#038;cs=tinysrgb&#038;fit=max&#038;fm=jpg&#038;ixid=M3w0MjczNjh8MHwxfHNlYXJjaHwxfHxwZXJzb24lMjBwYWNrYWdpbmclMjBjaG9jb2xhdGV8ZW58MHwwfHx8MTc2NTM4ODU4MXww&#038;ixlib=rb-4.1.0&#038;q=80&#038;w=1080\" alt=\"Paso 3\" style=\"aspect-ratio:4\/3;object-fit:cover\"\/>\n            <\/figure>\n            \n\n            \n            <h3 class=\"wp-block-heading has-accent-3-color has-text-color\" style=\"margin-bottom:16px;font-size:clamp(1.976rem, 1.976rem + ((1vw - 0.2rem) * 2.391), 3.5rem);font-weight:700;line-height:1\">3<\/h3>\n            \n\n            \n            <h4 class=\"wp-block-heading has-medium-font-size\">Paso 3: Envasado Premium<\/h4>\n            \n\n            \n            <p class=\"has-medium-font-size\">El chocolate es envasado usando tecnolog\u00eda para preservar su frescura.<\/p>\n            \n        <\/div>\n        \n    <\/div>\n    \n<\/div>\n\n\n\n\n\n<div class=\"wp-block-group alignfull has-global-padding is-layout-constrained wp-block-group-is-layout-constrained\" style=\"margin-top:0;margin-bottom:0\">\n    \n    <div class=\"wp-block-group alignwide is-layout-flow wp-container-core-group-is-layout-d58a0413 wp-block-group-is-layout-flow\" style=\"padding-top:var(--wp--preset--spacing--50);padding-bottom:var(--wp--preset--spacing--50)\">\n        \n        <h2 class=\"wp-block-heading has-x-large-font-size\">Preguntas frecuentes<\/h2>\n        \n\n        \n        <div class=\"wp-block-columns is-layout-flex wp-container-core-columns-is-layout-28f84493 wp-block-columns-is-layout-flex\">\n            \n            <div class=\"wp-block-column is-layout-flow wp-block-column-is-layout-flow\">\n\n                \n                <div class=\"wp-block-group is-layout-flow wp-block-group-is-layout-flow\" style=\"border-top-color:var(--wp--preset--color--accent-6);border-top-width:1px;padding-top:var(--wp--preset--spacing--30);padding-bottom:var(--wp--preset--spacing--30)\">\n                    \n                    <h3 class=\"wp-block-heading\">\u00bfCu\u00e1nto tiempo toma hacer el pedido?<\/h3>\n                    \n\n                    \n                    <p>Los pedidos son procesados en 24-48 horas y enviados el mismo d\u00eda si es posible.<\/p>\n                    \n                <\/div>\n                \n                \n                <div class=\"wp-block-group is-layout-flow wp-block-group-is-layout-flow\" style=\"border-top-color:var(--wp--preset--color--accent-6);border-top-width:1px;padding-top:var(--wp--preset--spacing--30);padding-bottom:var(--wp--preset--spacing--30)\">\n                    \n                    <h3 class=\"wp-block-heading\">\u00bfCu\u00e1l es el costo de env\u00edo?<\/h3>\n                    \n\n                    \n                    <p>El costo de env\u00edo var\u00eda seg\u00fan tu ubicaci\u00f3n; ofrecemos opciones econ\u00f3micas y r\u00e1pidas.<\/p>\n                    \n                <\/div>\n                \n                \n                <div class=\"wp-block-group is-layout-flow wp-block-group-is-layout-flow\" style=\"border-top-color:var(--wp--preset--color--accent-6);border-top-width:1px;padding-top:var(--wp--preset--spacing--30);padding-bottom:var(--wp--preset--spacing--30)\">\n                    \n                    <h3 class=\"wp-block-heading\">\u00bfTienen una pol\u00edtica de devoluci\u00f3n?<\/h3>\n                    \n\n                    \n                    <p>S\u00ed, aceptamos devoluciones dentro de los primeros 15 d\u00edas tras la recepci\u00f3n del producto.<\/p>\n                    \n                <\/div>\n                \n            <\/div>\n            \n\n            \n            <div class=\"wp-block-column is-layout-flow wp-block-column-is-layout-flow\">\n\n                \n                <div class=\"wp-block-group is-layout-flow wp-block-group-is-layout-flow\" style=\"border-top-color:var(--wp--preset--color--accent-6);border-top-width:1px;padding-top:var(--wp--preset--spacing--30);padding-bottom:var(--wp--preset--spacing--30)\">\n                    \n                    <h3 class=\"wp-block-heading\">\u00bfOfrecen alg\u00fan tipo de soporte al cliente?<\/h3>\n                    \n\n                    \n                    <p>S\u00ed, contamos con un equipo de atenci\u00f3n al cliente disponible de lunes a viernes.<\/p>\n                    \n                <\/div>\n                \n                \n                <div class=\"wp-block-group is-layout-flow wp-block-group-is-layout-flow\" style=\"border-top-color:var(--wp--preset--color--accent-6);border-top-width:1px;padding-top:var(--wp--preset--spacing--30);padding-bottom:var(--wp--preset--spacing--30)\">\n                    \n                    <h3 class=\"wp-block-heading\">\u00bfSus productos son seguros y saludables?<\/h3>\n                    \n\n                    \n                    <p>S\u00ed, todos nuestros productos son elaborados bajo normas estrictas de calidad y seguridad.<\/p>\n                    \n                <\/div>\n                \n                \n                <div class=\"wp-block-group is-layout-flow wp-block-group-is-layout-flow\" style=\"border-top-color:var(--wp--preset--color--accent-6);border-top-width:1px;padding-top:var(--wp--preset--spacing--30);padding-bottom:var(--wp--preset--spacing--30)\">\n                    \n                    <h3 class=\"wp-block-heading\">\u00bfPuedo usar su chocolate en recetas veganas?<\/h3>\n                    \n\n                    \n                    <p>S\u00ed, nuestros chocolate en polvo y barra son perfectos para recetas veganas.<\/p>\n                    \n                <\/div>\n                \n            <\/div>\n            \n        <\/div>\n        \n    <\/div>\n    \n<\/div>\n\n\n\n\n\n<div class=\"wp-block-group alignfull has-base-color has-accent-3-background-color has-text-color has-background has-link-color wp-elements-1162ef71b7611e1f56b8bf7f14b5496c has-global-padding is-layout-constrained wp-block-group-is-layout-constrained\" style=\"margin-top:0;margin-bottom:0;padding-top:var(--wp--preset--spacing--70);padding-bottom:var(--wp--preset--spacing--70)\">\n    \n    <h2 class=\"wp-block-heading has-text-align-center has-xx-large-font-size\">\u00bfListo para disfrutar del mejor chocolate?<\/h2>\n    \n\n    \n    <p class=\"has-text-align-center has-medium-font-size\" style=\"margin-top:var(--wp--preset--spacing--40)\">\u00danete a miles de clientes satisfechos que eligen calidad y sabor.<\/p>\n    \n<\/div>\n\n\n\n","protected":false},"excerpt":{"rendered":"<p>\u00bfPor qu\u00e9 elegirnos? CALIDAD PREMIUM Chocolate 100% Natural Disfruta del mejor chocolate elaborado con ingredientes naturales y sin aditivos. PRECIOS ACCESIBLES A tu alcance Ofrecemos precios competitivos sin sacrificar la calidad del producto. VERSATILIDAD Ideal para cualquier ocasi\u00f3n Perfecto para postres, bebidas y m\u00e1s; versatilidad que enamora. Nuestros Servicios En Chocolate Bienestar, ofrecemos una amplia [&hellip;]<\/p>\n","protected":false},"author":1,"featured_media":0,"parent":0,"menu_order":0,"comment_status":"closed","ping_status":"closed","template":"","meta":{"footnotes":""},"class_list":["post-6","page","type-page","status-publish","hentry"],"_links":{"self":[{"href":"https:\/\/tevienlinea.mx\/chocolate-bienestar-chocolate-store-qfsaj\/wp-json\/wp\/v2\/pages\/6","targetHints":{"allow":["GET"]}}],"collection":[{"href":"https:\/\/tevienlinea.mx\/chocolate-bienestar-chocolate-store-qfsaj\/wp-json\/wp\/v2\/pages"}],"about":[{"href":"https:\/\/tevienlinea.mx\/chocolate-bienestar-chocolate-store-qfsaj\/wp-json\/wp\/v2\/types\/page"}],"author":[{"embeddable":true,"href":"https:\/\/tevienlinea.mx\/chocolate-bienestar-chocolate-store-qfsaj\/wp-json\/wp\/v2\/users\/1"}],"replies":[{"embeddable":true,"href":"https:\/\/tevienlinea.mx\/chocolate-bienestar-chocolate-store-qfsaj\/wp-json\/wp\/v2\/comments?post=6"}],"version-history":[{"count":0,"href":"https:\/\/tevienlinea.mx\/chocolate-bienestar-chocolate-store-qfsaj\/wp-json\/wp\/v2\/pages\/6\/revisions"}],"wp:attachment":[{"href":"https:\/\/tevienlinea.mx\/chocolate-bienestar-chocolate-store-qfsaj\/wp-json\/wp\/v2\/media?parent=6"}],"curies":[{"name":"wp","href":"https:\/\/api.w.org\/{rel}","templated":true}]}}