{"id":7,"date":"2025-12-09T20:24:31","date_gmt":"2025-12-09T19:24:31","guid":{"rendered":"https:\/\/tevienlinea.mx\/cie-lab-metrology-lab-lykkk\/nuestros-servicios\/"},"modified":"2025-12-09T20:24:31","modified_gmt":"2025-12-09T19:24:31","slug":"nuestros-servicios","status":"publish","type":"page","link":"https:\/\/tevienlinea.mx\/cie-lab-metrology-lab-lykkk\/nuestros-servicios\/","title":{"rendered":"Nuestros Servicios"},"content":{"rendered":"\n<div class=\"wp-block-group has-global-padding is-layout-constrained wp-container-core-group-is-layout-d0a2af45 wp-block-group-is-layout-constrained\" style='padding-top:5rem; padding-bottom:3rem; padding-left:1.5rem; padding-right:1.5rem; background: linear-gradient(135deg, #2C3E50 0%, #E74C3C 100%);'>\n    <div style='text-align: center; color: white;'>\n        <h1 style='font-size: 3rem; font-weight: 800; margin-bottom: 1rem;'>Nuestros Servicios<\/h1>\n        <p style='font-size: 1.3rem; opacity: 0.95;'>Soluciones de metrolog\u00eda precisas y confiables para tu empresa.<\/p>\n    <\/div>\n<\/div>\n\n\n\n<div class=\"wp-block-group has-global-padding is-layout-constrained wp-container-core-group-is-layout-194ed6b0 wp-block-group-is-layout-constrained\" style='padding-top:3rem; padding-bottom:3rem; padding-left:1.5rem; padding-right:1.5rem; background: white;'>\n    <div style='display: flex; gap: 3rem; align-items: center; flex-wrap: wrap; '>\n        \n        <div style='flex: 1; min-width: 300px;'>\n            <h3 style='font-size: 2rem; font-weight: 700; color: #2C3E50; margin-bottom: 1rem;'>Calibraci\u00f3n \u00d3ptica<\/h3>\n            <p style='font-size: 1.1rem; line-height: 1.8; color: #666; margin-bottom: 1rem;'>Garantizamos la precisi\u00f3n \u00f3ptica de tus equipos, mejorando la calidad de tus mediciones.<\/p>\n            <ul style=\"list-style: none; padding: 0; margin-top: 1.5rem;\"><li style='margin-bottom: 0.8rem; color: #555; font-size: 1.05rem;'>\u2713 Ajuste de instrumentos \u00f3pticos para resultados precisos<\/li><li style='margin-bottom: 0.8rem; color: #555; font-size: 1.05rem;'>\u2713 Control de calidad en sistemas de imagen<\/li><li style='margin-bottom: 0.8rem; color: #555; font-size: 1.05rem;'>\u2713 Protocolos personalizados seg\u00fan normas internacionales<\/li><\/ul>\n        <\/div>\n    <\/div>\n<\/div>\n\n\n\n<div class=\"wp-block-group has-global-padding is-layout-constrained wp-container-core-group-is-layout-194ed6b0 wp-block-group-is-layout-constrained\" style='padding-top:3rem; padding-bottom:3rem; padding-left:1.5rem; padding-right:1.5rem; background: #f8f9fa;'>\n    <div style='display: flex; gap: 3rem; align-items: center; flex-wrap: wrap; flex-direction: row-reverse;'>\n        \n        <div style='flex: 1; min-width: 300px;'>\n            <h3 style='font-size: 2rem; font-weight: 700; color: #2C3E50; margin-bottom: 1rem;'>Calibraci\u00f3n de Tiempo y Frecuencia<\/h3>\n            <p style='font-size: 1.1rem; line-height: 1.8; color: #666; margin-bottom: 1rem;'>Asegura la sincronizaci\u00f3n perfecta de tus equipos, esencial para operaciones cr\u00edticas.<\/p>\n            <ul style=\"list-style: none; padding: 0; margin-top: 1.5rem;\"><li style='margin-bottom: 0.8rem; color: #555; font-size: 1.05rem;'>\u2713 Calibraci\u00f3n de relojes y osciladores de alta precisi\u00f3n<\/li><li style='margin-bottom: 0.8rem; color: #555; font-size: 1.05rem;'>\u2713 Servicios de mantenimiento para estabilidad a largo plazo<\/li><li style='margin-bottom: 0.8rem; color: #555; font-size: 1.05rem;'>\u2713 Informe detallado de calibraci\u00f3n con trazabilidad<\/li><\/ul>\n        <\/div>\n    <\/div>\n<\/div>\n\n\n\n<div class=\"wp-block-group has-global-padding is-layout-constrained wp-container-core-group-is-layout-194ed6b0 wp-block-group-is-layout-constrained\" style='padding-top:3rem; padding-bottom:3rem; padding-left:1.5rem; padding-right:1.5rem; background: white;'>\n    <div style='display: flex; gap: 3rem; align-items: center; flex-wrap: wrap; '>\n        \n        <div style='flex: 1; min-width: 300px;'>\n            <h3 style='font-size: 2rem; font-weight: 700; color: #2C3E50; margin-bottom: 1rem;'>Calibraci\u00f3n Qu\u00edmica<\/h3>\n            <p style='font-size: 1.1rem; line-height: 1.8; color: #666; margin-bottom: 1rem;'>Mejora la exactitud de tus an\u00e1lisis qu\u00edmicos en laboratorios industriales y acad\u00e9micos.<\/p>\n            <ul style=\"list-style: none; padding: 0; margin-top: 1.5rem;\"><li style='margin-bottom: 0.8rem; color: #555; font-size: 1.05rem;'>\u2713 Verificaci\u00f3n y ajuste de equipos de an\u00e1lisis<\/li><li style='margin-bottom: 0.8rem; color: #555; font-size: 1.05rem;'>\u2713 Garant\u00eda de resultados consistentes en pruebas<\/li><li style='margin-bottom: 0.8rem; color: #555; font-size: 1.05rem;'>\u2713 Cumplimiento de est\u00e1ndares de seguridad y calidad<\/li><\/ul>\n        <\/div>\n    <\/div>\n<\/div>\n\n\n\n<div class=\"wp-block-group has-global-padding is-layout-constrained wp-container-core-group-is-layout-194ed6b0 wp-block-group-is-layout-constrained\" style='padding-top:3rem; padding-bottom:3rem; padding-left:1.5rem; padding-right:1.5rem; background: #f8f9fa;'>\n    <div style='display: flex; gap: 3rem; align-items: center; flex-wrap: wrap; flex-direction: row-reverse;'>\n        \n        <div style='flex: 1; min-width: 300px;'>\n            <h3 style='font-size: 2rem; font-weight: 700; color: #2C3E50; margin-bottom: 1rem;'>Calibraci\u00f3n de Masa y Peso<\/h3>\n            <p style='font-size: 1.1rem; line-height: 1.8; color: #666; margin-bottom: 1rem;'>Asegura la precisi\u00f3n en pesajes cr\u00edticos para la industria y el comercio.<\/p>\n            <ul style=\"list-style: none; padding: 0; margin-top: 1.5rem;\"><li style='margin-bottom: 0.8rem; color: #555; font-size: 1.05rem;'>\u2713 Calibraci\u00f3n de balanzas y pesas de referencia<\/li><li style='margin-bottom: 0.8rem; color: #555; font-size: 1.05rem;'>\u2713 Control regular para cumplimiento normativo<\/li><li style='margin-bottom: 0.8rem; color: #555; font-size: 1.05rem;'>\u2713 M\u00e9todos de ajuste seg\u00fan especificaciones del fabricante<\/li><\/ul>\n        <\/div>\n    <\/div>\n<\/div>\n\n\n\n<div class=\"wp-block-group has-global-padding is-layout-constrained wp-container-core-group-is-layout-194ed6b0 wp-block-group-is-layout-constrained\" style='padding-top:3rem; padding-bottom:3rem; padding-left:1.5rem; padding-right:1.5rem; background: white;'>\n    <div style='display: flex; gap: 3rem; align-items: center; flex-wrap: wrap; '>\n        \n        <div style='flex: 1; min-width: 300px;'>\n            <h3 style='font-size: 2rem; font-weight: 700; color: #2C3E50; margin-bottom: 1rem;'>Servicios El\u00e9ctricos<\/h3>\n            <p style='font-size: 1.1rem; line-height: 1.8; color: #666; margin-bottom: 1rem;'>Mant\u00e9n la eficiencia de tus sistemas el\u00e9ctricos con calibraciones y mantenimientos especializados.<\/p>\n            <ul style=\"list-style: none; padding: 0; margin-top: 1.5rem;\"><li style='margin-bottom: 0.8rem; color: #555; font-size: 1.05rem;'>\u2713 Calibraci\u00f3n de instrumentos el\u00e9ctricos y electr\u00f3nicos<\/li><li style='margin-bottom: 0.8rem; color: #555; font-size: 1.05rem;'>\u2713 Pruebas de aislamiento y resistencia<\/li><li style='margin-bottom: 0.8rem; color: #555; font-size: 1.05rem;'>\u2713 Mantenimiento preventivo seg\u00fan necesidades espec\u00edficas<\/li><\/ul>\n        <\/div>\n    <\/div>\n<\/div>\n\n\n\n<div class=\"wp-block-group has-global-padding is-layout-constrained wp-container-core-group-is-layout-194ed6b0 wp-block-group-is-layout-constrained\" style='padding-top:3rem; padding-bottom:3rem; padding-left:1.5rem; padding-right:1.5rem; background: #f8f9fa;'>\n    <div style='display: flex; gap: 3rem; align-items: center; flex-wrap: wrap; flex-direction: row-reverse;'>\n        \n        <div style='flex: 1; min-width: 300px;'>\n            <h3 style='font-size: 2rem; font-weight: 700; color: #2C3E50; margin-bottom: 1rem;'>Calibraci\u00f3n Termodin\u00e1mica<\/h3>\n            <p style='font-size: 1.1rem; line-height: 1.8; color: #666; margin-bottom: 1rem;'>Optimiza tus mediciones t\u00e9rmicas garantizando la precisi\u00f3n de tus procesos termodin\u00e1micos.<\/p>\n            <ul style=\"list-style: none; padding: 0; margin-top: 1.5rem;\"><li style='margin-bottom: 0.8rem; color: #555; font-size: 1.05rem;'>\u2713 Calibraci\u00f3n de term\u00f3metros y sensores de temperatura<\/li><li style='margin-bottom: 0.8rem; color: #555; font-size: 1.05rem;'>\u2713 Verificaci\u00f3n de equipos de medici\u00f3n de calor<\/li><li style='margin-bottom: 0.8rem; color: #555; font-size: 1.05rem;'>\u2713 Cumplimiento de est\u00e1ndares internacionales<\/li><\/ul>\n        <\/div>\n    <\/div>\n<\/div>\n\n\n\n<div class=\"wp-block-group has-global-padding is-layout-constrained wp-container-core-group-is-layout-b8bb7311 wp-block-group-is-layout-constrained\" style='padding-top:4rem; padding-bottom:4rem; padding-left:1.5rem; padding-right:1.5rem; background: #2C3E50;'>\n    <div style='text-align: center; color: white;'>\n        <h2 style='font-size: 2.5rem; font-weight: 800;'>Optimiza tu equipamiento. Cont\u00e1ctanos y recibe asesor\u00eda personalizada.<\/h2>\n    <\/div>\n<\/div>\n","protected":false},"excerpt":{"rendered":"<p>Nuestros Servicios Soluciones de metrolog\u00eda precisas y confiables para tu empresa. Calibraci\u00f3n \u00d3ptica Garantizamos la precisi\u00f3n \u00f3ptica de tus equipos, mejorando la calidad de tus mediciones. \u2713 Ajuste de instrumentos \u00f3pticos para resultados precisos \u2713 Control de calidad en sistemas de imagen \u2713 Protocolos personalizados seg\u00fan normas internacionales Calibraci\u00f3n de Tiempo y Frecuencia Asegura la [&hellip;]<\/p>\n","protected":false},"author":1,"featured_media":0,"parent":0,"menu_order":0,"comment_status":"closed","ping_status":"closed","template":"","meta":{"footnotes":""},"class_list":["post-7","page","type-page","status-publish","hentry"],"_links":{"self":[{"href":"https:\/\/tevienlinea.mx\/cie-lab-metrology-lab-lykkk\/wp-json\/wp\/v2\/pages\/7","targetHints":{"allow":["GET"]}}],"collection":[{"href":"https:\/\/tevienlinea.mx\/cie-lab-metrology-lab-lykkk\/wp-json\/wp\/v2\/pages"}],"about":[{"href":"https:\/\/tevienlinea.mx\/cie-lab-metrology-lab-lykkk\/wp-json\/wp\/v2\/types\/page"}],"author":[{"embeddable":true,"href":"https:\/\/tevienlinea.mx\/cie-lab-metrology-lab-lykkk\/wp-json\/wp\/v2\/users\/1"}],"replies":[{"embeddable":true,"href":"https:\/\/tevienlinea.mx\/cie-lab-metrology-lab-lykkk\/wp-json\/wp\/v2\/comments?post=7"}],"version-history":[{"count":0,"href":"https:\/\/tevienlinea.mx\/cie-lab-metrology-lab-lykkk\/wp-json\/wp\/v2\/pages\/7\/revisions"}],"wp:attachment":[{"href":"https:\/\/tevienlinea.mx\/cie-lab-metrology-lab-lykkk\/wp-json\/wp\/v2\/media?parent=7"}],"curies":[{"name":"wp","href":"https:\/\/api.w.org\/{rel}","templated":true}]}}