{"id":13,"date":"2025-11-28T19:22:45","date_gmt":"2025-11-28T18:22:45","guid":{"rendered":"https:\/\/tevienlinea.mx\/dale-grocery-distributor\/producto\/don-haba-haba-fresca-embolsada-para-consumo-diario\/"},"modified":"2025-11-28T19:22:47","modified_gmt":"2025-11-28T18:22:47","slug":"don-haba-haba-fresca-embolsada-para-consumo-diario","status":"publish","type":"product","link":"https:\/\/tevienlinea.mx\/dale-grocery-distributor\/producto\/don-haba-haba-fresca-embolsada-para-consumo-diario\/","title":{"rendered":"Don Haba \u2013 Haba Fresca embolsada para consumo diario"},"content":{"rendered":"<p>Disfruta la calidad y frescura de Don Haba, la opci\u00f3n ideal de haba embolsada pensada para tu consumo personal. Su formato pr\u00e1ctico te permite acceder f\u00e1cilmente a un snack natural o un ingrediente vers\u00e1til para tus comidas favoritas. A\u00f1ade un toque saludable a tus recetas o simplemente disfruta del sabor aut\u00e9ntico de las habas en cualquier momento del d\u00eda. <\/p>\n<p>Elige Don Haba y goza de la practicidad de un producto listo para consumir, que se adapta perfectamente a tu ritmo de vida. Ya sea en casa o para llevar, Don Haba te ofrece frescura y calidad en cada bolsa. Haz de tus momentos cotidianos una experiencia m\u00e1s saludable y deliciosa. \u00a1Dale a tu alimentaci\u00f3n el impulso que merece con Don Haba y siente la diferencia en cada bocado!<\/p>\n","protected":false},"excerpt":{"rendered":"<p>Disfruta la calidad y frescura de Don Haba, la opci\u00f3n ideal de haba embolsada pensada para tu consumo personal. Su&hellip;<\/p>\n","protected":false},"featured_media":14,"comment_status":"open","ping_status":"closed","template":"","meta":[],"product_brand":[],"product_cat":[],"product_tag":[],"class_list":{"0":"post-13","1":"product","2":"type-product","3":"status-publish","4":"has-post-thumbnail","7":"first","8":"instock","9":"shipping-taxable","10":"product-type-simple"},"_links":{"self":[{"href":"https:\/\/tevienlinea.mx\/dale-grocery-distributor\/wp-json\/wp\/v2\/product\/13","targetHints":{"allow":["GET"]}}],"collection":[{"href":"https:\/\/tevienlinea.mx\/dale-grocery-distributor\/wp-json\/wp\/v2\/product"}],"about":[{"href":"https:\/\/tevienlinea.mx\/dale-grocery-distributor\/wp-json\/wp\/v2\/types\/product"}],"replies":[{"embeddable":true,"href":"https:\/\/tevienlinea.mx\/dale-grocery-distributor\/wp-json\/wp\/v2\/comments?post=13"}],"wp:featuredmedia":[{"embeddable":true,"href":"https:\/\/tevienlinea.mx\/dale-grocery-distributor\/wp-json\/wp\/v2\/media\/14"}],"wp:attachment":[{"href":"https:\/\/tevienlinea.mx\/dale-grocery-distributor\/wp-json\/wp\/v2\/media?parent=13"}],"wp:term":[{"taxonomy":"product_brand","embeddable":true,"href":"https:\/\/tevienlinea.mx\/dale-grocery-distributor\/wp-json\/wp\/v2\/product_brand?post=13"},{"taxonomy":"product_cat","embeddable":true,"href":"https:\/\/tevienlinea.mx\/dale-grocery-distributor\/wp-json\/wp\/v2\/product_cat?post=13"},{"taxonomy":"product_tag","embeddable":true,"href":"https:\/\/tevienlinea.mx\/dale-grocery-distributor\/wp-json\/wp\/v2\/product_tag?post=13"}],"curies":[{"name":"wp","href":"https:\/\/api.w.org\/{rel}","templated":true}]}}