{"id":17,"date":"2025-11-28T19:22:48","date_gmt":"2025-11-28T18:22:48","guid":{"rendered":"https:\/\/tevienlinea.mx\/dale-grocery-distributor\/producto\/cacahuate-pelado-natural-ideal-para-snacks-saludables\/"},"modified":"2025-11-28T19:22:49","modified_gmt":"2025-11-28T18:22:49","slug":"cacahuate-pelado-natural-ideal-para-snacks-saludables","status":"publish","type":"product","link":"https:\/\/tevienlinea.mx\/dale-grocery-distributor\/producto\/cacahuate-pelado-natural-ideal-para-snacks-saludables\/","title":{"rendered":"Cacahuate pelado natural, ideal para snacks saludables"},"content":{"rendered":"<p>Disfruta del aut\u00e9ntico sabor del cacahuate pelado, un snack cl\u00e1sico que nunca pasa de moda. Perfectos para calmar el hambre en cualquier momento del d\u00eda, nuestros cacahuates te ofrecen la frescura y la pureza del fruto natural, sin c\u00e1scara y listos para comer. Su textura crujiente y su sabor inigualable convierten a este producto en el acompa\u00f1amiento ideal para reuniones, fiestas o simplemente para consentirte.<\/p>\n<p>Agrega energ\u00eda a tu rutina diaria con un alimento pr\u00e1ctico, delicioso y vers\u00e1til. Ideal para quienes buscan opciones sencillas, naturales y llenas de sabor. Descubre por qu\u00e9 el cacahuate pelado sigue siendo el favorito de tantos. \u00a1Haz tu pedido hoy y disfruta de toda su frescura y calidad!<\/p>\n","protected":false},"excerpt":{"rendered":"<p>Disfruta del aut\u00e9ntico sabor del cacahuate pelado, un snack cl\u00e1sico que nunca pasa de moda. Perfectos para calmar el hambre&hellip;<\/p>\n","protected":false},"featured_media":18,"comment_status":"open","ping_status":"closed","template":"","meta":[],"product_brand":[],"product_cat":[],"product_tag":[],"class_list":{"0":"post-17","1":"product","2":"type-product","3":"status-publish","4":"has-post-thumbnail","7":"first","8":"instock","9":"shipping-taxable","10":"product-type-simple"},"_links":{"self":[{"href":"https:\/\/tevienlinea.mx\/dale-grocery-distributor\/wp-json\/wp\/v2\/product\/17","targetHints":{"allow":["GET"]}}],"collection":[{"href":"https:\/\/tevienlinea.mx\/dale-grocery-distributor\/wp-json\/wp\/v2\/product"}],"about":[{"href":"https:\/\/tevienlinea.mx\/dale-grocery-distributor\/wp-json\/wp\/v2\/types\/product"}],"replies":[{"embeddable":true,"href":"https:\/\/tevienlinea.mx\/dale-grocery-distributor\/wp-json\/wp\/v2\/comments?post=17"}],"wp:featuredmedia":[{"embeddable":true,"href":"https:\/\/tevienlinea.mx\/dale-grocery-distributor\/wp-json\/wp\/v2\/media\/18"}],"wp:attachment":[{"href":"https:\/\/tevienlinea.mx\/dale-grocery-distributor\/wp-json\/wp\/v2\/media?parent=17"}],"wp:term":[{"taxonomy":"product_brand","embeddable":true,"href":"https:\/\/tevienlinea.mx\/dale-grocery-distributor\/wp-json\/wp\/v2\/product_brand?post=17"},{"taxonomy":"product_cat","embeddable":true,"href":"https:\/\/tevienlinea.mx\/dale-grocery-distributor\/wp-json\/wp\/v2\/product_cat?post=17"},{"taxonomy":"product_tag","embeddable":true,"href":"https:\/\/tevienlinea.mx\/dale-grocery-distributor\/wp-json\/wp\/v2\/product_tag?post=17"}],"curies":[{"name":"wp","href":"https:\/\/api.w.org\/{rel}","templated":true}]}}