{"id":7,"date":"2025-12-04T04:22:08","date_gmt":"2025-12-04T03:22:08","guid":{"rendered":"https:\/\/tevienlinea.mx\/distribuidora-bicarg-blender-distributor-3sfzn\/nuestros-servicios\/"},"modified":"2025-12-04T04:22:08","modified_gmt":"2025-12-04T03:22:08","slug":"nuestros-servicios","status":"publish","type":"page","link":"https:\/\/tevienlinea.mx\/distribuidora-bicarg-blender-distributor-3sfzn\/nuestros-servicios\/","title":{"rendered":"Nuestros Servicios"},"content":{"rendered":"\n<div class=\"wp-block-group has-global-padding is-layout-constrained wp-container-core-group-is-layout-d0a2af45 wp-block-group-is-layout-constrained\" style='padding-top:5rem; padding-bottom:3rem; padding-left:1.5rem; padding-right:1.5rem; background: linear-gradient(135deg, #2D3E50 0%, #FFD700 100%);'>\n    <div style='text-align: center; color: white;'>\n        <h1 style='font-size: 3rem; font-weight: 800; margin-bottom: 1rem;'>Nuestros Servicios<\/h1>\n        <p style='font-size: 1.3rem; opacity: 0.95;'>Importamos productos de belleza que transforman la experiencia de cuidado personal.<\/p>\n    <\/div>\n<\/div>\n\n\n\n<div class=\"wp-block-group has-global-padding is-layout-constrained wp-container-core-group-is-layout-194ed6b0 wp-block-group-is-layout-constrained\" style='padding-top:3rem; padding-bottom:3rem; padding-left:1.5rem; padding-right:1.5rem; background: white;'>\n    <div style='display: flex; gap: 3rem; align-items: center; flex-wrap: wrap; '>\n        \n        <div style='flex: 1; min-width: 300px;'>\n            <h3 style='font-size: 2rem; font-weight: 700; color: #2D3E50; margin-bottom: 1rem;'>Importaci\u00f3n de Cosm\u00e9ticos<\/h3>\n            <p style='font-size: 1.1rem; line-height: 1.8; color: #666; margin-bottom: 1rem;'>Ofrecemos una amplia gama de cosm\u00e9ticos exclusivos que realzan la belleza natural.<\/p>\n            <ul style=\"list-style: none; padding: 0; margin-top: 1.5rem;\"><li style='margin-bottom: 0.8rem; color: #555; font-size: 1.05rem;'>\u2713 Productos de marcas internacionales reconocidas<\/li><li style='margin-bottom: 0.8rem; color: #555; font-size: 1.05rem;'>\u2713 Variedad en f\u00f3rmulas para todos los tipos de piel<\/li><li style='margin-bottom: 0.8rem; color: #555; font-size: 1.05rem;'>\u2713 Envases eco-amigables y atractivos<\/li><\/ul>\n        <\/div>\n    <\/div>\n<\/div>\n\n\n\n<div class=\"wp-block-group has-global-padding is-layout-constrained wp-container-core-group-is-layout-194ed6b0 wp-block-group-is-layout-constrained\" style='padding-top:3rem; padding-bottom:3rem; padding-left:1.5rem; padding-right:1.5rem; background: #f8f9fa;'>\n    <div style='display: flex; gap: 3rem; align-items: center; flex-wrap: wrap; flex-direction: row-reverse;'>\n        \n        <div style='flex: 1; min-width: 300px;'>\n            <h3 style='font-size: 2rem; font-weight: 700; color: #2D3E50; margin-bottom: 1rem;'>L\u00ednea de Cuidado Capilar<\/h3>\n            <p style='font-size: 1.1rem; line-height: 1.8; color: #666; margin-bottom: 1rem;'>Importamos productos especializados para el cuidado y la salud del cabello.<\/p>\n            <ul style=\"list-style: none; padding: 0; margin-top: 1.5rem;\"><li style='margin-bottom: 0.8rem; color: #555; font-size: 1.05rem;'>\u2713 Champ\u00fas y acondicionadores sin sulfatos<\/li><li style='margin-bottom: 0.8rem; color: #555; font-size: 1.05rem;'>\u2713 Tratamientos capilares con ingredientes naturales<\/li><li style='margin-bottom: 0.8rem; color: #555; font-size: 1.05rem;'>\u2713 Soluciones espec\u00edficas para diferentes problemas capilares<\/li><\/ul>\n        <\/div>\n    <\/div>\n<\/div>\n\n\n\n<div class=\"wp-block-group has-global-padding is-layout-constrained wp-container-core-group-is-layout-194ed6b0 wp-block-group-is-layout-constrained\" style='padding-top:3rem; padding-bottom:3rem; padding-left:1.5rem; padding-right:1.5rem; background: white;'>\n    <div style='display: flex; gap: 3rem; align-items: center; flex-wrap: wrap; '>\n        \n        <div style='flex: 1; min-width: 300px;'>\n            <h3 style='font-size: 2rem; font-weight: 700; color: #2D3E50; margin-bottom: 1rem;'>Cuidado de la Piel<\/h3>\n            <p style='font-size: 1.1rem; line-height: 1.8; color: #666; margin-bottom: 1rem;'>Productos innovadores para el cuidado diario de la piel, importados directamente para ti.<\/p>\n            <ul style=\"list-style: none; padding: 0; margin-top: 1.5rem;\"><li style='margin-bottom: 0.8rem; color: #555; font-size: 1.05rem;'>\u2713 Cremas hidratantes con protecci\u00f3n solar<\/li><li style='margin-bottom: 0.8rem; color: #555; font-size: 1.05rem;'>\u2713 Serums con ingredientes activos y probados<\/li><li style='margin-bottom: 0.8rem; color: #555; font-size: 1.05rem;'>\u2713 L\u00edneas antienvejecimiento avanzadas<\/li><\/ul>\n        <\/div>\n    <\/div>\n<\/div>\n\n\n\n<div class=\"wp-block-group has-global-padding is-layout-constrained wp-container-core-group-is-layout-194ed6b0 wp-block-group-is-layout-constrained\" style='padding-top:3rem; padding-bottom:3rem; padding-left:1.5rem; padding-right:1.5rem; background: #f8f9fa;'>\n    <div style='display: flex; gap: 3rem; align-items: center; flex-wrap: wrap; flex-direction: row-reverse;'>\n        \n        <div style='flex: 1; min-width: 300px;'>\n            <h3 style='font-size: 2rem; font-weight: 700; color: #2D3E50; margin-bottom: 1rem;'>Accesorios de Belleza<\/h3>\n            <p style='font-size: 1.1rem; line-height: 1.8; color: #666; margin-bottom: 1rem;'>Amplia selecci\u00f3n de accesorios de belleza que complementan tu rutina de cuidado personal.<\/p>\n            <ul style=\"list-style: none; padding: 0; margin-top: 1.5rem;\"><li style='margin-bottom: 0.8rem; color: #555; font-size: 1.05rem;'>\u2713 Pinceles de maquillaje de calidad profesional<\/li><li style='margin-bottom: 0.8rem; color: #555; font-size: 1.05rem;'>\u2713 Herramientas de dise\u00f1o de u\u00f1as innovadoras<\/li><li style='margin-bottom: 0.8rem; color: #555; font-size: 1.05rem;'>\u2713 Accesorios reciclables y sostenibles<\/li><\/ul>\n        <\/div>\n    <\/div>\n<\/div>\n\n\n\n<div class=\"wp-block-group has-global-padding is-layout-constrained wp-container-core-group-is-layout-194ed6b0 wp-block-group-is-layout-constrained\" style='padding-top:3rem; padding-bottom:3rem; padding-left:1.5rem; padding-right:1.5rem; background: white;'>\n    <div style='display: flex; gap: 3rem; align-items: center; flex-wrap: wrap; '>\n        \n        <div style='flex: 1; min-width: 300px;'>\n            <h3 style='font-size: 2rem; font-weight: 700; color: #2D3E50; margin-bottom: 1rem;'>Capacitaci\u00f3n y Asesor\u00eda<\/h3>\n            <p style='font-size: 1.1rem; line-height: 1.8; color: #666; margin-bottom: 1rem;'>Ofrecemos capacitaciones para el uso \u00f3ptimo de nuestros productos en negocios de belleza.<\/p>\n            <ul style=\"list-style: none; padding: 0; margin-top: 1.5rem;\"><li style='margin-bottom: 0.8rem; color: #555; font-size: 1.05rem;'>\u2713 Talleres regulares de actualizaci\u00f3n<\/li><li style='margin-bottom: 0.8rem; color: #555; font-size: 1.05rem;'>\u2713 Asesor\u00eda en t\u00e9cnicas de aplicaci\u00f3n<\/li><li style='margin-bottom: 0.8rem; color: #555; font-size: 1.05rem;'>\u2713 Material did\u00e1ctico y gu\u00edas exclusivas<\/li><\/ul>\n        <\/div>\n    <\/div>\n<\/div>\n\n\n\n<div class=\"wp-block-group has-global-padding is-layout-constrained wp-container-core-group-is-layout-b8bb7311 wp-block-group-is-layout-constrained\" style='padding-top:4rem; padding-bottom:4rem; padding-left:1.5rem; padding-right:1.5rem; background: #2D3E50;'>\n    <div style='text-align: center; color: white;'>\n        <h2 style='font-size: 2.5rem; font-weight: 800;'>\u00bfListo para elevar tu belleza? Cont\u00e1ctanos hoy mismo.<\/h2>\n    <\/div>\n<\/div>\n","protected":false},"excerpt":{"rendered":"<p>Nuestros Servicios Importamos productos de belleza que transforman la experiencia de cuidado personal. Importaci\u00f3n de Cosm\u00e9ticos Ofrecemos una amplia gama de cosm\u00e9ticos exclusivos que realzan la belleza natural. \u2713 Productos de marcas internacionales reconocidas \u2713 Variedad en f\u00f3rmulas para todos los tipos de piel \u2713 Envases eco-amigables y atractivos L\u00ednea de Cuidado Capilar Importamos productos [&hellip;]<\/p>\n","protected":false},"author":1,"featured_media":0,"parent":0,"menu_order":0,"comment_status":"closed","ping_status":"closed","template":"","meta":{"footnotes":""},"class_list":["post-7","page","type-page","status-publish","hentry"],"_links":{"self":[{"href":"https:\/\/tevienlinea.mx\/distribuidora-bicarg-blender-distributor-3sfzn\/wp-json\/wp\/v2\/pages\/7","targetHints":{"allow":["GET"]}}],"collection":[{"href":"https:\/\/tevienlinea.mx\/distribuidora-bicarg-blender-distributor-3sfzn\/wp-json\/wp\/v2\/pages"}],"about":[{"href":"https:\/\/tevienlinea.mx\/distribuidora-bicarg-blender-distributor-3sfzn\/wp-json\/wp\/v2\/types\/page"}],"author":[{"embeddable":true,"href":"https:\/\/tevienlinea.mx\/distribuidora-bicarg-blender-distributor-3sfzn\/wp-json\/wp\/v2\/users\/1"}],"replies":[{"embeddable":true,"href":"https:\/\/tevienlinea.mx\/distribuidora-bicarg-blender-distributor-3sfzn\/wp-json\/wp\/v2\/comments?post=7"}],"version-history":[{"count":0,"href":"https:\/\/tevienlinea.mx\/distribuidora-bicarg-blender-distributor-3sfzn\/wp-json\/wp\/v2\/pages\/7\/revisions"}],"wp:attachment":[{"href":"https:\/\/tevienlinea.mx\/distribuidora-bicarg-blender-distributor-3sfzn\/wp-json\/wp\/v2\/media?parent=7"}],"curies":[{"name":"wp","href":"https:\/\/api.w.org\/{rel}","templated":true}]}}