{"id":11,"date":"2025-12-04T04:22:08","date_gmt":"2025-12-04T03:22:08","guid":{"rendered":"https:\/\/tevienlinea.mx\/distribuidora-bicarg-blender-distributor-3sfzn\/producto\/camisa-clasica-inspirada-en-el-dicha-tradicional\/"},"modified":"2025-12-04T04:22:09","modified_gmt":"2025-12-04T03:22:09","slug":"camisa-clasica-inspirada-en-el-dicha-tradicional","status":"publish","type":"product","link":"https:\/\/tevienlinea.mx\/distribuidora-bicarg-blender-distributor-3sfzn\/producto\/camisa-clasica-inspirada-en-el-dicha-tradicional\/","title":{"rendered":"Camisa Cl\u00e1sica Inspirada en el Dicha Tradicional"},"content":{"rendered":"<p>Descubre la aut\u00e9ntica Camisa de Once Varas, la prenda que dio origen al famoso dicho popular. Perfecta para quienes valoran el estilo cl\u00e1sico y la historia detr\u00e1s de cada prenda, esta camisa te conecta con la tradici\u00f3n y el folclore de nuestra cultura. Su dise\u00f1o tradicional es ideal para destacar en cualquier ocasi\u00f3n informal, ofreciendo comodidad y un aire de distinci\u00f3n \u00fanica. Atr\u00e9vete a llevar el estilo que ha trascendido generaciones y s\u00e9 parte de la historia con una camisa que representa mucho m\u00e1s que una simple prenda. No dejes pasar la oportunidad de lucir una pieza emblem\u00e1tica cargada de significado. \u00a1Agrega la Camisa de Once Varas a tu colecci\u00f3n hoy mismo y presume de aut\u00e9ntico estilo tradicional!<\/p>\n","protected":false},"excerpt":{"rendered":"<p>Descubre la aut\u00e9ntica Camisa de Once Varas, la prenda que dio origen al famoso dicho popular. Perfecta para quienes valoran&hellip;<\/p>\n","protected":false},"featured_media":12,"comment_status":"open","ping_status":"closed","template":"","meta":[],"product_brand":[],"product_cat":[],"product_tag":[],"class_list":{"0":"post-11","1":"product","2":"type-product","3":"status-publish","4":"has-post-thumbnail","7":"first","8":"instock","9":"shipping-taxable","10":"product-type-simple"},"_links":{"self":[{"href":"https:\/\/tevienlinea.mx\/distribuidora-bicarg-blender-distributor-3sfzn\/wp-json\/wp\/v2\/product\/11","targetHints":{"allow":["GET"]}}],"collection":[{"href":"https:\/\/tevienlinea.mx\/distribuidora-bicarg-blender-distributor-3sfzn\/wp-json\/wp\/v2\/product"}],"about":[{"href":"https:\/\/tevienlinea.mx\/distribuidora-bicarg-blender-distributor-3sfzn\/wp-json\/wp\/v2\/types\/product"}],"replies":[{"embeddable":true,"href":"https:\/\/tevienlinea.mx\/distribuidora-bicarg-blender-distributor-3sfzn\/wp-json\/wp\/v2\/comments?post=11"}],"wp:featuredmedia":[{"embeddable":true,"href":"https:\/\/tevienlinea.mx\/distribuidora-bicarg-blender-distributor-3sfzn\/wp-json\/wp\/v2\/media\/12"}],"wp:attachment":[{"href":"https:\/\/tevienlinea.mx\/distribuidora-bicarg-blender-distributor-3sfzn\/wp-json\/wp\/v2\/media?parent=11"}],"wp:term":[{"taxonomy":"product_brand","embeddable":true,"href":"https:\/\/tevienlinea.mx\/distribuidora-bicarg-blender-distributor-3sfzn\/wp-json\/wp\/v2\/product_brand?post=11"},{"taxonomy":"product_cat","embeddable":true,"href":"https:\/\/tevienlinea.mx\/distribuidora-bicarg-blender-distributor-3sfzn\/wp-json\/wp\/v2\/product_cat?post=11"},{"taxonomy":"product_tag","embeddable":true,"href":"https:\/\/tevienlinea.mx\/distribuidora-bicarg-blender-distributor-3sfzn\/wp-json\/wp\/v2\/product_tag?post=11"}],"curies":[{"name":"wp","href":"https:\/\/api.w.org\/{rel}","templated":true}]}}