{"id":7,"date":"2025-12-04T01:23:45","date_gmt":"2025-12-04T00:23:45","guid":{"rendered":"https:\/\/tevienlinea.mx\/distribuidora-bicarg-distribution-service-bwiuc\/nuestros-servicios\/"},"modified":"2025-12-04T01:23:45","modified_gmt":"2025-12-04T00:23:45","slug":"nuestros-servicios","status":"publish","type":"page","link":"https:\/\/tevienlinea.mx\/distribuidora-bicarg-distribution-service-bwiuc\/nuestros-servicios\/","title":{"rendered":"Nuestros Servicios"},"content":{"rendered":"\n<div class=\"wp-block-group has-global-padding is-layout-constrained wp-container-core-group-is-layout-d0a2af45 wp-block-group-is-layout-constrained\" style='padding-top:5rem; padding-bottom:3rem; padding-left:1.5rem; padding-right:1.5rem; background: linear-gradient(135deg, #2C3E50 0%, #E74C3C 100%);'>\n    <div style='text-align: center; color: white;'>\n        <h1 style='font-size: 3rem; font-weight: 800; margin-bottom: 1rem;'>Nuestros Servicios<\/h1>\n        <p style='font-size: 1.3rem; opacity: 0.95;'>Distribuimos productos importados con eficacia y confianza para tu negocio.<\/p>\n    <\/div>\n<\/div>\n\n\n\n<div class=\"wp-block-group has-global-padding is-layout-constrained wp-container-core-group-is-layout-194ed6b0 wp-block-group-is-layout-constrained\" style='padding-top:3rem; padding-bottom:3rem; padding-left:1.5rem; padding-right:1.5rem; background: white;'>\n    <div style='display: flex; gap: 3rem; align-items: center; flex-wrap: wrap; '>\n        \n        <div style='flex: 1; min-width: 300px;'>\n            <h3 style='font-size: 2rem; font-weight: 700; color: #2C3E50; margin-bottom: 1rem;'>Importaci\u00f3n de Productos<\/h3>\n            <p style='font-size: 1.1rem; line-height: 1.8; color: #666; margin-bottom: 1rem;'>Nos encargamos de la importaci\u00f3n de productos de alta calidad para tu empresa desde el exterior.<\/p>\n            <ul style=\"list-style: none; padding: 0; margin-top: 1.5rem;\"><li style='margin-bottom: 0.8rem; color: #555; font-size: 1.05rem;'>\u2713 Gesti\u00f3n integral del proceso de importaci\u00f3n<\/li><li style='margin-bottom: 0.8rem; color: #555; font-size: 1.05rem;'>\u2713 Red global de proveedores confiables<\/li><li style='margin-bottom: 0.8rem; color: #555; font-size: 1.05rem;'>\u2713 Adaptaci\u00f3n a regulaciones locales<\/li><\/ul>\n        <\/div>\n    <\/div>\n<\/div>\n\n\n\n<div class=\"wp-block-group has-global-padding is-layout-constrained wp-container-core-group-is-layout-194ed6b0 wp-block-group-is-layout-constrained\" style='padding-top:3rem; padding-bottom:3rem; padding-left:1.5rem; padding-right:1.5rem; background: #f8f9fa;'>\n    <div style='display: flex; gap: 3rem; align-items: center; flex-wrap: wrap; flex-direction: row-reverse;'>\n        \n        <div style='flex: 1; min-width: 300px;'>\n            <h3 style='font-size: 2rem; font-weight: 700; color: #2C3E50; margin-bottom: 1rem;'>Log\u00edstica y Distribuci\u00f3n<\/h3>\n            <p style='font-size: 1.1rem; line-height: 1.8; color: #666; margin-bottom: 1rem;'>Ofrecemos servicios log\u00edsticos eficientes para garantizar la entrega oportuna de tus productos.<\/p>\n            <ul style=\"list-style: none; padding: 0; margin-top: 1.5rem;\"><li style='margin-bottom: 0.8rem; color: #555; font-size: 1.05rem;'>\u2713 Soluciones personalizadas para cada cliente<\/li><li style='margin-bottom: 0.8rem; color: #555; font-size: 1.05rem;'>\u2713 Seguimiento en tiempo real de env\u00edos<\/li><li style='margin-bottom: 0.8rem; color: #555; font-size: 1.05rem;'>\u2713 Almacenes estrat\u00e9gicamente ubicados<\/li><\/ul>\n        <\/div>\n    <\/div>\n<\/div>\n\n\n\n<div class=\"wp-block-group has-global-padding is-layout-constrained wp-container-core-group-is-layout-194ed6b0 wp-block-group-is-layout-constrained\" style='padding-top:3rem; padding-bottom:3rem; padding-left:1.5rem; padding-right:1.5rem; background: white;'>\n    <div style='display: flex; gap: 3rem; align-items: center; flex-wrap: wrap; '>\n        \n        <div style='flex: 1; min-width: 300px;'>\n            <h3 style='font-size: 2rem; font-weight: 700; color: #2C3E50; margin-bottom: 1rem;'>Asesoramiento en Compras<\/h3>\n            <p style='font-size: 1.1rem; line-height: 1.8; color: #666; margin-bottom: 1rem;'>Te brindamos asesor\u00eda especializada para optimizar tus procesos de compra e importaci\u00f3n.<\/p>\n            <ul style=\"list-style: none; padding: 0; margin-top: 1.5rem;\"><li style='margin-bottom: 0.8rem; color: #555; font-size: 1.05rem;'>\u2713 An\u00e1lisis de mercado y tendencias<\/li><li style='margin-bottom: 0.8rem; color: #555; font-size: 1.05rem;'>\u2713 Evaluaci\u00f3n de proveedores y productos<\/li><li style='margin-bottom: 0.8rem; color: #555; font-size: 1.05rem;'>\u2713 Negociaci\u00f3n de mejores precios y condiciones<\/li><\/ul>\n        <\/div>\n    <\/div>\n<\/div>\n\n\n\n<div class=\"wp-block-group has-global-padding is-layout-constrained wp-container-core-group-is-layout-194ed6b0 wp-block-group-is-layout-constrained\" style='padding-top:3rem; padding-bottom:3rem; padding-left:1.5rem; padding-right:1.5rem; background: #f8f9fa;'>\n    <div style='display: flex; gap: 3rem; align-items: center; flex-wrap: wrap; flex-direction: row-reverse;'>\n        \n        <div style='flex: 1; min-width: 300px;'>\n            <h3 style='font-size: 2rem; font-weight: 700; color: #2C3E50; margin-bottom: 1rem;'>Tr\u00e1mites Aduaneros<\/h3>\n            <p style='font-size: 1.1rem; line-height: 1.8; color: #666; margin-bottom: 1rem;'>Asesoramos en todos los procesos aduaneros, facilitando la importaci\u00f3n sin contratiempos.<\/p>\n            <ul style=\"list-style: none; padding: 0; margin-top: 1.5rem;\"><li style='margin-bottom: 0.8rem; color: #555; font-size: 1.05rem;'>\u2713 Documentaci\u00f3n completa y precisa<\/li><li style='margin-bottom: 0.8rem; color: #555; font-size: 1.05rem;'>\u2713 Representaci\u00f3n ante aduanas<\/li><li style='margin-bottom: 0.8rem; color: #555; font-size: 1.05rem;'>\u2713 Minimizaci\u00f3n de tiempos de espera<\/li><\/ul>\n        <\/div>\n    <\/div>\n<\/div>\n\n\n\n<div class=\"wp-block-group has-global-padding is-layout-constrained wp-container-core-group-is-layout-194ed6b0 wp-block-group-is-layout-constrained\" style='padding-top:3rem; padding-bottom:3rem; padding-left:1.5rem; padding-right:1.5rem; background: white;'>\n    <div style='display: flex; gap: 3rem; align-items: center; flex-wrap: wrap; '>\n        \n        <div style='flex: 1; min-width: 300px;'>\n            <h3 style='font-size: 2rem; font-weight: 700; color: #2C3E50; margin-bottom: 1rem;'>Control de Calidad<\/h3>\n            <p style='font-size: 1.1rem; line-height: 1.8; color: #666; margin-bottom: 1rem;'>Realizamos inspecciones de calidad en los productos importados para asegurar est\u00e1ndares elevados.<\/p>\n            <ul style=\"list-style: none; padding: 0; margin-top: 1.5rem;\"><li style='margin-bottom: 0.8rem; color: #555; font-size: 1.05rem;'>\u2713 Inspecci\u00f3n previa al env\u00edo<\/li><li style='margin-bottom: 0.8rem; color: #555; font-size: 1.05rem;'>\u2713 Informe detallado de la calidad<\/li><li style='margin-bottom: 0.8rem; color: #555; font-size: 1.05rem;'>\u2713 Garant\u00eda de satisfacci\u00f3n del cliente<\/li><\/ul>\n        <\/div>\n    <\/div>\n<\/div>\n\n\n\n<div class=\"wp-block-group has-global-padding is-layout-constrained wp-container-core-group-is-layout-b8bb7311 wp-block-group-is-layout-constrained\" style='padding-top:4rem; padding-bottom:4rem; padding-left:1.5rem; padding-right:1.5rem; background: #2C3E50;'>\n    <div style='text-align: center; color: white;'>\n        <h2 style='font-size: 2.5rem; font-weight: 800;'>\u00bfListo para comenzar? Cont\u00e1ctanos hoy y optimiza tu importaci\u00f3n.<\/h2>\n    <\/div>\n<\/div>\n","protected":false},"excerpt":{"rendered":"<p>Nuestros Servicios Distribuimos productos importados con eficacia y confianza para tu negocio. Importaci\u00f3n de Productos Nos encargamos de la importaci\u00f3n de productos de alta calidad para tu empresa desde el exterior. \u2713 Gesti\u00f3n integral del proceso de importaci\u00f3n \u2713 Red global de proveedores confiables \u2713 Adaptaci\u00f3n a regulaciones locales Log\u00edstica y Distribuci\u00f3n Ofrecemos servicios log\u00edsticos [&hellip;]<\/p>\n","protected":false},"author":1,"featured_media":0,"parent":0,"menu_order":0,"comment_status":"closed","ping_status":"closed","template":"","meta":{"footnotes":""},"class_list":["post-7","page","type-page","status-publish","hentry"],"_links":{"self":[{"href":"https:\/\/tevienlinea.mx\/distribuidora-bicarg-distribution-service-bwiuc\/wp-json\/wp\/v2\/pages\/7","targetHints":{"allow":["GET"]}}],"collection":[{"href":"https:\/\/tevienlinea.mx\/distribuidora-bicarg-distribution-service-bwiuc\/wp-json\/wp\/v2\/pages"}],"about":[{"href":"https:\/\/tevienlinea.mx\/distribuidora-bicarg-distribution-service-bwiuc\/wp-json\/wp\/v2\/types\/page"}],"author":[{"embeddable":true,"href":"https:\/\/tevienlinea.mx\/distribuidora-bicarg-distribution-service-bwiuc\/wp-json\/wp\/v2\/users\/1"}],"replies":[{"embeddable":true,"href":"https:\/\/tevienlinea.mx\/distribuidora-bicarg-distribution-service-bwiuc\/wp-json\/wp\/v2\/comments?post=7"}],"version-history":[{"count":0,"href":"https:\/\/tevienlinea.mx\/distribuidora-bicarg-distribution-service-bwiuc\/wp-json\/wp\/v2\/pages\/7\/revisions"}],"wp:attachment":[{"href":"https:\/\/tevienlinea.mx\/distribuidora-bicarg-distribution-service-bwiuc\/wp-json\/wp\/v2\/media?parent=7"}],"curies":[{"name":"wp","href":"https:\/\/api.w.org\/{rel}","templated":true}]}}