{"id":9,"date":"2025-12-04T01:23:45","date_gmt":"2025-12-04T00:23:45","guid":{"rendered":"https:\/\/tevienlinea.mx\/distribuidora-bicarg-distribution-service-bwiuc\/nosotros\/"},"modified":"2025-12-04T01:23:45","modified_gmt":"2025-12-04T00:23:45","slug":"nosotros","status":"publish","type":"page","link":"https:\/\/tevienlinea.mx\/distribuidora-bicarg-distribution-service-bwiuc\/nosotros\/","title":{"rendered":"Nosotros"},"content":{"rendered":"\n<div class=\"wp-block-group has-global-padding is-layout-constrained wp-container-core-group-is-layout-d0a2af45 wp-block-group-is-layout-constrained\" style='padding-top:5rem; padding-bottom:3rem; padding-left:1.5rem; padding-right:1.5rem; background: linear-gradient(135deg, #2C3E50 0%, #E74C3C 100%);'>\n    <div style='text-align: center; color: white;'>\n        <h1 style='font-size: 3rem; font-weight: 800;'>Nuestra Historia<\/h1>\n    <\/div>\n<\/div>\n\n\n\n<div class=\"wp-block-group has-global-padding is-layout-constrained wp-container-core-group-is-layout-194ed6b0 wp-block-group-is-layout-constrained\" style='padding-top:3rem; padding-bottom:3rem; padding-left:1.5rem; padding-right:1.5rem; background: white;'>\n    <div style='display: flex; gap: 3rem; align-items: center; flex-wrap: wrap; '>\n        \n        <div style='flex: 1; min-width: 300px;'>\n            <h2 style='font-size: 2.2rem; font-weight: 700; color: #2C3E50; margin-bottom: 1.5rem;'>Nuestros Or\u00edgenes<\/h2>\n            <p style='font-size: 1.1rem; line-height: 1.8; color: #555;'>Distribuidora Bicarg naci\u00f3 en la hermosa isla de Hawai, un lugar donde la cultura y la innovaci\u00f3n se entrelazan. Fundada por un grupo de visionarios apasionados por crear conexiones entre productos \u00fanicos y mercados locales, nuestra motivaci\u00f3n inicial fue simple: queremos traer lo mejor de Hawai a M\u00e9xico. Desde el primer momento, nuestro enfoque se centr\u00f3 en la calidad y la autenticidad. Cada decisi\u00f3n que tomamos estaba impulsada por el deseo de ofrecer a nuestros clientes una experiencia que combinara el esp\u00edritu de Hawai con la calidez mexicana. Esta misi\u00f3n ha sido nuestro faro desde el comienzo y sigue siendo la base de nuestra identidad.<\/p>\n        <\/div>\n    <\/div>\n<\/div>\n\n\n\n<div class=\"wp-block-group has-global-padding is-layout-constrained wp-container-core-group-is-layout-194ed6b0 wp-block-group-is-layout-constrained\" style='padding-top:3rem; padding-bottom:3rem; padding-left:1.5rem; padding-right:1.5rem; background: #f8f9fa;'>\n    <div style='display: flex; gap: 3rem; align-items: center; flex-wrap: wrap; flex-direction: row-reverse;'>\n        \n        <div style='flex: 1; min-width: 300px;'>\n            <h2 style='font-size: 2.2rem; font-weight: 700; color: #2C3E50; margin-bottom: 1.5rem;'>Nuestro Camino<\/h2>\n            <p style='font-size: 1.1rem; line-height: 1.8; color: #555;'>A medida que Distribuidora Bicarg fue creciendo, comenzamos a expandir nuestro alcance y nuestras operaciones. La transici\u00f3n de Hawai a M\u00e9xico fue un hito vital que nos permiti\u00f3 no solo introducir productos de alta calidad, sino tambi\u00e9n formar relaciones s\u00f3lidas con proveedores y clientes. Cada etapa de esta evoluci\u00f3n ha estado marcada por desaf\u00edos y aprendizajes que nos fortalecieron como organizaci\u00f3n. Gracias a nuestra dedicaci\u00f3n y a la aceptaci\u00f3n del mercado mexicano, hemos logrado convertirnos en un referente en la distribuci\u00f3n de productos \u00fanicos. Hoy, celebramos cada paso dado y el impacto positivo que hemos generado en las comunidades que servimos.<\/p>\n        <\/div>\n    <\/div>\n<\/div>\n\n\n\n<div class=\"wp-block-group has-global-padding is-layout-constrained wp-container-core-group-is-layout-194ed6b0 wp-block-group-is-layout-constrained\" style='padding-top:3rem; padding-bottom:3rem; padding-left:1.5rem; padding-right:1.5rem; background: white;'>\n    <div style='display: flex; gap: 3rem; align-items: center; flex-wrap: wrap; '>\n        \n        <div style='flex: 1; min-width: 300px;'>\n            <h2 style='font-size: 2.2rem; font-weight: 700; color: #2C3E50; margin-bottom: 1.5rem;'>Nuestra Misi\u00f3n Actual<\/h2>\n            <p style='font-size: 1.1rem; line-height: 1.8; color: #555;'>Hoy en d\u00eda, Distribuidora Bicarg contin\u00faa comprometida con ofrecer lo mejor a nuestros clientes, manteniendo siempre la esencia de nuestros inicios. Valoramos la calidad, la sostenibilidad y la conexi\u00f3n con nuestras ra\u00edces, y aspiramos a seguir creciendo de manera responsable. Miramos hacia el futuro con la firme convicci\u00f3n de ser un puente entre culturas, ofreciendo productos que enriquezcan las vidas de quienes los utilizan. Nuestra misi\u00f3n es crear un legado en el que innovaci\u00f3n y tradici\u00f3n coexistan; queremos ser un ejemplo de c\u00f3mo un peque\u00f1o sue\u00f1o hawaiano pudo florecer en una gran historia en M\u00e9xico. Juntos, seguimos tejiendo esta hermosa narrativa.<\/p>\n        <\/div>\n    <\/div>\n<\/div>\n\n\n\n<div class=\"wp-block-group has-global-padding is-layout-constrained wp-container-core-group-is-layout-2ef76e5a wp-block-group-is-layout-constrained\" style='padding-top:4rem; padding-bottom:4rem; padding-left:1.5rem; padding-right:1.5rem; background: #f8f9fa;'>\n    <h2 style='text-align: center; font-size: 2.5rem; font-weight: 800; color: #2C3E50; margin-bottom: 3rem;'>Nuestros Valores<\/h2>\n    <div style='display: flex; gap: 2rem; flex-wrap: wrap; justify-content: center;'>\n        <div style='flex: 1; min-width: 280px; background: white; border-radius: 12px; padding: 2rem; box-shadow: 0 4px 12px rgba(0,0,0,0.1); text-align: center;'>\n                <div style='font-size: 3rem; margin-bottom: 1rem;'>shield-checkmark-outline<\/div>\n                <h3 style='font-size: 1.5rem; font-weight: 700; color: #2C3E50; margin-bottom: 1rem;'>Compromiso<\/h3>\n                <p style='color: #666; line-height: 1.6;'>Dedicaci\u00f3n constante a nuestros clientes.<\/p>\n            <\/div><div style='flex: 1; min-width: 280px; background: white; border-radius: 12px; padding: 2rem; box-shadow: 0 4px 12px rgba(0,0,0,0.1); text-align: center;'>\n                <div style='font-size: 3rem; margin-bottom: 1rem;'>people-outline<\/div>\n                <h3 style='font-size: 1.5rem; font-weight: 700; color: #2C3E50; margin-bottom: 1rem;'>Conexi\u00f3n<\/h3>\n                <p style='color: #666; line-height: 1.6;'>Fomentamos relaciones aut\u00e9nticas.<\/p>\n            <\/div><div style='flex: 1; min-width: 280px; background: white; border-radius: 12px; padding: 2rem; box-shadow: 0 4px 12px rgba(0,0,0,0.1); text-align: center;'>\n                <div style='font-size: 3rem; margin-bottom: 1rem;'>leaf-outline<\/div>\n                <h3 style='font-size: 1.5rem; font-weight: 700; color: #2C3E50; margin-bottom: 1rem;'>Sostenibilidad<\/h3>\n                <p style='color: #666; line-height: 1.6;'>Priorizamos pr\u00e1cticas responsables.<\/p>\n            <\/div>\n    <\/div>\n<\/div>\n","protected":false},"excerpt":{"rendered":"<p>Nuestra Historia Nuestros Or\u00edgenes Distribuidora Bicarg naci\u00f3 en la hermosa isla de Hawai, un lugar donde la cultura y la innovaci\u00f3n se entrelazan. Fundada por un grupo de visionarios apasionados por crear conexiones entre productos \u00fanicos y mercados locales, nuestra motivaci\u00f3n inicial fue simple: queremos traer lo mejor de Hawai a M\u00e9xico. Desde el primer [&hellip;]<\/p>\n","protected":false},"author":1,"featured_media":0,"parent":0,"menu_order":0,"comment_status":"closed","ping_status":"closed","template":"","meta":{"footnotes":""},"class_list":["post-9","page","type-page","status-publish","hentry"],"_links":{"self":[{"href":"https:\/\/tevienlinea.mx\/distribuidora-bicarg-distribution-service-bwiuc\/wp-json\/wp\/v2\/pages\/9","targetHints":{"allow":["GET"]}}],"collection":[{"href":"https:\/\/tevienlinea.mx\/distribuidora-bicarg-distribution-service-bwiuc\/wp-json\/wp\/v2\/pages"}],"about":[{"href":"https:\/\/tevienlinea.mx\/distribuidora-bicarg-distribution-service-bwiuc\/wp-json\/wp\/v2\/types\/page"}],"author":[{"embeddable":true,"href":"https:\/\/tevienlinea.mx\/distribuidora-bicarg-distribution-service-bwiuc\/wp-json\/wp\/v2\/users\/1"}],"replies":[{"embeddable":true,"href":"https:\/\/tevienlinea.mx\/distribuidora-bicarg-distribution-service-bwiuc\/wp-json\/wp\/v2\/comments?post=9"}],"version-history":[{"count":0,"href":"https:\/\/tevienlinea.mx\/distribuidora-bicarg-distribution-service-bwiuc\/wp-json\/wp\/v2\/pages\/9\/revisions"}],"wp:attachment":[{"href":"https:\/\/tevienlinea.mx\/distribuidora-bicarg-distribution-service-bwiuc\/wp-json\/wp\/v2\/media?parent=9"}],"curies":[{"name":"wp","href":"https:\/\/api.w.org\/{rel}","templated":true}]}}