{"id":8,"date":"2025-12-04T04:49:41","date_gmt":"2025-12-04T03:49:41","guid":{"rendered":"https:\/\/tevienlinea.mx\/distribuidora-bicargo-tech-importer-85az9\/contactanos\/"},"modified":"2025-12-04T04:49:41","modified_gmt":"2025-12-04T03:49:41","slug":"contactanos","status":"publish","type":"page","link":"https:\/\/tevienlinea.mx\/distribuidora-bicargo-tech-importer-85az9\/contactanos\/","title":{"rendered":"Cont\u00e1ctanos"},"content":{"rendered":"\n<div class=\"wp-block-group has-global-padding is-layout-constrained wp-container-core-group-is-layout-d0a2af45 wp-block-group-is-layout-constrained\" style='padding-top:5rem; padding-bottom:3rem; padding-left:1.5rem; padding-right:1.5rem; background: linear-gradient(135deg, #1A1A2E 0%, #E5A100 100%);'>\n    <div style='text-align: center; color: white;'>\n        <h1 style='font-size: 3rem; font-weight: 800; margin-bottom: 1rem;'>Cont\u00e1ctanos<\/h1>\n        <p style='font-size: 1.3rem; opacity: 0.95;'>Estamos aqu\u00ed para ayudarte. Vis\u00edtanos, ll\u00e1manos o escr\u00edbenos.<\/p>\n    <\/div>\n<\/div>\n\n\n\n<div class=\"wp-block-group has-global-padding is-layout-constrained wp-container-core-group-is-layout-37350734 wp-block-group-is-layout-constrained\" style='padding-top:3rem; padding-bottom:4rem; padding-left:1.5rem; padding-right:1.5rem;'>\n    <div style='background: white; padding: 3rem; border-radius: 12px; box-shadow: 0 4px 12px rgba(0,0,0,0.1);'><div style='margin-bottom: 2rem;'>\n            <h3 style='font-size: 1.5rem; font-weight: 700; color: #1A1A2E; margin-bottom: 0.5rem;'>\ud83d\udccd Direcci\u00f3n<\/h3>\n            <p style='font-size: 1.1rem; color: #555;'>sasdas a123<\/p><p style='font-size: 1.1rem; color: #555;'>asda <\/p>\n        <\/div><div style='margin-bottom: 2rem;'>\n            <h3 style='font-size: 1.5rem; font-weight: 700; color: #1A1A2E; margin-bottom: 0.5rem;'>\ud83d\udcde Tel\u00e9fono<\/h3>\n            <p style='font-size: 1.1rem; color: #555;'><a href='tel:5531223222' style='color: #E5A100; text-decoration: none;'>5531223222<\/a><\/p>\n        <\/div><div style='margin-bottom: 2rem;'>\n            <h3 style='font-size: 1.5rem; font-weight: 700; color: #1A1A2E; margin-bottom: 0.5rem;'>\u2709\ufe0f Email<\/h3>\n            <p style='font-size: 1.1rem; color: #555;'><a href='mailto:asdad@asdasd.com' style='color: #E5A100; text-decoration: none;'>asdad@asdasd.com<\/a><\/p>\n        <\/div><div style='margin-bottom: 2rem;'>\n            <a href='https:\/\/wa.me\/525531222322' target='_blank' style='display: inline-block; background: #25D366; color: white; padding: 1rem 2rem; border-radius: 8px; text-decoration: none; font-weight: 600;'>\n                \ud83d\udcac Env\u00edanos un WhatsApp\n            <\/a>\n        <\/div><div style='margin-top: 2rem;'><h3 style='font-size: 1.5rem; font-weight: 700; color: #1A1A2E; margin-bottom: 1rem;'>S\u00edguenos<\/h3><div style='display: flex; gap: 1rem; flex-wrap: wrap;'><a href='https:\/\/www.facebook.com\/groups\/195644067134236\/?locale=es_LA' target='_blank' style='display: inline-block; background: #1877F2; color: white; padding: 0.8rem 1.5rem; border-radius: 6px; text-decoration: none; font-weight: 600;'>Facebook<\/a><\/div><\/div><\/div>\n<\/div>\n","protected":false},"excerpt":{"rendered":"<p>Cont\u00e1ctanos Estamos aqu\u00ed para ayudarte. Vis\u00edtanos, ll\u00e1manos o escr\u00edbenos. \ud83d\udccd Direcci\u00f3n sasdas a123 asda \ud83d\udcde Tel\u00e9fono 5531223222 \u2709\ufe0f Email asdad@asdasd.com \ud83d\udcac Env\u00edanos un WhatsApp S\u00edguenos Facebook<\/p>\n","protected":false},"author":1,"featured_media":0,"parent":0,"menu_order":0,"comment_status":"closed","ping_status":"closed","template":"","meta":{"footnotes":""},"class_list":["post-8","page","type-page","status-publish","hentry"],"_links":{"self":[{"href":"https:\/\/tevienlinea.mx\/distribuidora-bicargo-tech-importer-85az9\/wp-json\/wp\/v2\/pages\/8","targetHints":{"allow":["GET"]}}],"collection":[{"href":"https:\/\/tevienlinea.mx\/distribuidora-bicargo-tech-importer-85az9\/wp-json\/wp\/v2\/pages"}],"about":[{"href":"https:\/\/tevienlinea.mx\/distribuidora-bicargo-tech-importer-85az9\/wp-json\/wp\/v2\/types\/page"}],"author":[{"embeddable":true,"href":"https:\/\/tevienlinea.mx\/distribuidora-bicargo-tech-importer-85az9\/wp-json\/wp\/v2\/users\/1"}],"replies":[{"embeddable":true,"href":"https:\/\/tevienlinea.mx\/distribuidora-bicargo-tech-importer-85az9\/wp-json\/wp\/v2\/comments?post=8"}],"version-history":[{"count":0,"href":"https:\/\/tevienlinea.mx\/distribuidora-bicargo-tech-importer-85az9\/wp-json\/wp\/v2\/pages\/8\/revisions"}],"wp:attachment":[{"href":"https:\/\/tevienlinea.mx\/distribuidora-bicargo-tech-importer-85az9\/wp-json\/wp\/v2\/media?parent=8"}],"curies":[{"name":"wp","href":"https:\/\/api.w.org\/{rel}","templated":true}]}}