{"id":7,"date":"2026-02-27T19:35:35","date_gmt":"2026-02-27T18:35:35","guid":{"rendered":"https:\/\/tevienlinea.mx\/editorial-redlow-book-publishing-wy66m\/contactanos\/"},"modified":"2026-02-27T19:35:35","modified_gmt":"2026-02-27T18:35:35","slug":"contactanos","status":"publish","type":"page","link":"https:\/\/tevienlinea.mx\/editorial-redlow-book-publishing-wy66m\/contactanos\/","title":{"rendered":"Cont\u00e1ctanos"},"content":{"rendered":"\n<div class=\"wp-block-group has-global-padding is-layout-constrained wp-container-core-group-is-layout-d0a2af45 wp-block-group-is-layout-constrained\" style='padding-top:5rem; padding-bottom:3rem; padding-left:1.5rem; padding-right:1.5rem; background: linear-gradient(135deg, #1B1B2A 0%, #4A90E2 100%);'>\n    <div style='text-align: center; color: white;'>\n        <h1 style='font-size: 3rem; font-weight: 800; margin-bottom: 1rem;'>Cont\u00e1ctanos<\/h1>\n        <p style='font-size: 1.3rem; opacity: 0.95;'>Estamos aqu\u00ed para ayudarte. Vis\u00edtanos, ll\u00e1manos o escr\u00edbenos.<\/p>\n    <\/div>\n<\/div>\n\n\n\n<div class=\"wp-block-group has-global-padding is-layout-constrained wp-container-core-group-is-layout-37350734 wp-block-group-is-layout-constrained\" style='padding-top:3rem; padding-bottom:4rem; padding-left:1.5rem; padding-right:1.5rem;'>\n    <div style='background: white; padding: 3rem; border-radius: 12px; box-shadow: 0 4px 12px rgba(0,0,0,0.1);'><div style='margin-bottom: 2rem;'>\n            <h3 style='font-size: 1.5rem; font-weight: 700; color: #1B1B2A; margin-bottom: 0.5rem;'>\ud83d\udccd Direcci\u00f3n<\/h3>\n            <p style='font-size: 1.1rem; color: #555;'>kelvin 27 anzures mexico<\/p><p style='font-size: 1.1rem; color: #555;'>ciudad de mexico <\/p>\n        <\/div><div style='margin-bottom: 2rem;'>\n            <h3 style='font-size: 1.5rem; font-weight: 700; color: #1B1B2A; margin-bottom: 0.5rem;'>\ud83d\udcde Tel\u00e9fono<\/h3>\n            <p style='font-size: 1.1rem; color: #555;'><a href='tel:3320492904' style='color: #4A90E2; text-decoration: none;'>3320492904<\/a><\/p>\n        <\/div><div style='margin-bottom: 2rem;'>\n            <h3 style='font-size: 1.5rem; font-weight: 700; color: #1B1B2A; margin-bottom: 0.5rem;'>\u2709\ufe0f Email<\/h3>\n            <p style='font-size: 1.1rem; color: #555;'><a href='mailto:marco.basurto@tevienlinea.com' style='color: #4A90E2; text-decoration: none;'>marco.basurto@tevienlinea.com<\/a><\/p>\n        <\/div><\/div>\n<\/div>\n","protected":false},"excerpt":{"rendered":"<p>Cont\u00e1ctanos Estamos aqu\u00ed para ayudarte. Vis\u00edtanos, ll\u00e1manos o escr\u00edbenos. \ud83d\udccd Direcci\u00f3n kelvin 27 anzures mexico ciudad de mexico \ud83d\udcde Tel\u00e9fono 3320492904 \u2709\ufe0f Email marco.basurto@tevienlinea.com<\/p>\n","protected":false},"author":1,"featured_media":0,"parent":0,"menu_order":0,"comment_status":"closed","ping_status":"closed","template":"","meta":{"footnotes":""},"class_list":["post-7","page","type-page","status-publish","hentry"],"_links":{"self":[{"href":"https:\/\/tevienlinea.mx\/editorial-redlow-book-publishing-wy66m\/wp-json\/wp\/v2\/pages\/7","targetHints":{"allow":["GET"]}}],"collection":[{"href":"https:\/\/tevienlinea.mx\/editorial-redlow-book-publishing-wy66m\/wp-json\/wp\/v2\/pages"}],"about":[{"href":"https:\/\/tevienlinea.mx\/editorial-redlow-book-publishing-wy66m\/wp-json\/wp\/v2\/types\/page"}],"author":[{"embeddable":true,"href":"https:\/\/tevienlinea.mx\/editorial-redlow-book-publishing-wy66m\/wp-json\/wp\/v2\/users\/1"}],"replies":[{"embeddable":true,"href":"https:\/\/tevienlinea.mx\/editorial-redlow-book-publishing-wy66m\/wp-json\/wp\/v2\/comments?post=7"}],"version-history":[{"count":0,"href":"https:\/\/tevienlinea.mx\/editorial-redlow-book-publishing-wy66m\/wp-json\/wp\/v2\/pages\/7\/revisions"}],"wp:attachment":[{"href":"https:\/\/tevienlinea.mx\/editorial-redlow-book-publishing-wy66m\/wp-json\/wp\/v2\/media?parent=7"}],"curies":[{"name":"wp","href":"https:\/\/api.w.org\/{rel}","templated":true}]}}