{"id":6,"date":"2025-12-01T18:13:44","date_gmt":"2025-12-01T17:13:44","guid":{"rendered":"https:\/\/tevienlinea.mx\/fofucha-feliz-crafts-shop\/inicio\/"},"modified":"2025-12-01T18:13:44","modified_gmt":"2025-12-01T17:13:44","slug":"inicio","status":"publish","type":"page","link":"https:\/\/tevienlinea.mx\/fofucha-feliz-crafts-shop\/","title":{"rendered":"Inicio"},"content":{"rendered":"\n\n<div class=\"wp-block-cover alignfull has-custom-content-position is-position-bottom-center\" style=\"margin-top:0;margin-bottom:0;padding-top:var(--wp--preset--spacing--50);padding-right:var(--wp--preset--spacing--50);padding-bottom:var(--wp--preset--spacing--50);padding-left:var(--wp--preset--spacing--50);min-height:840px;aspect-ratio:unset;\">\n\t<span aria-hidden=\"true\" class=\"wp-block-cover__background has-background-dim-40 has-background-dim\"><\/span>\n\t<img decoding=\"async\" class=\"wp-block-cover__image-background\" alt=\"Banner image\" src=\"https:\/\/storage.googleapis.com\/chatbot-7e554.firebasestorage.app\/company\/18\/website-images\/hero-28a927bb-8815-4828-8dd3-cd0f0b2f6c3a.jpg\" style=\"object-position:50% 95%\" data-object-fit=\"cover\" data-object-position=\"50% 95%\"\/>\n\t<div class=\"wp-block-cover__inner-container has-global-padding is-layout-constrained wp-container-core-cover-is-layout-d89aad35 wp-block-cover-is-layout-constrained\">\n\t\t\n\t\t<div class=\"wp-block-group alignwide has-global-padding is-content-justification-left is-layout-constrained wp-container-core-group-is-layout-12dd3699 wp-block-group-is-layout-constrained\">\n\t\t\t\n\t\t\t<h2 class=\"wp-block-heading has-text-align-left has-xx-large-font-size\">Crea recuerdos inolvidables con personalizaci\u00f3n \u00fanica<\/h2>\n\t\t\t\n\n\t\t\t\n\t\t\t<p>En Fofucha Feliz, dise\u00f1amos detalles artesanales y coloridos que hacen de cada ocasi\u00f3n algo especial. Disfruta de nuestras fofuchas y crea experiencias memorables.<\/p>\n\t\t\t\n\n\t\t<\/div>\n\t\t\n\t<\/div>\n<\/div>\n\n\n\n\n<div class=\"wp-block-group alignfull has-global-padding is-layout-constrained wp-container-core-group-is-layout-ebee8dc1 wp-block-group-is-layout-constrained\" style=\"margin-top:0;margin-bottom:0;padding-top:var(--wp--preset--spacing--50);padding-bottom:var(--wp--preset--spacing--50)\">\n\t\n\t<h2 class=\"wp-block-heading alignwide\">\u00bfPor qu\u00e9 elegirnos?<\/h2>\n\t\n\n\t\n\t<div class=\"wp-block-columns alignwide is-layout-flex wp-container-core-columns-is-layout-28f84493 wp-block-columns-is-layout-flex\">\n\t\t\n\t\t<div class=\"wp-block-column is-layout-flow wp-block-column-is-layout-flow\">\n\n\t\t\t\n\t\t\t<figure class=\"wp-block-image size-full\" style=\"margin-bottom:24px\">\n\t\t\t\t<img decoding=\"async\" src=\"https:\/\/images.pexels.com\/photos\/15004659\/pexels-photo-15004659.jpeg?auto=compress&#038;cs=tinysrgb&#038;h=650&#038;w=940\" alt=\"Imagen para servicio\" style=\"aspect-ratio:4\/3;object-fit:cover\"\/>\n\t\t\t<\/figure>\n\t\t\t\n\n\t\t\t\n\t\t\t<p class=\"has-accent-3-color has-text-color\" style=\"margin-bottom:8px;font-size:0.85rem;font-weight:600;letter-spacing:2px;text-transform:uppercase\">100% ARTESANALES<\/p>\n\t\t\t\n\n\t\t\t\n\t\t\t<h3 class=\"wp-block-heading\">Cada creaci\u00f3n es \u00fanica y personalizada<\/h3>\n\t\t\t\n\n\t\t\t\n\t\t\t<p class=\"has-medium-font-size\">Dise\u00f1amos manualmente cada fofucha con atenci\u00f3n al detalle y amor.<\/p>\n\t\t\t\n\t\t<\/div>\n\t\t\n\n\t\t\n\t\t<div class=\"wp-block-column is-layout-flow wp-block-column-is-layout-flow\">\n\t\t\t\n\t\t\t<figure class=\"wp-block-image size-full\" style=\"margin-bottom:24px\">\n\t\t\t\t<img decoding=\"async\" src=\"https:\/\/pixabay.com\/get\/gff10aec0a7777f8d62eee6a064689ccd57c921526590f625dfbc11736c46f264d959d4d6386b00162102de96e6e395bb9742d59d0ef2f0206e543199d78947f4_1280.jpg\" alt=\"Imagen para servicio\" style=\"aspect-ratio:4\/3;object-fit:cover\"\/>\n\t\t\t<\/figure>\n\t\t\t\n\n\t\t\t\n\t\t\t<p class=\"has-accent-3-color has-text-color\" style=\"margin-bottom:8px;font-size:0.85rem;font-weight:600;letter-spacing:2px;text-transform:uppercase\">DIVERTIDO Y COLORIDO<\/p>\n\t\t\t\n\n\t\t\t\n\t\t\t<h3 class=\"wp-block-heading\">Aportamos alegr\u00eda a tus celebraciones<\/h3>\n\t\t\t\n\n\t\t\t\n\t\t\t<p class=\"has-medium-font-size\">Nuestras fofuchas a\u00f1aden un toque de diversi\u00f3n y color a cualquier evento.<\/p>\n\t\t\t\n\t\t<\/div>\n\t\t\n\n\t\t\n\t\t<div class=\"wp-block-column is-layout-flow wp-block-column-is-layout-flow\">\n\t\t\t\n\t\t\t<figure class=\"wp-block-image size-full\" style=\"margin-bottom:24px\">\n\t\t\t\t<img decoding=\"async\" src=\"https:\/\/images.pexels.com\/photos\/7234520\/pexels-photo-7234520.jpeg?auto=compress&#038;cs=tinysrgb&#038;h=650&#038;w=940\" alt=\"Imagen para servicio\" style=\"aspect-ratio:4\/3;object-fit:cover\"\/>\n\t\t\t<\/figure>\n\t\t\t\n\n\t\t\t\n\t\t\t<p class=\"has-accent-3-color has-text-color\" style=\"margin-bottom:8px;font-size:0.85rem;font-weight:600;letter-spacing:2px;text-transform:uppercase\">C\u00d3MPRALO F\u00c1CIL<\/p>\n\t\t\t\n\n\t\t\t\n\t\t\t<h3 class=\"wp-block-heading\">Compra directa y sencilla<\/h3>\n\t\t\t\n\n\t\t\t\n\t\t\t<p class=\"has-medium-font-size\">Realiza tu pedido de forma r\u00e1pida y sencilla a trav\u00e9s de nuestra tienda en l\u00ednea.<\/p>\n\t\t\t\n\t\t<\/div>\n\t\t\n\t<\/div>\n\t\n<\/div>\n\n\n\n\n<div class=\"wp-block-group alignfull is-style-section-2 has-global-padding is-layout-constrained wp-block-group-is-layout-constrained is-style-section-2--1\" style=\"margin-top:0;margin-bottom:0;padding-top:var(--wp--preset--spacing--50);padding-bottom:var(--wp--preset--spacing--50)\">\n\t\n\t<div class=\"wp-block-columns alignwide is-layout-flex wp-container-core-columns-is-layout-7ee84d44 wp-block-columns-is-layout-flex\">\n\t\t\n\t\t<div class=\"wp-block-column is-vertically-aligned-center is-layout-flow wp-block-column-is-layout-flow\" style=\"flex-basis:50%\">\n\t\t\t\n\t\t\t<h2 class=\"wp-block-heading has-contrast-color has-text-color\">\n\t\t\t\tNuestros Servicios\n\t\t\t<\/h2>\n\t\t\t\n\t\t\t\n\t\t\t<p class=\"has-contrast-color has-text-color has-medium-font-size\">En Fofucha Feliz ofrecemos una variedad de fofuchas personalizadas para eventos especiales, ya sea cumplea\u00f1os, bodas o cualquier ocasi\u00f3n. Cada pieza es hecha a mano, garantizando calidad y singularidad que encantar\u00e1 a todos.<\/p>\n\t\t\t\n\t\t<\/div>\n\t\t\n\n\t\t\n\t\t<div class=\"wp-block-column is-vertically-aligned-center is-layout-flow wp-block-column-is-layout-flow\" style=\"flex-basis:50%\">\n\t\t\t\n\t\t\t<figure class=\"wp-block-image size-full\">\n\t\t\t\t<img decoding=\"async\" src=\"https:\/\/images.unsplash.com\/photo-1711840083711-1926d91eb9e1?crop=entropy&#038;cs=tinysrgb&#038;fit=max&#038;fm=jpg&#038;ixid=M3w0MjczNjh8MHwxfHNlYXJjaHw5fHxwZXJzb24lMjBjcmVhdGluZyUyMGhhbmRtYWRlJTIwZG9sbHxlbnwwfDB8fHwxNzY0NjA5MTIxfDA&#038;ixlib=rb-4.1.0&#038;q=80&#038;w=1080\" alt=\"Imagen de servicio\" style=\"aspect-ratio:1;object-fit:cover\"\/>\n\t\t\t<\/figure>\n\t\t\t\n\t\t<\/div>\n\t\t\n\t<\/div>\n\t\n<\/div>\n\n\n\n\n\n<div class=\"wp-block-group alignfull has-global-padding is-layout-constrained wp-block-group-is-layout-constrained\" style=\"margin-top:0;margin-bottom:0;padding-top:var(--wp--preset--spacing--60);padding-bottom:var(--wp--preset--spacing--60)\">\n\t\n\t<div class=\"wp-block-columns alignwide is-layout-flex wp-container-core-columns-is-layout-714d85e9 wp-block-columns-is-layout-flex\">\n\t\t\n\t\t<div class=\"wp-block-column is-layout-flow wp-block-column-is-layout-flow\">\n\t\t\t\n\t\t\t<div class=\"wp-block-columns is-layout-flex wp-container-core-columns-is-layout-08c01c1c wp-block-columns-is-layout-flex\">\n\t\t\t\t\n\t\t\t\t<div class=\"wp-block-column is-layout-flow wp-block-column-is-layout-flow\" style=\"flex-basis:64px\">\n\t\t\t\t\t\n\t\t\t\t\t<figure class=\"wp-block-image size-large is-resized is-style-rounded\"><img decoding=\"async\" src=\"https:\/\/tevienlinea.mx\/wp-content\/themes\/twentytwentyfive\/assets\/images\/nurse.webp\" alt=\"Foto de cliente\" style=\"aspect-ratio:1;object-fit:cover;width:64px\"\/><\/figure>\n\t\t\t\t\t\n\t\t\t\t<\/div>\n\t\t\t\t\n\n\t\t\t\t\n\t\t\t\t<div class=\"wp-block-column is-layout-flow wp-block-column-is-layout-flow\">\n\t\t\t\t\t\n\t\t\t\t\t<blockquote class=\"wp-block-quote is-style-plain has-x-large-font-size is-layout-flow wp-container-core-quote-is-layout-119bc444 wp-block-quote-is-layout-flow is-style-plain--2\" style=\"font-style:normal;font-weight:400\">\n\t\t\t\t\t\t\n\t\t\t\t\t\t<p style=\"line-height:1.1\">\u00abLa fofucha que crearon para el cumplea\u00f1os de mi hija fue un \u00e9xito total. Todos la adoraron y qued\u00f3 maravillosa. \u00a1Definitivamente volver\u00e9 a pedir m\u00e1s para otras celebraciones! Su atenci\u00f3n y creatividad son sorprendentes.\u00bb<\/p>\n\t\t\t\t\t\t\n\t\t\t\t\t\t<cite>Mar\u00eda G\u00f3mez <br \/><sub>Lima, Per\u00fa<\/sub><\/cite>\n\t\t\t\t\t<\/blockquote>\n\t\t\t\t\t\n\t\t\t\t<\/div>\n\t\t\t\t\n\t\t\t<\/div>\n\t\t\t\n\t\t<\/div>\n\t\t\n\t<\/div>\n\t\n<\/div>\n\n\n\n\n\n<div class=\"wp-block-group alignfull is-style-section-3 has-base-color has-text-color has-global-padding is-layout-constrained wp-block-group-is-layout-constrained is-style-section-3--3\" style=\"margin-top:0;margin-bottom:0;padding-top:var(--wp--preset--spacing--60);padding-bottom:var(--wp--preset--spacing--60)\">\n\t\n\t<div class=\"wp-block-columns alignwide is-layout-flex wp-container-core-columns-is-layout-643ced6b wp-block-columns-is-layout-flex\">\n\t\t\n\t\t<div class=\"wp-block-column is-layout-flow wp-block-column-is-layout-flow\" style=\"flex-basis:40%\">\n\t\t\t\n\t\t\t<figure class=\"wp-block-image size-large\">\n\t\t\t\t<img decoding=\"async\" src=\"https:\/\/storage.googleapis.com\/chatbot-7e554.firebasestorage.app\/company\/18\/website-images\/hero-c624354c-c7fa-4d48-81ef-418177d6f16e.jpg\" alt=\"Redes Sociales\"\/>\n\t\t\t<\/figure>\n\t\t\t\n\t\t<\/div>\n\t\t\n\n\t\t\n\t\t<div class=\"wp-block-column is-vertically-aligned-center is-layout-flow wp-container-core-column-is-layout-119bc444 wp-block-column-is-layout-flow\" style=\"flex-basis:60%\">\n\t\t\t\n\t\t\t<h2 class=\"wp-block-heading has-base-color has-text-color has-xx-large-font-size\">Nuestras Redes Sociales<\/h2>\n\t\t\t\n\n\t\t\t\n\t\t\t<p class=\"has-base-color has-text-color\">S\u00edguenos y conoce nuestras ofertas, novedades y promociones.<\/p>\n\t\t\t\n\n\t\t\t\n\t\t\t<div class=\"wp-block-group is-vertical is-layout-flex wp-container-core-group-is-layout-41e20069 wp-block-group-is-layout-flex\">\n\n\t\t\t\t\n\t\t\t\t<h3 class=\"wp-block-heading has-base-color has-text-color has-small-font-size\" style=\"font-style:normal;font-weight:600;letter-spacing:1px;text-transform:uppercase\">S\u00edguenos en tu plataforma favorita<\/h3>\n\t\t\t\t\n\n\t\t\t\t\n\t\t\t\t<div class=\"wp-block-group is-layout-flex wp-block-group-is-layout-flex\">\n\t\t\t\t\n\t\t\t\t<p class=\"is-style-text-annotation has-base-color has-text-color is-style-text-annotation--4\"><a href=\"https:\/\/www.instagram.com\/manualidades_jagot19\/\" target=\"_blank\" rel=\"noopener\">Instagram<\/a><\/p>\n\t\t\t\t\n\n\t\t\t\t\n\t\t\t\t<p class=\"is-style-text-annotation has-base-color has-text-color is-style-text-annotation--5\"><a href=\"https:\/\/www.facebook.com\/jazitaglz\" target=\"_blank\" rel=\"noopener\">Facebook<\/a><\/p>\n\t\t\t\t\n\n\t\t\t\t<\/div>\n\t\t\t\t\n\n\t\t\t<\/div>\n\t\t\t\n\n\t\t<\/div>\n\t\t\n\t<\/div>\n\t\n<\/div>\n\n\n\n\n\n<div class=\"wp-block-group alignfull has-global-padding is-layout-constrained wp-block-group-is-layout-constrained\" style=\"margin-top:0;margin-bottom:0;padding-top:var(--wp--preset--spacing--60);padding-bottom:var(--wp--preset--spacing--60)\">\n    \n    <h2 class=\"wp-block-heading alignwide has-text-align-center has-x-large-font-size\">Nuestro Proceso<\/h2>\n    \n\n    \n    <div class=\"wp-block-columns alignwide is-layout-flex wp-container-core-columns-is-layout-ee5d7bc4 wp-block-columns-is-layout-flex\" style=\"margin-top:var(--wp--preset--spacing--50)\">\n\n        \n        <div class=\"wp-block-column is-layout-flow wp-block-column-is-layout-flow\">\n            \n            <figure class=\"wp-block-image size-full\" style=\"margin-bottom:24px\">\n                <img decoding=\"async\" src=\"https:\/\/images.unsplash.com\/photo-1571573750055-39cfc5545c23?crop=entropy&#038;cs=tinysrgb&#038;fit=max&#038;fm=jpg&#038;ixid=M3w0MjczNjh8MHwxfHNlYXJjaHw1fHxwZXJzb24lMjBjb25zdWx0aW5nJTIwYWJvdXQlMjBkZXNpZ258ZW58MHwwfHx8MTc2NDYwNzExMXww&#038;ixlib=rb-4.1.0&#038;q=80&#038;w=1080\" alt=\"Paso 1\" style=\"aspect-ratio:4\/3;object-fit:cover\"\/>\n            <\/figure>\n            \n\n            \n            <h3 class=\"wp-block-heading has-accent-3-color has-text-color\" style=\"margin-bottom:16px;font-size:clamp(1.976rem, 1.976rem + ((1vw - 0.2rem) * 2.391), 3.5rem);font-weight:700;line-height:1\">1<\/h3>\n            \n\n            \n            <h4 class=\"wp-block-heading has-medium-font-size\">Paso 1: Consulta inicial<\/h4>\n            \n\n            \n            <p class=\"has-medium-font-size\">Nos cuentas tus ideas y dise\u00f1amos juntas la fofucha perfecta.<\/p>\n            \n        <\/div>\n        \n        \n        <div class=\"wp-block-column is-layout-flow wp-block-column-is-layout-flow\">\n            \n            <figure class=\"wp-block-image size-full\" style=\"margin-bottom:24px\">\n                <img decoding=\"async\" src=\"https:\/\/images.unsplash.com\/photo-1709477917719-e0584f95b1c9?crop=entropy&#038;cs=tinysrgb&#038;fit=max&#038;fm=jpg&#038;ixid=M3w0MjczNjh8MHwxfHNlYXJjaHw0fHxhcnRpc3QlMjBjcmFmdGluZyUyMGRvbGxzfGVufDB8MHx8fDE3NjQ2MDczNTF8MA&#038;ixlib=rb-4.1.0&#038;q=80&#038;w=1080\" alt=\"Paso 2\" style=\"aspect-ratio:4\/3;object-fit:cover\"\/>\n            <\/figure>\n            \n\n            \n            <h3 class=\"wp-block-heading has-accent-3-color has-text-color\" style=\"margin-bottom:16px;font-size:clamp(1.976rem, 1.976rem + ((1vw - 0.2rem) * 2.391), 3.5rem);font-weight:700;line-height:1\">2<\/h3>\n            \n\n            \n            <h4 class=\"wp-block-heading has-medium-font-size\">Paso 2: Dise\u00f1o y creaci\u00f3n<\/h4>\n            \n\n            \n            <p class=\"has-medium-font-size\">Creamos tu fofucha con los materiales y colores elegidos.<\/p>\n            \n        <\/div>\n        \n        \n        <div class=\"wp-block-column is-layout-flow wp-block-column-is-layout-flow\">\n            \n            <figure class=\"wp-block-image size-full\" style=\"margin-bottom:24px\">\n                <img decoding=\"async\" src=\"https:\/\/images.pexels.com\/photos\/8669807\/pexels-photo-8669807.jpeg?auto=compress&#038;cs=tinysrgb&#038;h=650&#038;w=940\" alt=\"Paso 3\" style=\"aspect-ratio:4\/3;object-fit:cover\"\/>\n            <\/figure>\n            \n\n            \n            <h3 class=\"wp-block-heading has-accent-3-color has-text-color\" style=\"margin-bottom:16px;font-size:clamp(1.976rem, 1.976rem + ((1vw - 0.2rem) * 2.391), 3.5rem);font-weight:700;line-height:1\">3<\/h3>\n            \n\n            \n            <h4 class=\"wp-block-heading has-medium-font-size\">Paso 3: Entrega y disfrute<\/h4>\n            \n\n            \n            <p class=\"has-medium-font-size\">Te entregamos tu fofucha lista para alegrar tu evento.<\/p>\n            \n        <\/div>\n        \n    <\/div>\n    \n<\/div>\n\n\n\n\n\n<div class=\"wp-block-group alignfull has-global-padding is-layout-constrained wp-block-group-is-layout-constrained\" style=\"margin-top:0;margin-bottom:0\">\n    \n    <div class=\"wp-block-group alignwide is-layout-flow wp-container-core-group-is-layout-d58a0413 wp-block-group-is-layout-flow\" style=\"padding-top:var(--wp--preset--spacing--50);padding-bottom:var(--wp--preset--spacing--50)\">\n        \n        <h2 class=\"wp-block-heading has-x-large-font-size\">Preguntas frecuentes<\/h2>\n        \n\n        \n        <div class=\"wp-block-columns is-layout-flex wp-container-core-columns-is-layout-28f84493 wp-block-columns-is-layout-flex\">\n            \n            <div class=\"wp-block-column is-layout-flow wp-block-column-is-layout-flow\">\n\n                \n                <div class=\"wp-block-group is-layout-flow wp-block-group-is-layout-flow\" style=\"border-top-color:var(--wp--preset--color--accent-6);border-top-width:1px;padding-top:var(--wp--preset--spacing--30);padding-bottom:var(--wp--preset--spacing--30)\">\n                    \n                    <h3 class=\"wp-block-heading\">\u00bfCu\u00e1nto tiempo toma la creaci\u00f3n de una fofucha?<\/h3>\n                    \n\n                    \n                    <p>Normalmente, el proceso toma entre 5 a 7 d\u00edas h\u00e1biles desde la confirmaci\u00f3n del pedido.<\/p>\n                    \n                <\/div>\n                \n                \n                <div class=\"wp-block-group is-layout-flow wp-block-group-is-layout-flow\" style=\"border-top-color:var(--wp--preset--color--accent-6);border-top-width:1px;padding-top:var(--wp--preset--spacing--30);padding-bottom:var(--wp--preset--spacing--30)\">\n                    \n                    <h3 class=\"wp-block-heading\">\u00bfCu\u00e1les son los precios de las fofuchas?<\/h3>\n                    \n\n                    \n                    <p>Los precios var\u00edan seg\u00fan el dise\u00f1o y los detalles, desde 20 hasta 50 soles por unidad.<\/p>\n                    \n                <\/div>\n                \n                \n                <div class=\"wp-block-group is-layout-flow wp-block-group-is-layout-flow\" style=\"border-top-color:var(--wp--preset--color--accent-6);border-top-width:1px;padding-top:var(--wp--preset--spacing--30);padding-bottom:var(--wp--preset--spacing--30)\">\n                    \n                    <h3 class=\"wp-block-heading\">\u00bfTienen garant\u00eda sobre las fofuchas?<\/h3>\n                    \n\n                    \n                    <p>S\u00ed, ofrecemos garant\u00eda por defectos de fabricaci\u00f3n en nuestras fofuchas.<\/p>\n                    \n                <\/div>\n                \n            <\/div>\n            \n\n            \n            <div class=\"wp-block-column is-layout-flow wp-block-column-is-layout-flow\">\n\n                \n                <div class=\"wp-block-group is-layout-flow wp-block-group-is-layout-flow\" style=\"border-top-color:var(--wp--preset--color--accent-6);border-top-width:1px;padding-top:var(--wp--preset--spacing--30);padding-bottom:var(--wp--preset--spacing--30)\">\n                    \n                    <h3 class=\"wp-block-heading\">\u00bfOfrecen servicio de atenci\u00f3n al cliente?<\/h3>\n                    \n\n                    \n                    <p>Claro, puedes contactarnos a trav\u00e9s de WhatsApp o correo electr\u00f3nico para cualquier consulta.<\/p>\n                    \n                <\/div>\n                \n                \n                <div class=\"wp-block-group is-layout-flow wp-block-group-is-layout-flow\" style=\"border-top-color:var(--wp--preset--color--accent-6);border-top-width:1px;padding-top:var(--wp--preset--spacing--30);padding-bottom:var(--wp--preset--spacing--30)\">\n                    \n                    <h3 class=\"wp-block-heading\">\u00bfC\u00f3mo proteg\u00e9is mis datos personales?<\/h3>\n                    \n\n                    \n                    <p>Tus datos est\u00e1n seguros. No compartimos informaci\u00f3n personal con terceros sin tu consentimiento.<\/p>\n                    \n                <\/div>\n                \n                \n                <div class=\"wp-block-group is-layout-flow wp-block-group-is-layout-flow\" style=\"border-top-color:var(--wp--preset--color--accent-6);border-top-width:1px;padding-top:var(--wp--preset--spacing--30);padding-bottom:var(--wp--preset--spacing--30)\">\n                    \n                    <h3 class=\"wp-block-heading\">\u00bfSon compatibles las fofuchas con eventos al aire libre?<\/h3>\n                    \n\n                    \n                    <p>S\u00ed, nuestras fofuchas est\u00e1n hechas de materiales resistentes, ideales para cualquier tipo de evento.<\/p>\n                    \n                <\/div>\n                \n            <\/div>\n            \n        <\/div>\n        \n    <\/div>\n    \n<\/div>\n\n\n\n\n\n<div class=\"wp-block-group alignfull has-base-color has-accent-3-background-color has-text-color has-background has-link-color wp-elements-27d227ad87715c06a515d0910241e5da has-global-padding is-layout-constrained wp-block-group-is-layout-constrained\" style=\"margin-top:0;margin-bottom:0;padding-top:var(--wp--preset--spacing--70);padding-bottom:var(--wp--preset--spacing--70)\">\n    \n    <h2 class=\"wp-block-heading has-text-align-center has-xx-large-font-size\">\u00a1Da vida a tus celebraciones con nuestras fofuchas!<\/h2>\n    \n\n    \n    <p class=\"has-text-align-center has-medium-font-size\" style=\"margin-top:var(--wp--preset--spacing--40)\">\u00danete a cientos de clientes satisfechos que han elegido nuestros detalles \u00fanicos.<\/p>\n    \n<\/div>\n\n\n\n","protected":false},"excerpt":{"rendered":"<p>\u00bfPor qu\u00e9 elegirnos? 100% ARTESANALES Cada creaci\u00f3n es \u00fanica y personalizada Dise\u00f1amos manualmente cada fofucha con atenci\u00f3n al detalle y amor. DIVERTIDO Y COLORIDO Aportamos alegr\u00eda a tus celebraciones Nuestras fofuchas a\u00f1aden un toque de diversi\u00f3n y color a cualquier evento. C\u00d3MPRALO F\u00c1CIL Compra directa y sencilla Realiza tu pedido de forma r\u00e1pida y sencilla [&hellip;]<\/p>\n","protected":false},"author":1,"featured_media":0,"parent":0,"menu_order":0,"comment_status":"closed","ping_status":"closed","template":"","meta":{"footnotes":""},"class_list":["post-6","page","type-page","status-publish","hentry"],"_links":{"self":[{"href":"https:\/\/tevienlinea.mx\/fofucha-feliz-crafts-shop\/wp-json\/wp\/v2\/pages\/6","targetHints":{"allow":["GET"]}}],"collection":[{"href":"https:\/\/tevienlinea.mx\/fofucha-feliz-crafts-shop\/wp-json\/wp\/v2\/pages"}],"about":[{"href":"https:\/\/tevienlinea.mx\/fofucha-feliz-crafts-shop\/wp-json\/wp\/v2\/types\/page"}],"author":[{"embeddable":true,"href":"https:\/\/tevienlinea.mx\/fofucha-feliz-crafts-shop\/wp-json\/wp\/v2\/users\/1"}],"replies":[{"embeddable":true,"href":"https:\/\/tevienlinea.mx\/fofucha-feliz-crafts-shop\/wp-json\/wp\/v2\/comments?post=6"}],"version-history":[{"count":0,"href":"https:\/\/tevienlinea.mx\/fofucha-feliz-crafts-shop\/wp-json\/wp\/v2\/pages\/6\/revisions"}],"wp:attachment":[{"href":"https:\/\/tevienlinea.mx\/fofucha-feliz-crafts-shop\/wp-json\/wp\/v2\/media?parent=6"}],"curies":[{"name":"wp","href":"https:\/\/api.w.org\/{rel}","templated":true}]}}