{"id":11,"date":"2025-12-10T19:51:56","date_gmt":"2025-12-10T18:51:56","guid":{"rendered":"https:\/\/tevienlinea.mx\/gas-bienestar-gas-delivery-obtlb\/producto\/cilindro-seguro-y-resistente-para-organizacion-eficiente\/"},"modified":"2025-12-10T19:51:58","modified_gmt":"2025-12-10T18:51:58","slug":"cilindro-seguro-y-resistente-para-organizacion-eficiente","status":"publish","type":"product","link":"https:\/\/tevienlinea.mx\/gas-bienestar-gas-delivery-obtlb\/producto\/cilindro-seguro-y-resistente-para-organizacion-eficiente\/","title":{"rendered":"Cilindro seguro y resistente para organizaci\u00f3n eficiente"},"content":{"rendered":"<p>Maximiza tu espacio y protege tus objetos con este cilindro seguro y resistente, la soluci\u00f3n ideal para quienes aprecian el orden y la tranquilidad. Su estructura robusta mantiene todo resguardado, ya sea materiales del d\u00eda a d\u00eda u objetos de valor, garantizando que est\u00e9n organizados y fuera de peligro. Perfecto para el hogar o el entorno profesional, este cilindro te ayuda a mantener cada elemento en su lugar, facilitando el acceso y conservando el orden en todo momento. Elige una opci\u00f3n pr\u00e1ctica y duradera para optimizar tu almacenamiento. Haz tu rutina m\u00e1s simple y protege lo que m\u00e1s importa: a\u00f1ade este cilindro seguro a tu carrito y experimenta la diferencia en organizaci\u00f3n y tranquilidad que te ofrece.<\/p>\n","protected":false},"excerpt":{"rendered":"<p>Maximiza tu espacio y protege tus objetos con este cilindro seguro y resistente, la soluci\u00f3n ideal para quienes aprecian el&hellip;<\/p>\n","protected":false},"featured_media":12,"comment_status":"open","ping_status":"closed","template":"","meta":[],"product_brand":[],"product_cat":[],"product_tag":[],"class_list":{"0":"post-11","1":"product","2":"type-product","3":"status-publish","4":"has-post-thumbnail","7":"first","8":"instock","9":"shipping-taxable","10":"product-type-simple"},"_links":{"self":[{"href":"https:\/\/tevienlinea.mx\/gas-bienestar-gas-delivery-obtlb\/wp-json\/wp\/v2\/product\/11","targetHints":{"allow":["GET"]}}],"collection":[{"href":"https:\/\/tevienlinea.mx\/gas-bienestar-gas-delivery-obtlb\/wp-json\/wp\/v2\/product"}],"about":[{"href":"https:\/\/tevienlinea.mx\/gas-bienestar-gas-delivery-obtlb\/wp-json\/wp\/v2\/types\/product"}],"replies":[{"embeddable":true,"href":"https:\/\/tevienlinea.mx\/gas-bienestar-gas-delivery-obtlb\/wp-json\/wp\/v2\/comments?post=11"}],"wp:featuredmedia":[{"embeddable":true,"href":"https:\/\/tevienlinea.mx\/gas-bienestar-gas-delivery-obtlb\/wp-json\/wp\/v2\/media\/12"}],"wp:attachment":[{"href":"https:\/\/tevienlinea.mx\/gas-bienestar-gas-delivery-obtlb\/wp-json\/wp\/v2\/media?parent=11"}],"wp:term":[{"taxonomy":"product_brand","embeddable":true,"href":"https:\/\/tevienlinea.mx\/gas-bienestar-gas-delivery-obtlb\/wp-json\/wp\/v2\/product_brand?post=11"},{"taxonomy":"product_cat","embeddable":true,"href":"https:\/\/tevienlinea.mx\/gas-bienestar-gas-delivery-obtlb\/wp-json\/wp\/v2\/product_cat?post=11"},{"taxonomy":"product_tag","embeddable":true,"href":"https:\/\/tevienlinea.mx\/gas-bienestar-gas-delivery-obtlb\/wp-json\/wp\/v2\/product_tag?post=11"}],"curies":[{"name":"wp","href":"https:\/\/api.w.org\/{rel}","templated":true}]}}