{"id":9,"date":"2026-03-26T17:35:35","date_gmt":"2026-03-26T16:35:35","guid":{"rendered":"https:\/\/tevienlinea.mx\/grupo-bombas-unidos-hydraulic-pumps-54h8r\/nosotros\/"},"modified":"2026-03-26T17:35:35","modified_gmt":"2026-03-26T16:35:35","slug":"nosotros","status":"publish","type":"page","link":"https:\/\/tevienlinea.mx\/grupo-bombas-unidos-hydraulic-pumps-54h8r\/nosotros\/","title":{"rendered":"Nosotros"},"content":{"rendered":"\n<div class=\"wp-block-group has-global-padding is-layout-constrained wp-container-core-group-is-layout-d0a2af45 wp-block-group-is-layout-constrained\" style='padding-top:5rem; padding-bottom:3rem; padding-left:1.5rem; padding-right:1.5rem; background: linear-gradient(135deg, #1A2631 0%, #FFC107 100%);'>\n    <div style='text-align: center; color: white;'>\n        <h1 style='font-size: 3rem; font-weight: 800;'>Nuestra Historia<\/h1>\n    <\/div>\n<\/div>\n\n\n\n<div class=\"wp-block-group has-global-padding is-layout-constrained wp-container-core-group-is-layout-194ed6b0 wp-block-group-is-layout-constrained\" style='padding-top:3rem; padding-bottom:3rem; padding-left:1.5rem; padding-right:1.5rem; background: white;'>\n    <div style='display: flex; gap: 3rem; align-items: center; flex-wrap: wrap; '>\n        \n        <div style='flex: 1; min-width: 300px;'>\n            <h2 style='font-size: 2.2rem; font-weight: 700; color: #1A2631; margin-bottom: 1.5rem;'>Nuestros Or\u00edgenes<\/h2>\n            <p style='font-size: 1.1rem; line-height: 1.8; color: #555;'>En Grupo Bombas Unidos, cada equipo que fabricamos es un reflejo de nuestra dedicaci\u00f3n a la calidad y la innovaci\u00f3n. Nacimos con la misi\u00f3n de ofrecer soluciones de bombeo de agua eficientes y confiables, utilizando la \u00faltima tecnolog\u00eda alemana. Desde el principio, nuestro compromiso ha sido con la excelencia, garantizando que cada bomba y motor el\u00e9ctrico sumergible, disponible en rangos de 1 a 120 lts\/seg y de 4 a 350 H.P. est\u00e9 dise\u00f1ado con materiales de primera calidad. Gracias a maquinaria moderna y a un riguroso control de calidad, logramos cumplir con la Norma Oficial Mexicana, estableciendo as\u00ed un referente en confiabilidad y durabilidad en el sector.<\/p>\n        <\/div>\n    <\/div>\n<\/div>\n\n\n\n<div class=\"wp-block-group has-global-padding is-layout-constrained wp-container-core-group-is-layout-194ed6b0 wp-block-group-is-layout-constrained\" style='padding-top:3rem; padding-bottom:3rem; padding-left:1.5rem; padding-right:1.5rem; background: #f8f9fa;'>\n    <div style='display: flex; gap: 3rem; align-items: center; flex-wrap: wrap; flex-direction: row-reverse;'>\n        \n        <div style='flex: 1; min-width: 300px;'>\n            <h2 style='font-size: 2.2rem; font-weight: 700; color: #1A2631; margin-bottom: 1.5rem;'>Nuestro Crecimiento<\/h2>\n            <p style='font-size: 1.1rem; line-height: 1.8; color: #555;'>A lo largo de los a\u00f1os, Grupo Bombas Unidos ha evolucionado y crecido de manera constante, adapt\u00e1ndose a las necesidades del mercado y mejorando nuestros procesos. Nuestra fundici\u00f3n, equipada con tecnolog\u00eda de vanguardia y control de fusi\u00f3n computarizado, asegura la calidad de las aleaciones que utilizamos. Numerosos clientes han confiado en nosotros por nuestra capacidad de entregar productos que no solo cumplen, sino que superan sus expectativas. Desde la fabricaci\u00f3n de codos cabezales hasta cables sumergibles, cada avance en nuestra l\u00ednea de producci\u00f3n simboliza nuestro compromiso de brindar los mejores productos para el bombeo de agua desde pozos profundos.<\/p>\n        <\/div>\n    <\/div>\n<\/div>\n\n\n\n<div class=\"wp-block-group has-global-padding is-layout-constrained wp-container-core-group-is-layout-194ed6b0 wp-block-group-is-layout-constrained\" style='padding-top:3rem; padding-bottom:3rem; padding-left:1.5rem; padding-right:1.5rem; background: white;'>\n    <div style='display: flex; gap: 3rem; align-items: center; flex-wrap: wrap; '>\n        \n        <div style='flex: 1; min-width: 300px;'>\n            <h2 style='font-size: 2.2rem; font-weight: 700; color: #1A2631; margin-bottom: 1.5rem;'>Nuestra Misi\u00f3n Actual<\/h2>\n            <p style='font-size: 1.1rem; line-height: 1.8; color: #555;'>Hoy en d\u00eda, en Grupo Bombas Unidos, seguimos enfocados en ofrecer soluciones integrales y de alta calidad que respondan a las exigencias del sector. M\u00e1s que una empresa, somos un equipo apasionado que aspira a hacer una diferencia en la industria de bombeo, garantizando que cada cliente reciba un producto confiable. Con la mirada puesta en el futuro, continuamos invirtiendo en tecnolog\u00eda y desarrollo, consolidando nuestras bases y ampliando nuestras capacidades. Nuestra visi\u00f3n es ser l\u00edderes en este sector, comprometidos en innovar constantemente y en proveer el mejor servicio a nuestros socios y clientes, asegurando satisfacci\u00f3n y confiabilidad en cada proyecto.<\/p>\n        <\/div>\n    <\/div>\n<\/div>\n\n\n\n<div class=\"wp-block-group has-global-padding is-layout-constrained wp-container-core-group-is-layout-2ef76e5a wp-block-group-is-layout-constrained\" style='padding-top:4rem; padding-bottom:4rem; padding-left:1.5rem; padding-right:1.5rem; background: #f8f9fa;'>\n    <h2 style='text-align: center; font-size: 2.5rem; font-weight: 800; color: #1A2631; margin-bottom: 3rem;'>Nuestros Valores<\/h2>\n    <div style='display: flex; gap: 2rem; flex-wrap: wrap; justify-content: center;'>\n        <div style='flex: 1; min-width: 280px; background: white; border-radius: 12px; padding: 2rem; box-shadow: 0 4px 12px rgba(0,0,0,0.1); text-align: center;'>\n                <div style='font-size: 3rem; margin-bottom: 1rem;'>shield-checkmark-outline<\/div>\n                <h3 style='font-size: 1.5rem; font-weight: 700; color: #1A2631; margin-bottom: 1rem;'>Calidad<\/h3>\n                <p style='color: #666; line-height: 1.6;'>Comprometidos con los m\u00e1s altos est\u00e1ndares.<\/p>\n            <\/div><div style='flex: 1; min-width: 280px; background: white; border-radius: 12px; padding: 2rem; box-shadow: 0 4px 12px rgba(0,0,0,0.1); text-align: center;'>\n                <div style='font-size: 3rem; margin-bottom: 1rem;'>people-outline<\/div>\n                <h3 style='font-size: 1.5rem; font-weight: 700; color: #1A2631; margin-bottom: 1rem;'>Colaboraci\u00f3n<\/h3>\n                <p style='color: #666; line-height: 1.6;'>Unidos como equipo para lograr metas conjuntas.<\/p>\n            <\/div><div style='flex: 1; min-width: 280px; background: white; border-radius: 12px; padding: 2rem; box-shadow: 0 4px 12px rgba(0,0,0,0.1); text-align: center;'>\n                <div style='font-size: 3rem; margin-bottom: 1rem;'>leaf-outline<\/div>\n                <h3 style='font-size: 1.5rem; font-weight: 700; color: #1A2631; margin-bottom: 1rem;'>Innovaci\u00f3n<\/h3>\n                <p style='color: #666; line-height: 1.6;'>Buscando constantemente mejoras tecnol\u00f3gicas.<\/p>\n            <\/div>\n    <\/div>\n<\/div>\n","protected":false},"excerpt":{"rendered":"<p>Nuestra Historia Nuestros Or\u00edgenes En Grupo Bombas Unidos, cada equipo que fabricamos es un reflejo de nuestra dedicaci\u00f3n a la calidad y la innovaci\u00f3n. Nacimos con la misi\u00f3n de ofrecer soluciones de bombeo de agua eficientes y confiables, utilizando la \u00faltima tecnolog\u00eda alemana. Desde el principio, nuestro compromiso ha sido con la excelencia, garantizando que [&hellip;]<\/p>\n","protected":false},"author":1,"featured_media":0,"parent":0,"menu_order":0,"comment_status":"closed","ping_status":"closed","template":"","meta":{"footnotes":""},"class_list":["post-9","page","type-page","status-publish","hentry"],"_links":{"self":[{"href":"https:\/\/tevienlinea.mx\/grupo-bombas-unidos-hydraulic-pumps-54h8r\/wp-json\/wp\/v2\/pages\/9","targetHints":{"allow":["GET"]}}],"collection":[{"href":"https:\/\/tevienlinea.mx\/grupo-bombas-unidos-hydraulic-pumps-54h8r\/wp-json\/wp\/v2\/pages"}],"about":[{"href":"https:\/\/tevienlinea.mx\/grupo-bombas-unidos-hydraulic-pumps-54h8r\/wp-json\/wp\/v2\/types\/page"}],"author":[{"embeddable":true,"href":"https:\/\/tevienlinea.mx\/grupo-bombas-unidos-hydraulic-pumps-54h8r\/wp-json\/wp\/v2\/users\/1"}],"replies":[{"embeddable":true,"href":"https:\/\/tevienlinea.mx\/grupo-bombas-unidos-hydraulic-pumps-54h8r\/wp-json\/wp\/v2\/comments?post=9"}],"version-history":[{"count":0,"href":"https:\/\/tevienlinea.mx\/grupo-bombas-unidos-hydraulic-pumps-54h8r\/wp-json\/wp\/v2\/pages\/9\/revisions"}],"wp:attachment":[{"href":"https:\/\/tevienlinea.mx\/grupo-bombas-unidos-hydraulic-pumps-54h8r\/wp-json\/wp\/v2\/media?parent=9"}],"curies":[{"name":"wp","href":"https:\/\/api.w.org\/{rel}","templated":true}]}}