{"id":6,"date":"2025-11-27T17:39:48","date_gmt":"2025-11-27T16:39:48","guid":{"rendered":"https:\/\/tevienlinea.mx\/le-blunt-cannabis-shop\/nuestros-productos-estrella\/"},"modified":"2025-11-27T17:39:48","modified_gmt":"2025-11-27T16:39:48","slug":"nuestros-productos-estrella","status":"publish","type":"page","link":"https:\/\/tevienlinea.mx\/le-blunt-cannabis-shop\/nuestros-productos-estrella\/","title":{"rendered":"Nuestros Productos Estrella"},"content":{"rendered":"\n<div class=\"wp-block-group has-global-padding is-layout-constrained wp-container-core-group-is-layout-d0a2af45 wp-block-group-is-layout-constrained\" style='padding-top:5rem; padding-bottom:3rem; padding-left:1.5rem; padding-right:1.5rem; background: linear-gradient(135deg, #232e24 0%, #f2be43 100%);'>\n    <div style='text-align: center; color: white;'>\n        <h1 style='font-size: 3rem; font-weight: 800; margin-bottom: 1rem;'>Nuestros Productos Estrella<\/h1>\n        <p style='font-size: 1.3rem; opacity: 0.95;'>Descubre nuestra selecci\u00f3n premium de productos derivados del cannabis: disfruta bienestar, sabor y practicidad en cada presentaci\u00f3n.<\/p>\n    <\/div>\n<\/div>\n\n\n\n<div class=\"wp-block-group has-global-padding is-layout-constrained wp-container-core-group-is-layout-194ed6b0 wp-block-group-is-layout-constrained\" style='padding-top:3rem; padding-bottom:3rem; padding-left:1.5rem; padding-right:1.5rem; background: white;'>\n    <div style='display: flex; gap: 3rem; align-items: center; flex-wrap: wrap; '>\n        \n        <div style='flex: 1; min-width: 300px;'>\n            <h3 style='font-size: 2rem; font-weight: 700; color: #232e24; margin-bottom: 1rem;'>Gomitas de Cannabis<\/h3>\n            <p style='font-size: 1.1rem; line-height: 1.8; color: #666; margin-bottom: 1rem;'>Gomitas deliciosas con extracto de cannabis, perfectas para un consumo discreto y preciso en cualquier momento.<\/p>\n            <ul style=\"list-style: none; padding: 0; margin-top: 1.5rem;\"><li style='margin-bottom: 0.8rem; color: #555; font-size: 1.05rem;'>\u2713 Dosis controlada en cada unidad<\/li><li style='margin-bottom: 0.8rem; color: #555; font-size: 1.05rem;'>\u2713 Amplia variedad de sabores naturales<\/li><li style='margin-bottom: 0.8rem; color: #555; font-size: 1.05rem;'>\u2713 F\u00e1cil de llevar y consumir en el d\u00eda a d\u00eda<\/li><\/ul>\n        <\/div>\n    <\/div>\n<\/div>\n\n\n\n<div class=\"wp-block-group has-global-padding is-layout-constrained wp-container-core-group-is-layout-194ed6b0 wp-block-group-is-layout-constrained\" style='padding-top:3rem; padding-bottom:3rem; padding-left:1.5rem; padding-right:1.5rem; background: #f8f9fa;'>\n    <div style='display: flex; gap: 3rem; align-items: center; flex-wrap: wrap; flex-direction: row-reverse;'>\n        \n        <div style='flex: 1; min-width: 300px;'>\n            <h3 style='font-size: 2rem; font-weight: 700; color: #232e24; margin-bottom: 1rem;'>Gotas Sublinguales<\/h3>\n            <p style='font-size: 1.1rem; line-height: 1.8; color: #666; margin-bottom: 1rem;'>Gotas de cannabis de alta pureza para efecto r\u00e1pido y preciso, ideales para quienes buscan bienestar personalizado.<\/p>\n            <ul style=\"list-style: none; padding: 0; margin-top: 1.5rem;\"><li style='margin-bottom: 0.8rem; color: #555; font-size: 1.05rem;'>\u2713 Absorci\u00f3n r\u00e1pida por v\u00eda sublingual<\/li><li style='margin-bottom: 0.8rem; color: #555; font-size: 1.05rem;'>\u2713 F\u00e1cil dosificaci\u00f3n para ajustar la experiencia<\/li><li style='margin-bottom: 0.8rem; color: #555; font-size: 1.05rem;'>\u2713 F\u00f3rmulas con diferentes concentraciones<\/li><\/ul>\n        <\/div>\n    <\/div>\n<\/div>\n\n\n\n<div class=\"wp-block-group has-global-padding is-layout-constrained wp-container-core-group-is-layout-194ed6b0 wp-block-group-is-layout-constrained\" style='padding-top:3rem; padding-bottom:3rem; padding-left:1.5rem; padding-right:1.5rem; background: white;'>\n    <div style='display: flex; gap: 3rem; align-items: center; flex-wrap: wrap; '>\n        \n        <div style='flex: 1; min-width: 300px;'>\n            <h3 style='font-size: 2rem; font-weight: 700; color: #232e24; margin-bottom: 1rem;'>Cigarrillos de Cannabis<\/h3>\n            <p style='font-size: 1.1rem; line-height: 1.8; color: #666; margin-bottom: 1rem;'>Cigarrillos prearmados con flor de cannabis premium; listos para disfrutar, sin complicaciones ni preparaciones.<\/p>\n            <ul style=\"list-style: none; padding: 0; margin-top: 1.5rem;\"><li style='margin-bottom: 0.8rem; color: #555; font-size: 1.05rem;'>\u2713 Pr\u00e1cticos y listos para usar<\/li><li style='margin-bottom: 0.8rem; color: #555; font-size: 1.05rem;'>\u2713 S\u00f3lo cannabis natural, sin aditivos<\/li><li style='margin-bottom: 0.8rem; color: #555; font-size: 1.05rem;'>\u2713 Envoltura biodegradable respetuosa del ambiente<\/li><\/ul>\n        <\/div>\n    <\/div>\n<\/div>\n\n\n\n<div class=\"wp-block-group has-global-padding is-layout-constrained wp-container-core-group-is-layout-194ed6b0 wp-block-group-is-layout-constrained\" style='padding-top:3rem; padding-bottom:3rem; padding-left:1.5rem; padding-right:1.5rem; background: #f8f9fa;'>\n    <div style='display: flex; gap: 3rem; align-items: center; flex-wrap: wrap; flex-direction: row-reverse;'>\n        \n        <div style='flex: 1; min-width: 300px;'>\n            <h3 style='font-size: 2rem; font-weight: 700; color: #232e24; margin-bottom: 1rem;'>Chocolates Infusionados<\/h3>\n            <p style='font-size: 1.1rem; line-height: 1.8; color: #666; margin-bottom: 1rem;'>Chocolates gourmet infusionados con cannabis para deleitarse con placer y relajaci\u00f3n en cada bocado.<\/p>\n            <ul style=\"list-style: none; padding: 0; margin-top: 1.5rem;\"><li style='margin-bottom: 0.8rem; color: #555; font-size: 1.05rem;'>\u2713 Elaborados con cacao de origen<\/li><li style='margin-bottom: 0.8rem; color: #555; font-size: 1.05rem;'>\u2713 Dosis uniforme en cada pieza<\/li><li style='margin-bottom: 0.8rem; color: #555; font-size: 1.05rem;'>\u2713 Combinaciones de sabores innovadores<\/li><\/ul>\n        <\/div>\n    <\/div>\n<\/div>\n\n\n\n<div class=\"wp-block-group has-global-padding is-layout-constrained wp-container-core-group-is-layout-194ed6b0 wp-block-group-is-layout-constrained\" style='padding-top:3rem; padding-bottom:3rem; padding-left:1.5rem; padding-right:1.5rem; background: white;'>\n    <div style='display: flex; gap: 3rem; align-items: center; flex-wrap: wrap; '>\n        \n        <div style='flex: 1; min-width: 300px;'>\n            <h3 style='font-size: 2rem; font-weight: 700; color: #232e24; margin-bottom: 1rem;'>Agua Enriquecida<\/h3>\n            <p style='font-size: 1.1rem; line-height: 1.8; color: #666; margin-bottom: 1rem;'>Agua purificada enriquecida con cannabinoides, ideal para hidratarte y potenciar tu bienestar en cualquier lugar.<\/p>\n            <ul style=\"list-style: none; padding: 0; margin-top: 1.5rem;\"><li style='margin-bottom: 0.8rem; color: #555; font-size: 1.05rem;'>\u2713 Sabor neutro y refrescante<\/li><li style='margin-bottom: 0.8rem; color: #555; font-size: 1.05rem;'>\u2713 Formato pr\u00e1ctico para llevar<\/li><li style='margin-bottom: 0.8rem; color: #555; font-size: 1.05rem;'>\u2713 Microdosis para uso cotidiano y gradual<\/li><\/ul>\n        <\/div>\n    <\/div>\n<\/div>\n\n\n\n<div class=\"wp-block-group has-global-padding is-layout-constrained wp-container-core-group-is-layout-b8bb7311 wp-block-group-is-layout-constrained\" style='padding-top:4rem; padding-bottom:4rem; padding-left:1.5rem; padding-right:1.5rem; background: #232e24;'>\n    <div style='text-align: center; color: white;'>\n        <h2 style='font-size: 2.5rem; font-weight: 800;'>\u00bfListo para disfrutar lo mejor del cannabis? Explora nuestra tienda y haz tu pedido hoy.<\/h2>\n    <\/div>\n<\/div>\n","protected":false},"excerpt":{"rendered":"<p>Nuestros Productos Estrella Descubre nuestra selecci\u00f3n premium de productos derivados del cannabis: disfruta bienestar, sabor y practicidad en cada presentaci\u00f3n. Gomitas de Cannabis Gomitas deliciosas con extracto de cannabis, perfectas para un consumo discreto y preciso en cualquier momento. \u2713 Dosis controlada en cada unidad \u2713 Amplia variedad de sabores naturales \u2713 F\u00e1cil de llevar [&hellip;]<\/p>\n","protected":false},"author":1,"featured_media":0,"parent":0,"menu_order":0,"comment_status":"closed","ping_status":"closed","template":"","meta":{"footnotes":""},"class_list":["post-6","page","type-page","status-publish","hentry"],"_links":{"self":[{"href":"https:\/\/tevienlinea.mx\/le-blunt-cannabis-shop\/wp-json\/wp\/v2\/pages\/6","targetHints":{"allow":["GET"]}}],"collection":[{"href":"https:\/\/tevienlinea.mx\/le-blunt-cannabis-shop\/wp-json\/wp\/v2\/pages"}],"about":[{"href":"https:\/\/tevienlinea.mx\/le-blunt-cannabis-shop\/wp-json\/wp\/v2\/types\/page"}],"author":[{"embeddable":true,"href":"https:\/\/tevienlinea.mx\/le-blunt-cannabis-shop\/wp-json\/wp\/v2\/users\/1"}],"replies":[{"embeddable":true,"href":"https:\/\/tevienlinea.mx\/le-blunt-cannabis-shop\/wp-json\/wp\/v2\/comments?post=6"}],"version-history":[{"count":0,"href":"https:\/\/tevienlinea.mx\/le-blunt-cannabis-shop\/wp-json\/wp\/v2\/pages\/6\/revisions"}],"wp:attachment":[{"href":"https:\/\/tevienlinea.mx\/le-blunt-cannabis-shop\/wp-json\/wp\/v2\/media?parent=6"}],"curies":[{"name":"wp","href":"https:\/\/api.w.org\/{rel}","templated":true}]}}