{"id":6,"date":"2026-03-18T16:24:20","date_gmt":"2026-03-18T15:24:20","guid":{"rendered":"https:\/\/tevienlinea.mx\/onlypets-pet-boutique-jl8me\/inicio\/"},"modified":"2026-03-18T16:24:20","modified_gmt":"2026-03-18T15:24:20","slug":"inicio","status":"publish","type":"page","link":"https:\/\/tevienlinea.mx\/onlypets-pet-boutique-jl8me\/","title":{"rendered":"Inicio"},"content":{"rendered":"\n\n<div class=\"wp-block-cover alignfull has-custom-content-position is-position-bottom-center\" style=\"margin-top:0;margin-bottom:0;padding-top:var(--wp--preset--spacing--50);padding-right:var(--wp--preset--spacing--50);padding-bottom:var(--wp--preset--spacing--50);padding-left:var(--wp--preset--spacing--50);min-height:840px;aspect-ratio:unset;\">\n\t<span aria-hidden=\"true\" class=\"wp-block-cover__background has-background-dim-40 has-background-dim\"><\/span>\n\t<img decoding=\"async\" class=\"wp-block-cover__image-background\" alt=\"Banner image\" src=\"https:\/\/storage.googleapis.com\/chatbot-7e554.firebasestorage.app\/company\/18\/website-images\/hero-d0d6f0a5-9d71-4604-9b43-a597dacb28c9.jpg\" style=\"object-position:50% 95%\" data-object-fit=\"cover\" data-object-position=\"50% 95%\"\/>\n\t<div class=\"wp-block-cover__inner-container has-global-padding is-layout-constrained wp-container-core-cover-is-layout-d89aad35 wp-block-cover-is-layout-constrained\">\n\t\t\n\t\t<div class=\"wp-block-group alignwide has-global-padding is-content-justification-left is-layout-constrained wp-container-core-group-is-layout-12dd3699 wp-block-group-is-layout-constrained\">\n\t\t\t\n\t\t\t<h2 class=\"wp-block-heading has-text-align-left has-xx-large-font-size\">Cuidado profesional para tus mascotas<\/h2>\n\t\t\t\n\n\t\t\t\n\t\t\t<p>En OnlyPets ofrecemos atenci\u00f3n personalizada y servicios de limpieza y cuidado para que tu mascota est\u00e9 siempre feliz y saludable. \u00a1Descubre la experiencia en bienestar animal!<\/p>\n\t\t\t\n\n\t\t<\/div>\n\t\t\n\t<\/div>\n<\/div>\n\n\n\n\n<div class=\"wp-block-group alignfull has-global-padding is-layout-constrained wp-container-core-group-is-layout-ebee8dc1 wp-block-group-is-layout-constrained\" style=\"margin-top:0;margin-bottom:0;padding-top:var(--wp--preset--spacing--50);padding-bottom:var(--wp--preset--spacing--50)\">\n\t\n\t<h2 class=\"wp-block-heading alignwide\">\u00bfPor qu\u00e9 elegirnos?<\/h2>\n\t\n\n\t\n\t<div class=\"wp-block-columns alignwide is-layout-flex wp-container-core-columns-is-layout-28f84493 wp-block-columns-is-layout-flex\">\n\t\t\n\t\t<div class=\"wp-block-column is-layout-flow wp-block-column-is-layout-flow\">\n\n\t\t\t\n\t\t\t<figure class=\"wp-block-image size-full\" style=\"margin-bottom:24px\">\n\t\t\t\t<img decoding=\"async\" src=\"https:\/\/images.unsplash.com\/photo-1611173622933-91942d394b04?crop=entropy&#038;cs=tinysrgb&#038;fit=max&#038;fm=jpg&#038;ixid=M3w0MjczNjh8MHwxfHNlYXJjaHwxfHxkb2clMjBiYXRofGVufDB8MHx8fDE3NzM4NDczNDN8MA&#038;ixlib=rb-4.1.0&#038;q=80&#038;w=1080\" alt=\"Imagen para servicio\" style=\"aspect-ratio:4\/3;object-fit:cover\"\/>\n\t\t\t<\/figure>\n\t\t\t\n\n\t\t\t\n\t\t\t<p class=\"has-accent-3-color has-text-color\" style=\"margin-bottom:8px;font-size:0.85rem;font-weight:600;letter-spacing:2px;text-transform:uppercase\">CALIDAD EXCEPCIONAL<\/p>\n\t\t\t\n\n\t\t\t\n\t\t\t<h3 class=\"wp-block-heading\">Atenci\u00f3n personal dedicada<\/h3>\n\t\t\t\n\n\t\t\t\n\t\t\t<p class=\"has-medium-font-size\">Nuestro equipo capacitado brinda un cuidado exclusivo adaptado a cada mascota como si fuera parte de nuestra familia.<\/p>\n\t\t\t\n\t\t<\/div>\n\t\t\n\n\t\t\n\t\t<div class=\"wp-block-column is-layout-flow wp-block-column-is-layout-flow\">\n\t\t\t\n\t\t\t<figure class=\"wp-block-image size-full\" style=\"margin-bottom:24px\">\n\t\t\t\t<img decoding=\"async\" src=\"https:\/\/images.unsplash.com\/photo-1625279138836-e7311d5c863a?crop=entropy&#038;cs=tinysrgb&#038;fit=max&#038;fm=jpg&#038;ixid=M3w0MjczNjh8MHwxfHNlYXJjaHwxfHxjYXQlMjBncm9vbWluZ3xlbnwwfDB8fHwxNzczODQ3MzQzfDA&#038;ixlib=rb-4.1.0&#038;q=80&#038;w=1080\" alt=\"Imagen para servicio\" style=\"aspect-ratio:4\/3;object-fit:cover\"\/>\n\t\t\t<\/figure>\n\t\t\t\n\n\t\t\t\n\t\t\t<p class=\"has-accent-3-color has-text-color\" style=\"margin-bottom:8px;font-size:0.85rem;font-weight:600;letter-spacing:2px;text-transform:uppercase\">AMPLIA GAMA DE SERVICIOS<\/p>\n\t\t\t\n\n\t\t\t\n\t\t\t<h3 class=\"wp-block-heading\">Desde limpieza hasta cuidado integral<\/h3>\n\t\t\t\n\n\t\t\t\n\t\t\t<p class=\"has-medium-font-size\">Ofrecemos servicios que van desde el ba\u00f1o y arreglo hasta consultas de salud y bienestar para todos tus animales.<\/p>\n\t\t\t\n\t\t<\/div>\n\t\t\n\n\t\t\n\t\t<div class=\"wp-block-column is-layout-flow wp-block-column-is-layout-flow\">\n\t\t\t\n\t\t\t<figure class=\"wp-block-image size-full\" style=\"margin-bottom:24px\">\n\t\t\t\t<img decoding=\"async\" src=\"https:\/\/images.unsplash.com\/photo-1581888227599-779811939961?crop=entropy&#038;cs=tinysrgb&#038;fit=max&#038;fm=jpg&#038;ixid=M3w0MjczNjh8MHwxfHNlYXJjaHwxfHxwZXQlMjBjYXJlfGVufDB8MHx8fDE3NzM4NDczNDR8MA&#038;ixlib=rb-4.1.0&#038;q=80&#038;w=1080\" alt=\"Imagen para servicio\" style=\"aspect-ratio:4\/3;object-fit:cover\"\/>\n\t\t\t<\/figure>\n\t\t\t\n\n\t\t\t\n\t\t\t<p class=\"has-accent-3-color has-text-color\" style=\"margin-bottom:8px;font-size:0.85rem;font-weight:600;letter-spacing:2px;text-transform:uppercase\">ATENCI\u00d3N PERSONALIZADA<\/p>\n\t\t\t\n\n\t\t\t\n\t\t\t<h3 class=\"wp-block-heading\">Un servicio a tu medida<\/h3>\n\t\t\t\n\n\t\t\t\n\t\t\t<p class=\"has-medium-font-size\">Entendemos las necesidades \u00fanicas de cada mascota y nos aseguramos de brindar un servicio \u00f3ptimo para su bienestar.<\/p>\n\t\t\t\n\t\t<\/div>\n\t\t\n\t<\/div>\n\t\n<\/div>\n\n\n\n\n<div class=\"wp-block-group alignfull is-style-section-2 has-global-padding is-layout-constrained wp-block-group-is-layout-constrained is-style-section-2--1\" style=\"margin-top:0;margin-bottom:0;padding-top:var(--wp--preset--spacing--50);padding-bottom:var(--wp--preset--spacing--50)\">\n\t\n\t<div class=\"wp-block-columns alignwide is-layout-flex wp-container-core-columns-is-layout-7ee84d44 wp-block-columns-is-layout-flex\">\n\t\t\n\t\t<div class=\"wp-block-column is-vertically-aligned-center is-layout-flow wp-block-column-is-layout-flow\" style=\"flex-basis:50%\">\n\t\t\t\n\t\t\t<h2 class=\"wp-block-heading has-contrast-color has-text-color\">\n\t\t\t\tNuetros Servicios\n\t\t\t<\/h2>\n\t\t\t\n\t\t\t\n\t\t\t<p class=\"has-contrast-color has-text-color has-medium-font-size\">En OnlyPets ofrecemos una amplia variedad de servicios para el cuidado de tus mascotas, incluyendo ba\u00f1o, corte de pelo, paseos y atenci\u00f3n veterinaria. Cada servicio es personalizado y se realiza con el m\u00e1s alto nivel de calidad para garantizar la salud y felicidad de tu animal.<\/p>\n\t\t\t\n\t\t<\/div>\n\t\t\n\n\t\t\n\t\t<div class=\"wp-block-column is-vertically-aligned-center is-layout-flow wp-block-column-is-layout-flow\" style=\"flex-basis:50%\">\n\t\t\t\n\t\t\t<figure class=\"wp-block-image size-full\">\n\t\t\t\t<img decoding=\"async\" src=\"https:\/\/images.unsplash.com\/photo-1551902750-25d3d9c48dfe?crop=entropy&#038;cs=tinysrgb&#038;fit=max&#038;fm=jpg&#038;ixid=M3w0MjczNjh8MHwxfHNlYXJjaHwxfHxwZXJzb24lMjBiYXRoaW5nJTIwZG9nfGVufDB8MHx8fDE3NzM4NDczNDR8MA&#038;ixlib=rb-4.1.0&#038;q=80&#038;w=1080\" alt=\"Imagen de servicio\" style=\"aspect-ratio:1;object-fit:cover\"\/>\n\t\t\t<\/figure>\n\t\t\t\n\t\t<\/div>\n\t\t\n\t<\/div>\n\t\n<\/div>\n\n\n\n\n\n<div class=\"wp-block-group alignfull has-global-padding is-layout-constrained wp-block-group-is-layout-constrained\" style=\"margin-top:0;margin-bottom:0;padding-top:var(--wp--preset--spacing--60);padding-bottom:var(--wp--preset--spacing--60)\">\n\t\n\t<div class=\"wp-block-columns alignwide is-layout-flex wp-container-core-columns-is-layout-714d85e9 wp-block-columns-is-layout-flex\">\n\t\t\n\t\t<div class=\"wp-block-column is-layout-flow wp-block-column-is-layout-flow\">\n\t\t\t\n\t\t\t<div class=\"wp-block-columns is-layout-flex wp-container-core-columns-is-layout-08c01c1c wp-block-columns-is-layout-flex\">\n\t\t\t\t\n\t\t\t\t<div class=\"wp-block-column is-layout-flow wp-block-column-is-layout-flow\" style=\"flex-basis:64px\">\n\t\t\t\t\t\n\t\t\t\t\t<figure class=\"wp-block-image size-large is-resized is-style-rounded\"><img decoding=\"async\" src=\"https:\/\/tevienlinea.mx\/wp-content\/themes\/twentytwentyfive\/assets\/images\/nurse.webp\" alt=\"Foto de cliente\" style=\"aspect-ratio:1;object-fit:cover;width:64px\"\/><\/figure>\n\t\t\t\t\t\n\t\t\t\t<\/div>\n\t\t\t\t\n\n\t\t\t\t\n\t\t\t\t<div class=\"wp-block-column is-layout-flow wp-block-column-is-layout-flow\">\n\t\t\t\t\t\n\t\t\t\t\t<blockquote class=\"wp-block-quote is-style-plain has-x-large-font-size is-layout-flow wp-container-core-quote-is-layout-119bc444 wp-block-quote-is-layout-flow is-style-plain--2\" style=\"font-style:normal;font-weight:400\">\n\t\t\t\t\t\t\n\t\t\t\t\t\t<p style=\"line-height:1.1\">\u00abLlevamos a nuestro perro a OnlyPets y la experiencia fue incre\u00edble. El personal fue muy atento y cuidaron cada detalle. \u00a1Definitivamente lo recomiendo para cualquier amante de los animales!\u00bb<\/p>\n\t\t\t\t\t\t\n\t\t\t\t\t\t<cite>Mar\u00eda Gonz\u00e1lez <br \/><sub>Madrid<\/sub><\/cite>\n\t\t\t\t\t<\/blockquote>\n\t\t\t\t\t\n\t\t\t\t<\/div>\n\t\t\t\t\n\t\t\t<\/div>\n\t\t\t\n\t\t<\/div>\n\t\t\n\t<\/div>\n\t\n<\/div>\n\n\n\n\n\n<div class=\"wp-block-group alignfull has-global-padding is-layout-constrained wp-block-group-is-layout-constrained\" style=\"margin-top:0;margin-bottom:0;padding-top:var(--wp--preset--spacing--60);padding-bottom:var(--wp--preset--spacing--60)\">\n    \n    <h2 class=\"wp-block-heading alignwide has-text-align-center has-x-large-font-size\">Nuestro Proceso de Atenci\u00f3n<\/h2>\n    \n\n    \n    <div class=\"wp-block-columns alignwide is-layout-flex wp-container-core-columns-is-layout-ee5d7bc4 wp-block-columns-is-layout-flex\" style=\"margin-top:var(--wp--preset--spacing--50)\">\n\n        \n        <div class=\"wp-block-column is-layout-flow wp-block-column-is-layout-flow\">\n            \n            <figure class=\"wp-block-image size-full\" style=\"margin-bottom:24px\">\n                <img decoding=\"async\" src=\"https:\/\/images.unsplash.com\/photo-1761203429183-9f8235780c42?crop=entropy&#038;cs=tinysrgb&#038;fit=max&#038;fm=jpg&#038;ixid=M3w0MjczNjh8MHwxfHNlYXJjaHwxfHxwZXQlMjBjb25zdWx0YXRpb258ZW58MHwwfHx8MTc3Mzg0NzM0NXww&#038;ixlib=rb-4.1.0&#038;q=80&#038;w=1080\" alt=\"Paso 1\" style=\"aspect-ratio:4\/3;object-fit:cover\"\/>\n            <\/figure>\n            \n\n            \n            <h3 class=\"wp-block-heading has-accent-3-color has-text-color\" style=\"margin-bottom:16px;font-size:clamp(1.976rem, 1.976rem + ((1vw - 0.2rem) * 2.391), 3.5rem);font-weight:700;line-height:1\">1<\/h3>\n            \n\n            \n            <h4 class=\"wp-block-heading has-medium-font-size\">Paso 1: Consulta inicial<\/h4>\n            \n\n            \n            <p class=\"has-medium-font-size\">Recogemos informaci\u00f3n sobre la mascota para entender sus necesidades especiales.<\/p>\n            \n        <\/div>\n        \n        \n        <div class=\"wp-block-column is-layout-flow wp-block-column-is-layout-flow\">\n            \n            <figure class=\"wp-block-image size-full\" style=\"margin-bottom:24px\">\n                <img decoding=\"async\" src=\"https:\/\/images.unsplash.com\/photo-1762235634111-f1c8a719c9f1?crop=entropy&#038;cs=tinysrgb&#038;fit=max&#038;fm=jpg&#038;ixid=M3w0MjczNjh8MHwxfHNlYXJjaHwxfHxzZXJ2aWNlJTIwY3VzdG9taXphdGlvbnxlbnwwfDB8fHwxNzczODQ3MzQ2fDA&#038;ixlib=rb-4.1.0&#038;q=80&#038;w=1080\" alt=\"Paso 2\" style=\"aspect-ratio:4\/3;object-fit:cover\"\/>\n            <\/figure>\n            \n\n            \n            <h3 class=\"wp-block-heading has-accent-3-color has-text-color\" style=\"margin-bottom:16px;font-size:clamp(1.976rem, 1.976rem + ((1vw - 0.2rem) * 2.391), 3.5rem);font-weight:700;line-height:1\">2<\/h3>\n            \n\n            \n            <h4 class=\"wp-block-heading has-medium-font-size\">Paso 2: Personalizaci\u00f3n del servicio<\/h4>\n            \n\n            \n            <p class=\"has-medium-font-size\">Dise\u00f1amos un plan adaptado a las necesidades de cada mascota con el servicio adecuado.<\/p>\n            \n        <\/div>\n        \n        \n        <div class=\"wp-block-column is-layout-flow wp-block-column-is-layout-flow\">\n            \n            <figure class=\"wp-block-image size-full\" style=\"margin-bottom:24px\">\n                <img decoding=\"async\" src=\"https:\/\/images.unsplash.com\/photo-1772948169155-4656e8661f46?crop=entropy&#038;cs=tinysrgb&#038;fit=max&#038;fm=jpg&#038;ixid=M3w0MjczNjh8MHwxfHNlYXJjaHwxfHxwZXRzJTIwZW5qb3lpbmclMjBjYXJlfGVufDB8MHx8fDE3NzM4NDczNDd8MA&#038;ixlib=rb-4.1.0&#038;q=80&#038;w=1080\" alt=\"Paso 3\" style=\"aspect-ratio:4\/3;object-fit:cover\"\/>\n            <\/figure>\n            \n\n            \n            <h3 class=\"wp-block-heading has-accent-3-color has-text-color\" style=\"margin-bottom:16px;font-size:clamp(1.976rem, 1.976rem + ((1vw - 0.2rem) * 2.391), 3.5rem);font-weight:700;line-height:1\">3<\/h3>\n            \n\n            \n            <h4 class=\"wp-block-heading has-medium-font-size\">Paso 3: Ejecuci\u00f3n del servicio<\/h4>\n            \n\n            \n            <p class=\"has-medium-font-size\">Realizamos el servicio en un ambiente c\u00f3modo y amigable, priorizando el bienestar de tu mascota.<\/p>\n            \n        <\/div>\n        \n    <\/div>\n    \n<\/div>\n\n\n\n\n\n<div class=\"wp-block-group alignfull has-global-padding is-layout-constrained wp-block-group-is-layout-constrained\" style=\"margin-top:0;margin-bottom:0\">\n    \n    <div class=\"wp-block-group alignwide is-layout-flow wp-container-core-group-is-layout-d58a0413 wp-block-group-is-layout-flow\" style=\"padding-top:var(--wp--preset--spacing--50);padding-bottom:var(--wp--preset--spacing--50)\">\n        \n        <h2 class=\"wp-block-heading has-x-large-font-size\">Preguntas frecuentes<\/h2>\n        \n\n        \n        <div class=\"wp-block-columns is-layout-flex wp-container-core-columns-is-layout-28f84493 wp-block-columns-is-layout-flex\">\n            \n            <div class=\"wp-block-column is-layout-flow wp-block-column-is-layout-flow\">\n\n                \n                <div class=\"wp-block-group is-layout-flow wp-block-group-is-layout-flow\" style=\"border-top-color:var(--wp--preset--color--accent-6);border-top-width:1px;padding-top:var(--wp--preset--spacing--30);padding-bottom:var(--wp--preset--spacing--30)\">\n                    \n                    <h3 class=\"wp-block-heading\">\u00bfCu\u00e1nto tiempo toma cada servicio?<\/h3>\n                    \n\n                    \n                    <p>El tiempo var\u00eda seg\u00fan el servicio, pero generalmente toma entre 30 minutos y 2 horas.<\/p>\n                    \n                <\/div>\n                \n                \n                <div class=\"wp-block-group is-layout-flow wp-block-group-is-layout-flow\" style=\"border-top-color:var(--wp--preset--color--accent-6);border-top-width:1px;padding-top:var(--wp--preset--spacing--30);padding-bottom:var(--wp--preset--spacing--30)\">\n                    \n                    <h3 class=\"wp-block-heading\">\u00bfCu\u00e1nto cuesta un ba\u00f1o para mi perro?<\/h3>\n                    \n\n                    \n                    <p>Los precios comienzan desde 30 euros, dependiendo del tama\u00f1o y tipo de pelaje de tu mascota.<\/p>\n                    \n                <\/div>\n                \n                \n                <div class=\"wp-block-group is-layout-flow wp-block-group-is-layout-flow\" style=\"border-top-color:var(--wp--preset--color--accent-6);border-top-width:1px;padding-top:var(--wp--preset--spacing--30);padding-bottom:var(--wp--preset--spacing--30)\">\n                    \n                    <h3 class=\"wp-block-heading\">\u00bfOfrecen garant\u00eda sobre sus servicios?<\/h3>\n                    \n\n                    \n                    <p>S\u00ed, garantizamos la satisfacci\u00f3n del cliente y el bienestar de las mascotas en todos nuestros servicios.<\/p>\n                    \n                <\/div>\n                \n            <\/div>\n            \n\n            \n            <div class=\"wp-block-column is-layout-flow wp-block-column-is-layout-flow\">\n\n                \n                <div class=\"wp-block-group is-layout-flow wp-block-group-is-layout-flow\" style=\"border-top-color:var(--wp--preset--color--accent-6);border-top-width:1px;padding-top:var(--wp--preset--spacing--30);padding-bottom:var(--wp--preset--spacing--30)\">\n                    \n                    <h3 class=\"wp-block-heading\">\u00bfHay alg\u00fan tipo de soporte post-servicio?<\/h3>\n                    \n\n                    \n                    <p>Ofrecemos asesoramiento y recomendaciones para el cuidado posterior de tu mascota tras los servicios.<\/p>\n                    \n                <\/div>\n                \n                \n                <div class=\"wp-block-group is-layout-flow wp-block-group-is-layout-flow\" style=\"border-top-color:var(--wp--preset--color--accent-6);border-top-width:1px;padding-top:var(--wp--preset--spacing--30);padding-bottom:var(--wp--preset--spacing--30)\">\n                    \n                    <h3 class=\"wp-block-heading\">\u00bfC\u00f3mo manejan la privacidad de mis datos?<\/h3>\n                    \n\n                    \n                    <p>Respetamos siempre la privacidad y seguridad de nuestros clientes, siguiendo estrictas pol\u00edticas de protecci\u00f3n.<\/p>\n                    \n                <\/div>\n                \n                \n                <div class=\"wp-block-group is-layout-flow wp-block-group-is-layout-flow\" style=\"border-top-color:var(--wp--preset--color--accent-6);border-top-width:1px;padding-top:var(--wp--preset--spacing--30);padding-bottom:var(--wp--preset--spacing--30)\">\n                    \n                    <h3 class=\"wp-block-heading\">\u00bfQu\u00e9 requisitos deben cumplir mis mascotas?<\/h3>\n                    \n\n                    \n                    <p>Solicitamos que tus mascotas tengan todas las vacunaciones al d\u00eda y un chequeo de salud reciente.<\/p>\n                    \n                <\/div>\n                \n            <\/div>\n            \n        <\/div>\n        \n    <\/div>\n    \n<\/div>\n\n\n\n\n\n<div class=\"wp-block-group alignfull has-base-color has-accent-3-background-color has-text-color has-background has-link-color wp-elements-18f414eabfffa03966c26a09bd9668d5 has-global-padding is-layout-constrained wp-block-group-is-layout-constrained\" style=\"margin-top:0;margin-bottom:0;padding-top:var(--wp--preset--spacing--70);padding-bottom:var(--wp--preset--spacing--70)\">\n    \n    <h2 class=\"wp-block-heading has-text-align-center has-xx-large-font-size\">\u00a1Haz que tu mascota se sienta especial hoy!<\/h2>\n    \n\n    \n    <p class=\"has-text-align-center has-medium-font-size\" style=\"margin-top:var(--wp--preset--spacing--40)\">\u00danete a cientos de due\u00f1os felices que conf\u00edan en nuestros cuidados<\/p>\n    \n<\/div>\n\n\n\n","protected":false},"excerpt":{"rendered":"<p>\u00bfPor qu\u00e9 elegirnos? CALIDAD EXCEPCIONAL Atenci\u00f3n personal dedicada Nuestro equipo capacitado brinda un cuidado exclusivo adaptado a cada mascota como si fuera parte de nuestra familia. AMPLIA GAMA DE SERVICIOS Desde limpieza hasta cuidado integral Ofrecemos servicios que van desde el ba\u00f1o y arreglo hasta consultas de salud y bienestar para todos tus animales. ATENCI\u00d3N [&hellip;]<\/p>\n","protected":false},"author":1,"featured_media":0,"parent":0,"menu_order":0,"comment_status":"closed","ping_status":"closed","template":"","meta":{"footnotes":""},"class_list":["post-6","page","type-page","status-publish","hentry"],"_links":{"self":[{"href":"https:\/\/tevienlinea.mx\/onlypets-pet-boutique-jl8me\/wp-json\/wp\/v2\/pages\/6","targetHints":{"allow":["GET"]}}],"collection":[{"href":"https:\/\/tevienlinea.mx\/onlypets-pet-boutique-jl8me\/wp-json\/wp\/v2\/pages"}],"about":[{"href":"https:\/\/tevienlinea.mx\/onlypets-pet-boutique-jl8me\/wp-json\/wp\/v2\/types\/page"}],"author":[{"embeddable":true,"href":"https:\/\/tevienlinea.mx\/onlypets-pet-boutique-jl8me\/wp-json\/wp\/v2\/users\/1"}],"replies":[{"embeddable":true,"href":"https:\/\/tevienlinea.mx\/onlypets-pet-boutique-jl8me\/wp-json\/wp\/v2\/comments?post=6"}],"version-history":[{"count":0,"href":"https:\/\/tevienlinea.mx\/onlypets-pet-boutique-jl8me\/wp-json\/wp\/v2\/pages\/6\/revisions"}],"wp:attachment":[{"href":"https:\/\/tevienlinea.mx\/onlypets-pet-boutique-jl8me\/wp-json\/wp\/v2\/media?parent=6"}],"curies":[{"name":"wp","href":"https:\/\/api.w.org\/{rel}","templated":true}]}}