{"id":7,"date":"2026-02-20T20:36:42","date_gmt":"2026-02-20T19:36:42","guid":{"rendered":"https:\/\/tevienlinea.mx\/presta-siempre-cash-loans-37b8y\/nuestros-servicios\/"},"modified":"2026-02-20T20:36:42","modified_gmt":"2026-02-20T19:36:42","slug":"nuestros-servicios","status":"publish","type":"page","link":"https:\/\/tevienlinea.mx\/presta-siempre-cash-loans-37b8y\/nuestros-servicios\/","title":{"rendered":"Nuestros Servicios"},"content":{"rendered":"\n<div class=\"wp-block-group has-global-padding is-layout-constrained wp-container-core-group-is-layout-d0a2af45 wp-block-group-is-layout-constrained\" style='padding-top:5rem; padding-bottom:3rem; padding-left:1.5rem; padding-right:1.5rem; background: linear-gradient(135deg, #1A294B 0%, #FFFFFF 100%);'>\n    <div style='text-align: center; color: white;'>\n        <h1 style='font-size: 3rem; font-weight: 800; margin-bottom: 1rem;'>Nuestros Servicios<\/h1>\n        <p style='font-size: 1.3rem; opacity: 0.95;'>Soluciones financieras a tu medida para cada necesidad desde pr\u00e9stamos en efectivo hasta empe\u00f1os.<\/p>\n    <\/div>\n<\/div>\n\n\n\n<div class=\"wp-block-group has-global-padding is-layout-constrained wp-container-core-group-is-layout-194ed6b0 wp-block-group-is-layout-constrained\" style='padding-top:3rem; padding-bottom:3rem; padding-left:1.5rem; padding-right:1.5rem; background: white;'>\n    <div style='display: flex; gap: 3rem; align-items: center; flex-wrap: wrap; '>\n        \n        <div style='flex: 1; min-width: 300px;'>\n            <h3 style='font-size: 2rem; font-weight: 700; color: #1A294B; margin-bottom: 1rem;'>Pr\u00e9stamo en Efectivo<\/h3>\n            <p style='font-size: 1.1rem; line-height: 1.8; color: #666; margin-bottom: 1rem;'>Obt\u00e9n dinero r\u00e1pido para tus emergencias o proyectos personales con nuestro pr\u00e9stamo en efectivo.<\/p>\n            <ul style=\"list-style: none; padding: 0; margin-top: 1.5rem;\"><li style='margin-bottom: 0.8rem; color: #555; font-size: 1.05rem;'>\u2713 Aprobaci\u00f3n r\u00e1pida en minutos<\/li><li style='margin-bottom: 0.8rem; color: #555; font-size: 1.05rem;'>\u2713 Sin complicadas verificaciones de cr\u00e9dito<\/li><li style='margin-bottom: 0.8rem; color: #555; font-size: 1.05rem;'>\u2713 Flexibilidad en los montos seg\u00fan tus necesidades<\/li><\/ul>\n        <\/div>\n    <\/div>\n<\/div>\n\n\n\n<div class=\"wp-block-group has-global-padding is-layout-constrained wp-container-core-group-is-layout-194ed6b0 wp-block-group-is-layout-constrained\" style='padding-top:3rem; padding-bottom:3rem; padding-left:1.5rem; padding-right:1.5rem; background: #f8f9fa;'>\n    <div style='display: flex; gap: 3rem; align-items: center; flex-wrap: wrap; flex-direction: row-reverse;'>\n        \n        <div style='flex: 1; min-width: 300px;'>\n            <h3 style='font-size: 2rem; font-weight: 700; color: #1A294B; margin-bottom: 1rem;'>Pr\u00e9stamo con Garant\u00eda<\/h3>\n            <p style='font-size: 1.1rem; line-height: 1.8; color: #666; margin-bottom: 1rem;'>Asegura tu pr\u00e9stamo con activos valiosos y obt\u00e9n tasas de inter\u00e9s m\u00e1s bajas.<\/p>\n            <ul style=\"list-style: none; padding: 0; margin-top: 1.5rem;\"><li style='margin-bottom: 0.8rem; color: #555; font-size: 1.05rem;'>\u2713 Tasas competitivas basadas en el valor de tu garant\u00eda<\/li><li style='margin-bottom: 0.8rem; color: #555; font-size: 1.05rem;'>\u2713 Proceso simple y directo<\/li><li style='margin-bottom: 0.8rem; color: #555; font-size: 1.05rem;'>\u2713 Plazos accesibles para devolver el pr\u00e9stamo<\/li><\/ul>\n        <\/div>\n    <\/div>\n<\/div>\n\n\n\n<div class=\"wp-block-group has-global-padding is-layout-constrained wp-container-core-group-is-layout-194ed6b0 wp-block-group-is-layout-constrained\" style='padding-top:3rem; padding-bottom:3rem; padding-left:1.5rem; padding-right:1.5rem; background: white;'>\n    <div style='display: flex; gap: 3rem; align-items: center; flex-wrap: wrap; '>\n        \n        <div style='flex: 1; min-width: 300px;'>\n            <h3 style='font-size: 2rem; font-weight: 700; color: #1A294B; margin-bottom: 1rem;'>Pr\u00e9stamo a Meses<\/h3>\n            <p style='font-size: 1.1rem; line-height: 1.8; color: #666; margin-bottom: 1rem;'>Planifica tus finanzas con nuestro pr\u00e9stamo a meses, ideal para pagos a plazos.<\/p>\n            <ul style=\"list-style: none; padding: 0; margin-top: 1.5rem;\"><li style='margin-bottom: 0.8rem; color: #555; font-size: 1.05rem;'>\u2713 Pagos mensuales fijos y asequibles<\/li><li style='margin-bottom: 0.8rem; color: #555; font-size: 1.05rem;'>\u2713 Opciones de financiamiento de hasta 36 meses<\/li><li style='margin-bottom: 0.8rem; color: #555; font-size: 1.05rem;'>\u2713 Sin penalizaciones por pagos anticipados<\/li><\/ul>\n        <\/div>\n    <\/div>\n<\/div>\n\n\n\n<div class=\"wp-block-group has-global-padding is-layout-constrained wp-container-core-group-is-layout-194ed6b0 wp-block-group-is-layout-constrained\" style='padding-top:3rem; padding-bottom:3rem; padding-left:1.5rem; padding-right:1.5rem; background: #f8f9fa;'>\n    <div style='display: flex; gap: 3rem; align-items: center; flex-wrap: wrap; flex-direction: row-reverse;'>\n        \n        <div style='flex: 1; min-width: 300px;'>\n            <h3 style='font-size: 2rem; font-weight: 700; color: #1A294B; margin-bottom: 1rem;'>Pr\u00e9stamo de Empe\u00f1o<\/h3>\n            <p style='font-size: 1.1rem; line-height: 1.8; color: #666; margin-bottom: 1rem;'>Convierte tus objetos de valor en efectivo r\u00e1pido y seguro con nuestro servicio de empe\u00f1o.<\/p>\n            <ul style=\"list-style: none; padding: 0; margin-top: 1.5rem;\"><li style='margin-bottom: 0.8rem; color: #555; font-size: 1.05rem;'>\u2713 Evaluaci\u00f3n gratuita de tus objetos<\/li><li style='margin-bottom: 0.8rem; color: #555; font-size: 1.05rem;'>\u2713 F\u00e1cil recuperaci\u00f3n de tus bienes tras el pago<\/li><li style='margin-bottom: 0.8rem; color: #555; font-size: 1.05rem;'>\u2713 Sin cargos ocultos ni sorpresas<\/li><\/ul>\n        <\/div>\n    <\/div>\n<\/div>\n\n\n\n<div class=\"wp-block-group has-global-padding is-layout-constrained wp-container-core-group-is-layout-b8bb7311 wp-block-group-is-layout-constrained\" style='padding-top:4rem; padding-bottom:4rem; padding-left:1.5rem; padding-right:1.5rem; background: #1A294B;'>\n    <div style='text-align: center; color: white;'>\n        <h2 style='font-size: 2.5rem; font-weight: 800;'>\u00bfListo para recibir el dinero que necesitas? Cont\u00e1ctanos hoy mismo.<\/h2>\n    <\/div>\n<\/div>\n","protected":false},"excerpt":{"rendered":"<p>Nuestros Servicios Soluciones financieras a tu medida para cada necesidad desde pr\u00e9stamos en efectivo hasta empe\u00f1os. Pr\u00e9stamo en Efectivo Obt\u00e9n dinero r\u00e1pido para tus emergencias o proyectos personales con nuestro pr\u00e9stamo en efectivo. \u2713 Aprobaci\u00f3n r\u00e1pida en minutos \u2713 Sin complicadas verificaciones de cr\u00e9dito \u2713 Flexibilidad en los montos seg\u00fan tus necesidades Pr\u00e9stamo con Garant\u00eda [&hellip;]<\/p>\n","protected":false},"author":1,"featured_media":0,"parent":0,"menu_order":0,"comment_status":"closed","ping_status":"closed","template":"","meta":{"footnotes":""},"class_list":["post-7","page","type-page","status-publish","hentry"],"_links":{"self":[{"href":"https:\/\/tevienlinea.mx\/presta-siempre-cash-loans-37b8y\/wp-json\/wp\/v2\/pages\/7","targetHints":{"allow":["GET"]}}],"collection":[{"href":"https:\/\/tevienlinea.mx\/presta-siempre-cash-loans-37b8y\/wp-json\/wp\/v2\/pages"}],"about":[{"href":"https:\/\/tevienlinea.mx\/presta-siempre-cash-loans-37b8y\/wp-json\/wp\/v2\/types\/page"}],"author":[{"embeddable":true,"href":"https:\/\/tevienlinea.mx\/presta-siempre-cash-loans-37b8y\/wp-json\/wp\/v2\/users\/1"}],"replies":[{"embeddable":true,"href":"https:\/\/tevienlinea.mx\/presta-siempre-cash-loans-37b8y\/wp-json\/wp\/v2\/comments?post=7"}],"version-history":[{"count":0,"href":"https:\/\/tevienlinea.mx\/presta-siempre-cash-loans-37b8y\/wp-json\/wp\/v2\/pages\/7\/revisions"}],"wp:attachment":[{"href":"https:\/\/tevienlinea.mx\/presta-siempre-cash-loans-37b8y\/wp-json\/wp\/v2\/media?parent=7"}],"curies":[{"name":"wp","href":"https:\/\/api.w.org\/{rel}","templated":true}]}}