{"id":5,"date":"2025-11-13T07:34:20","date_gmt":"2025-11-13T06:34:20","guid":{"rendered":"https:\/\/tevienlinea.mx\/test-debug-exhaustivo\/inicio\/"},"modified":"2025-11-13T07:34:20","modified_gmt":"2025-11-13T06:34:20","slug":"inicio","status":"publish","type":"page","link":"https:\/\/tevienlinea.mx\/test-debug-exhaustivo\/","title":{"rendered":"Inicio"},"content":{"rendered":"\n\n<div class=\"wp-block-cover alignfull has-custom-content-position is-position-bottom-center\" style=\"margin-top:0;margin-bottom:0;padding-top:var(--wp--preset--spacing--50);padding-right:var(--wp--preset--spacing--50);padding-bottom:var(--wp--preset--spacing--50);padding-left:var(--wp--preset--spacing--50);min-height:840px;aspect-ratio:unset;\">\n\t<span aria-hidden=\"true\" class=\"wp-block-cover__background has-background-dim-40 has-background-dim\"><\/span>\n\t<img decoding=\"async\" class=\"wp-block-cover__image-background\" alt=\"Banner image\" src=\"https:\/\/images.unsplash.com\/photo-1560472355-536de3962603\" style=\"object-position:50% 95%\" data-object-fit=\"cover\" data-object-position=\"50% 95%\"\/>\n\t<div class=\"wp-block-cover__inner-container has-global-padding is-layout-constrained wp-container-core-cover-is-layout-d89aad35 wp-block-cover-is-layout-constrained\">\n\t\t\n\t\t<div class=\"wp-block-group alignwide has-global-padding is-content-justification-left is-layout-constrained wp-container-core-group-is-layout-12dd3699 wp-block-group-is-layout-constrained\">\n\t\t\t\n\t\t\t<h2 class=\"wp-block-heading has-text-align-left has-xx-large-font-size\">Bienvenidos<\/h2>\n\t\t\t\n\n\t\t\t\n\t\t\t<p>Descripci\u00f3n del banner<\/p>\n\t\t\t\n\n\t\t<\/div>\n\t\t\n\t<\/div>\n<\/div>\n\n\n\n\n<div class=\"wp-block-group alignfull has-global-padding is-layout-constrained wp-container-core-group-is-layout-ebee8dc1 wp-block-group-is-layout-constrained\" style=\"margin-top:0;margin-bottom:0;padding-top:var(--wp--preset--spacing--50);padding-bottom:var(--wp--preset--spacing--50)\">\n\t\n\t<h2 class=\"wp-block-heading alignwide\">Por qu\u00e9 elegirnos<\/h2>\n\t\n\n\t\n\t<div class=\"wp-block-columns alignwide is-layout-flex wp-container-core-columns-is-layout-28f84493 wp-block-columns-is-layout-flex\">\n\t\t\n\t\t<div class=\"wp-block-column is-layout-flow wp-block-column-is-layout-flow\">\n\n\t\t\t\n\t\t\t<figure class=\"wp-block-image size-full\" style=\"margin-bottom:24px\">\n\t\t\t\t<img decoding=\"async\" src=\"https:\/\/tevienlinea.mx\/wp-content\/themes\/twentytwentyfive\/assets\/images\/campanula-alliariifolia-flower.webp\" alt=\"Imagen para servicio\" style=\"aspect-ratio:4\/3;object-fit:cover\"\/>\n\t\t\t<\/figure>\n\t\t\t\n\n\t\t\t\n\t\t\t<p class=\"has-accent-3-color has-text-color\" style=\"margin-bottom:8px;font-size:0.85rem;font-weight:600;letter-spacing:2px;text-transform:uppercase\">Calidad<\/p>\n\t\t\t\n\n\t\t\t\n\t\t\t<h3 class=\"wp-block-heading\">Alta Calidad<\/h3>\n\t\t\t\n\n\t\t\t\n\t\t\t<p class=\"has-medium-font-size\">Productos de la m\u00e1s alta calidad para tu satisfacci\u00f3n<\/p>\n\t\t\t\n\t\t<\/div>\n\t\t\n\n\t\t\n\t\t<div class=\"wp-block-column is-layout-flow wp-block-column-is-layout-flow\">\n\t\t\t\n\t\t\t<figure class=\"wp-block-image size-full\" style=\"margin-bottom:24px\">\n\t\t\t\t<img decoding=\"async\" src=\"https:\/\/tevienlinea.mx\/wp-content\/themes\/twentytwentyfive\/assets\/images\/delphinium-flowers.webp\" alt=\"Imagen para servicio\" style=\"aspect-ratio:4\/3;object-fit:cover\"\/>\n\t\t\t<\/figure>\n\t\t\t\n\n\t\t\t\n\t\t\t<p class=\"has-accent-3-color has-text-color\" style=\"margin-bottom:8px;font-size:0.85rem;font-weight:600;letter-spacing:2px;text-transform:uppercase\">Rapidez<\/p>\n\t\t\t\n\n\t\t\t\n\t\t\t<h3 class=\"wp-block-heading\">Servicio R\u00e1pido<\/h3>\n\t\t\t\n\n\t\t\t\n\t\t\t<p class=\"has-medium-font-size\">Servicio r\u00e1pido y eficiente que supera tus expectativas<\/p>\n\t\t\t\n\t\t<\/div>\n\t\t\n\n\t\t\n\t\t<div class=\"wp-block-column is-layout-flow wp-block-column-is-layout-flow\">\n\t\t\t\n\t\t\t<figure class=\"wp-block-image size-full\" style=\"margin-bottom:24px\">\n\t\t\t\t<img decoding=\"async\" src=\"https:\/\/tevienlinea.mx\/wp-content\/themes\/twentytwentyfive\/assets\/images\/star-thristle-flower.webp\" alt=\"Imagen para servicio\" style=\"aspect-ratio:4\/3;object-fit:cover\"\/>\n\t\t\t<\/figure>\n\t\t\t\n\n\t\t\t\n\t\t\t<p class=\"has-accent-3-color has-text-color\" style=\"margin-bottom:8px;font-size:0.85rem;font-weight:600;letter-spacing:2px;text-transform:uppercase\">Confianza<\/p>\n\t\t\t\n\n\t\t\t\n\t\t\t<h3 class=\"wp-block-heading\">Empresa Confiable<\/h3>\n\t\t\t\n\n\t\t\t\n\t\t\t<p class=\"has-medium-font-size\">Tu socio de confianza para hacer crecer tu negocio<\/p>\n\t\t\t\n\t\t<\/div>\n\t\t\n\t<\/div>\n\t\n<\/div>\n\n\n\n\n<div class=\"wp-block-group alignfull is-style-section-2 has-global-padding is-layout-constrained wp-block-group-is-layout-constrained is-style-section-2--1\" style=\"margin-top:0;margin-bottom:0;padding-top:var(--wp--preset--spacing--50);padding-bottom:var(--wp--preset--spacing--50)\">\n\t\n\t<div class=\"wp-block-columns alignwide is-layout-flex wp-container-core-columns-is-layout-7ee84d44 wp-block-columns-is-layout-flex\">\n\t\t\n\t\t<div class=\"wp-block-column is-vertically-aligned-center is-layout-flow wp-block-column-is-layout-flow\" style=\"flex-basis:50%\">\n\t\t\t\n\t\t\t<h2 class=\"wp-block-heading has-contrast-color has-text-color\">\n\t\t\t\tNuestros Servicios\n\t\t\t<\/h2>\n\t\t\t\n\t\t\t\n\t\t\t<p class=\"has-contrast-color has-text-color has-medium-font-size\">Ofrecemos soluciones integrales<\/p>\n\t\t\t\n\t\t<\/div>\n\t\t\n\n\t\t\n\t\t<div class=\"wp-block-column is-vertically-aligned-center is-layout-flow wp-block-column-is-layout-flow\" style=\"flex-basis:50%\">\n\t\t\t\n\t\t\t<figure class=\"wp-block-image size-full\">\n\t\t\t\t<img decoding=\"async\" src=\"https:\/\/tevienlinea.mx\/wp-content\/themes\/twentytwentyfive\/assets\/images\/ruins-image.webp\" alt=\"Imagen de servicio\" style=\"aspect-ratio:1;object-fit:cover\"\/>\n\t\t\t<\/figure>\n\t\t\t\n\t\t<\/div>\n\t\t\n\t<\/div>\n\t\n<\/div>\n\n\n\n\n\n<div class=\"wp-block-group alignfull has-global-padding is-layout-constrained wp-block-group-is-layout-constrained\" style=\"margin-top:0;margin-bottom:0;padding-top:var(--wp--preset--spacing--60);padding-bottom:var(--wp--preset--spacing--60)\">\n    \n    <h2 class=\"wp-block-heading alignwide has-text-align-center has-x-large-font-size\">C\u00f3mo funciona<\/h2>\n    \n\n    \n    <div class=\"wp-block-columns alignwide is-layout-flex wp-container-core-columns-is-layout-ee5d7bc4 wp-block-columns-is-layout-flex\" style=\"margin-top:var(--wp--preset--spacing--50)\">\n\n        \n        <div class=\"wp-block-column is-layout-flow wp-block-column-is-layout-flow\">\n            \n\n            \n            <h3 class=\"wp-block-heading has-accent-3-color has-text-color\" style=\"margin-bottom:16px;font-size:clamp(1.976rem, 1.976rem + ((1vw - 0.2rem) * 2.391), 3.5rem);font-weight:700;line-height:1\">1<\/h3>\n            \n\n            \n            <h4 class=\"wp-block-heading has-medium-font-size\">Paso 1<\/h4>\n            \n\n            \n            <p class=\"has-medium-font-size\">Primer paso<\/p>\n            \n        <\/div>\n        \n        \n        <div class=\"wp-block-column is-layout-flow wp-block-column-is-layout-flow\">\n            \n\n            \n            <h3 class=\"wp-block-heading has-accent-3-color has-text-color\" style=\"margin-bottom:16px;font-size:clamp(1.976rem, 1.976rem + ((1vw - 0.2rem) * 2.391), 3.5rem);font-weight:700;line-height:1\">2<\/h3>\n            \n\n            \n            <h4 class=\"wp-block-heading has-medium-font-size\">Paso 2<\/h4>\n            \n\n            \n            <p class=\"has-medium-font-size\">Segundo paso<\/p>\n            \n        <\/div>\n        \n        \n        <div class=\"wp-block-column is-layout-flow wp-block-column-is-layout-flow\">\n            \n\n            \n            <h3 class=\"wp-block-heading has-accent-3-color has-text-color\" style=\"margin-bottom:16px;font-size:clamp(1.976rem, 1.976rem + ((1vw - 0.2rem) * 2.391), 3.5rem);font-weight:700;line-height:1\">3<\/h3>\n            \n\n            \n            <h4 class=\"wp-block-heading has-medium-font-size\">Paso 3<\/h4>\n            \n\n            \n            <p class=\"has-medium-font-size\">Tercer paso<\/p>\n            \n        <\/div>\n        \n    <\/div>\n    \n<\/div>\n\n\n\n\n\n<div class=\"wp-block-group alignfull has-global-padding is-layout-constrained wp-block-group-is-layout-constrained\" style=\"margin-top:0;margin-bottom:0\">\n    \n    <div class=\"wp-block-group alignwide is-layout-flow wp-container-core-group-is-layout-d58a0413 wp-block-group-is-layout-flow\" style=\"padding-top:var(--wp--preset--spacing--50);padding-bottom:var(--wp--preset--spacing--50)\">\n        \n        <h2 class=\"wp-block-heading has-x-large-font-size\">Preguntas frecuentes<\/h2>\n        \n\n        \n        <div class=\"wp-block-columns is-layout-flex wp-container-core-columns-is-layout-28f84493 wp-block-columns-is-layout-flex\">\n            \n            <div class=\"wp-block-column is-layout-flow wp-block-column-is-layout-flow\">\n\n                \n                <div class=\"wp-block-group is-layout-flow wp-block-group-is-layout-flow\" style=\"border-top-color:var(--wp--preset--color--accent-6);border-top-width:1px;padding-top:var(--wp--preset--spacing--30);padding-bottom:var(--wp--preset--spacing--30)\">\n                    \n                    <h3 class=\"wp-block-heading\">\u00bfPregunta 1?<\/h3>\n                    \n\n                    \n                    <p>Respuesta 1<\/p>\n                    \n                <\/div>\n                \n            <\/div>\n            \n\n            \n            <div class=\"wp-block-column is-layout-flow wp-block-column-is-layout-flow\">\n\n            <\/div>\n            \n        <\/div>\n        \n    <\/div>\n    \n<\/div>\n\n\n\n\n\n<div class=\"wp-block-group alignfull has-base-color has-accent-3-background-color has-text-color has-background has-link-color wp-elements-cda3e7992b9490f0139b66badb7ff15b has-global-padding is-layout-constrained wp-block-group-is-layout-constrained\" style=\"margin-top:0;margin-bottom:0;padding-top:var(--wp--preset--spacing--70);padding-bottom:var(--wp--preset--spacing--70)\">\n    \n    <h2 class=\"wp-block-heading has-text-align-center has-xx-large-font-size\">\u00bfListo para comenzar?<\/h2>\n    \n\n    \n    <p class=\"has-text-align-center has-medium-font-size\" style=\"margin-top:var(--wp--preset--spacing--40)\">Cont\u00e1ctanos hoy<\/p>\n    \n<\/div>\n\n\n\n","protected":false},"excerpt":{"rendered":"<p>Por qu\u00e9 elegirnos Calidad Alta Calidad Productos de la m\u00e1s alta calidad para tu satisfacci\u00f3n Rapidez Servicio R\u00e1pido Servicio r\u00e1pido y eficiente que supera tus expectativas Confianza Empresa Confiable Tu socio de confianza para hacer crecer tu negocio Nuestros Servicios Ofrecemos soluciones integrales C\u00f3mo funciona 1 Paso 1 Primer paso 2 Paso 2 Segundo paso [&hellip;]<\/p>\n","protected":false},"author":1,"featured_media":0,"parent":0,"menu_order":0,"comment_status":"closed","ping_status":"closed","template":"","meta":{"footnotes":""},"class_list":["post-5","page","type-page","status-publish","hentry"],"_links":{"self":[{"href":"https:\/\/tevienlinea.mx\/test-debug-exhaustivo\/wp-json\/wp\/v2\/pages\/5","targetHints":{"allow":["GET"]}}],"collection":[{"href":"https:\/\/tevienlinea.mx\/test-debug-exhaustivo\/wp-json\/wp\/v2\/pages"}],"about":[{"href":"https:\/\/tevienlinea.mx\/test-debug-exhaustivo\/wp-json\/wp\/v2\/types\/page"}],"author":[{"embeddable":true,"href":"https:\/\/tevienlinea.mx\/test-debug-exhaustivo\/wp-json\/wp\/v2\/users\/1"}],"replies":[{"embeddable":true,"href":"https:\/\/tevienlinea.mx\/test-debug-exhaustivo\/wp-json\/wp\/v2\/comments?post=5"}],"version-history":[{"count":0,"href":"https:\/\/tevienlinea.mx\/test-debug-exhaustivo\/wp-json\/wp\/v2\/pages\/5\/revisions"}],"wp:attachment":[{"href":"https:\/\/tevienlinea.mx\/test-debug-exhaustivo\/wp-json\/wp\/v2\/media?parent=5"}],"curies":[{"name":"wp","href":"https:\/\/api.w.org\/{rel}","templated":true}]}}