{"id":9,"date":"2025-11-27T18:17:21","date_gmt":"2025-11-27T17:17:21","guid":{"rendered":"https:\/\/tevienlinea.mx\/toox-mayen-professional-dj\/nosotros\/"},"modified":"2025-11-27T18:17:21","modified_gmt":"2025-11-27T17:17:21","slug":"nosotros","status":"publish","type":"page","link":"https:\/\/tevienlinea.mx\/toox-mayen-professional-dj\/nosotros\/","title":{"rendered":"Nosotros"},"content":{"rendered":"\n<div class=\"wp-block-group has-global-padding is-layout-constrained wp-container-core-group-is-layout-d0a2af45 wp-block-group-is-layout-constrained\" style='padding-top:5rem; padding-bottom:3rem; padding-left:1.5rem; padding-right:1.5rem; background: linear-gradient(135deg, #201d2b 0%, #ffcd38 100%);'>\n    <div style='text-align: center; color: white;'>\n        <h1 style='font-size: 3rem; font-weight: 800;'>Sobre Toox Mayen<\/h1>\n    <\/div>\n<\/div>\n\n\n\n<div class=\"wp-block-group has-global-padding is-layout-constrained wp-container-core-group-is-layout-194ed6b0 wp-block-group-is-layout-constrained\" style='padding-top:3rem; padding-bottom:3rem; padding-left:1.5rem; padding-right:1.5rem; background: white;'>\n    <div style='display: flex; gap: 3rem; align-items: center; flex-wrap: wrap; '>\n        \n        <div style='flex: 1; min-width: 300px;'>\n            <h2 style='font-size: 2.2rem; font-weight: 700; color: #201d2b; margin-bottom: 1.5rem;'>Los Inicios<\/h2>\n            <p style='font-size: 1.1rem; line-height: 1.8; color: #555;'>Desde muy joven, Toox Mayen sinti\u00f3 una conexi\u00f3n especial con la m\u00fasica que lo llev\u00f3 a descubrir un mundo fascinante de sonidos y emociones. Su pasi\u00f3n lo impuls\u00f3 a buscar cualquier oportunidad para tocar, llevando su talento a fiestas clandestinas donde la energ\u00eda y la autenticidad eran protagonistas. Estas primeras experiencias formaron su car\u00e1cter musical y le brindaron un escenario \u00edntimo para experimentar y aprender, lejos de las luces y el bullicio de los grandes eventos. A trav\u00e9s de cada set, Toox comenz\u00f3 a forjar una identidad musical \u00fanica y genuina, ba\u00f1ada en dedicaci\u00f3n, perseverancia y una profunda curiosidad. Para \u00e9l, la m\u00fasica siempre ha significado m\u00e1s que un simple pasatiempo: representa una forma de vida y una v\u00eda para conectar con las personas.<\/p>\n        <\/div>\n    <\/div>\n<\/div>\n\n\n\n<div class=\"wp-block-group has-global-padding is-layout-constrained wp-container-core-group-is-layout-194ed6b0 wp-block-group-is-layout-constrained\" style='padding-top:3rem; padding-bottom:3rem; padding-left:1.5rem; padding-right:1.5rem; background: #f8f9fa;'>\n    <div style='display: flex; gap: 3rem; align-items: center; flex-wrap: wrap; flex-direction: row-reverse;'>\n        \n        <div style='flex: 1; min-width: 300px;'>\n            <h2 style='font-size: 2.2rem; font-weight: 700; color: #201d2b; margin-bottom: 1.5rem;'>Evoluci\u00f3n y Reconocimiento<\/h2>\n            <p style='font-size: 1.1rem; line-height: 1.8; color: #555;'>Con el tiempo, el talento de Toox Mayen fue notado m\u00e1s all\u00e1 de los peque\u00f1os c\u00edrculos. Su evoluci\u00f3n art\u00edstica lo llev\u00f3 a tocar en eventos de renombre y a pisar escenarios de destacados festivales, consolidando su reputaci\u00f3n entre los amantes de la m\u00fasica. Su tenacidad y esfuerzo dieron frutos cuando fue invitado a ser residente en varios clubes nocturnos reconocidos, lo que le permiti\u00f3 seguir creciendo y perfeccionando su estilo. Adem\u00e1s, Toox supo mantenerse fiel a sus ra\u00edces, participando activamente en el \u00e1rea underground, donde la autenticidad y el compromiso con la comunidad musical son esenciales. Cada etapa ha sido un reto que, lejos de desviarlo, ha reforzado su pasi\u00f3n y su b\u00fasqueda de nuevos horizontes.<\/p>\n        <\/div>\n    <\/div>\n<\/div>\n\n\n\n<div class=\"wp-block-group has-global-padding is-layout-constrained wp-container-core-group-is-layout-194ed6b0 wp-block-group-is-layout-constrained\" style='padding-top:3rem; padding-bottom:3rem; padding-left:1.5rem; padding-right:1.5rem; background: white;'>\n    <div style='display: flex; gap: 3rem; align-items: center; flex-wrap: wrap; '>\n        \n        <div style='flex: 1; min-width: 300px;'>\n            <h2 style='font-size: 2.2rem; font-weight: 700; color: #201d2b; margin-bottom: 1.5rem;'>Presente y Futuro<\/h2>\n            <p style='font-size: 1.1rem; line-height: 1.8; color: #555;'>Hoy en d\u00eda, Toox Mayen sigue fiel a la esencia que lo vio nacer en la m\u00fasica, pero con la mirada puesta en el futuro. Su trayectoria es testimonio de una evoluci\u00f3n constante basada en la integridad art\u00edstica y el deseo de ofrecer experiencias musicales genuinas. Toox contin\u00faa trabajando en proyectos que fusionan calidad, creatividad y cercan\u00eda con su audiencia, explorando nuevas formas de expresi\u00f3n sin perder su sello personal. El compromiso contin\u00faa siendo conectar a trav\u00e9s del sonido y la emoci\u00f3n, tanto en escenarios grandes como en espacios \u00edntimos del underground. Mirando hacia el futuro, Toox abraza la transformaci\u00f3n y el dinamismo propios de la m\u00fasica, siendo fiel a sus valores y a la cultura que lo inspir\u00f3 desde el principio.<\/p>\n        <\/div>\n    <\/div>\n<\/div>\n\n\n\n<div class=\"wp-block-group has-global-padding is-layout-constrained wp-container-core-group-is-layout-2ef76e5a wp-block-group-is-layout-constrained\" style='padding-top:4rem; padding-bottom:4rem; padding-left:1.5rem; padding-right:1.5rem; background: #f8f9fa;'>\n    <h2 style='text-align: center; font-size: 2.5rem; font-weight: 800; color: #201d2b; margin-bottom: 3rem;'>Nuestros Valores<\/h2>\n    <div style='display: flex; gap: 2rem; flex-wrap: wrap; justify-content: center;'>\n        <div style='flex: 1; min-width: 280px; background: white; border-radius: 12px; padding: 2rem; box-shadow: 0 4px 12px rgba(0,0,0,0.1); text-align: center;'>\n                <div style='font-size: 3rem; margin-bottom: 1rem;'>shield-checkmark-outline<\/div>\n                <h3 style='font-size: 1.5rem; font-weight: 700; color: #201d2b; margin-bottom: 1rem;'>Autenticidad<\/h3>\n                <p style='color: #666; line-height: 1.6;'>Vivimos y compartimos la m\u00fasica desde la verdad propia.<\/p>\n            <\/div><div style='flex: 1; min-width: 280px; background: white; border-radius: 12px; padding: 2rem; box-shadow: 0 4px 12px rgba(0,0,0,0.1); text-align: center;'>\n                <div style='font-size: 3rem; margin-bottom: 1rem;'>people-outline<\/div>\n                <h3 style='font-size: 1.5rem; font-weight: 700; color: #201d2b; margin-bottom: 1rem;'>Cercan\u00eda<\/h3>\n                <p style='color: #666; line-height: 1.6;'>Conectamos genuinamente con la comunidad musical.<\/p>\n            <\/div><div style='flex: 1; min-width: 280px; background: white; border-radius: 12px; padding: 2rem; box-shadow: 0 4px 12px rgba(0,0,0,0.1); text-align: center;'>\n                <div style='font-size: 3rem; margin-bottom: 1rem;'>leaf-outline<\/div>\n                <h3 style='font-size: 1.5rem; font-weight: 700; color: #201d2b; margin-bottom: 1rem;'>Evoluci\u00f3n<\/h3>\n                <p style='color: #666; line-height: 1.6;'>Buscamos crecer sin perder nuestras ra\u00edces.<\/p>\n            <\/div>\n    <\/div>\n<\/div>\n","protected":false},"excerpt":{"rendered":"<p>Sobre Toox Mayen Los Inicios Desde muy joven, Toox Mayen sinti\u00f3 una conexi\u00f3n especial con la m\u00fasica que lo llev\u00f3 a descubrir un mundo fascinante de sonidos y emociones. Su pasi\u00f3n lo impuls\u00f3 a buscar cualquier oportunidad para tocar, llevando su talento a fiestas clandestinas donde la energ\u00eda y la autenticidad eran protagonistas. Estas primeras [&hellip;]<\/p>\n","protected":false},"author":1,"featured_media":0,"parent":0,"menu_order":0,"comment_status":"closed","ping_status":"closed","template":"","meta":{"footnotes":""},"class_list":["post-9","page","type-page","status-publish","hentry"],"_links":{"self":[{"href":"https:\/\/tevienlinea.mx\/toox-mayen-professional-dj\/wp-json\/wp\/v2\/pages\/9","targetHints":{"allow":["GET"]}}],"collection":[{"href":"https:\/\/tevienlinea.mx\/toox-mayen-professional-dj\/wp-json\/wp\/v2\/pages"}],"about":[{"href":"https:\/\/tevienlinea.mx\/toox-mayen-professional-dj\/wp-json\/wp\/v2\/types\/page"}],"author":[{"embeddable":true,"href":"https:\/\/tevienlinea.mx\/toox-mayen-professional-dj\/wp-json\/wp\/v2\/users\/1"}],"replies":[{"embeddable":true,"href":"https:\/\/tevienlinea.mx\/toox-mayen-professional-dj\/wp-json\/wp\/v2\/comments?post=9"}],"version-history":[{"count":0,"href":"https:\/\/tevienlinea.mx\/toox-mayen-professional-dj\/wp-json\/wp\/v2\/pages\/9\/revisions"}],"wp:attachment":[{"href":"https:\/\/tevienlinea.mx\/toox-mayen-professional-dj\/wp-json\/wp\/v2\/media?parent=9"}],"curies":[{"name":"wp","href":"https:\/\/api.w.org\/{rel}","templated":true}]}}