{"id":6,"date":"2025-12-24T17:36:32","date_gmt":"2025-12-24T16:36:32","guid":{"rendered":"https:\/\/tevienlinea.mx\/transportes-corona-transport-logistics-ngc7v\/inicio\/"},"modified":"2025-12-24T17:36:32","modified_gmt":"2025-12-24T16:36:32","slug":"inicio","status":"publish","type":"page","link":"https:\/\/tevienlinea.mx\/transportes-corona-transport-logistics-ngc7v\/","title":{"rendered":"Inicio"},"content":{"rendered":"\n\n<div class=\"wp-block-cover alignfull has-custom-content-position is-position-bottom-center\" style=\"margin-top:0;margin-bottom:0;padding-top:var(--wp--preset--spacing--50);padding-right:var(--wp--preset--spacing--50);padding-bottom:var(--wp--preset--spacing--50);padding-left:var(--wp--preset--spacing--50);min-height:840px;aspect-ratio:unset;\">\n\t<span aria-hidden=\"true\" class=\"wp-block-cover__background has-background-dim-40 has-background-dim\"><\/span>\n\t<img decoding=\"async\" class=\"wp-block-cover__image-background\" alt=\"Banner image\" src=\"https:\/\/storage.googleapis.com\/chatbot-7e554.firebasestorage.app\/company\/18\/website-images\/hero-ae572bb7-2106-43dc-91fc-a8cc6b05d242.jpg\" style=\"object-position:50% 95%\" data-object-fit=\"cover\" data-object-position=\"50% 95%\"\/>\n\t<div class=\"wp-block-cover__inner-container has-global-padding is-layout-constrained wp-container-core-cover-is-layout-d89aad35 wp-block-cover-is-layout-constrained\">\n\t\t\n\t\t<div class=\"wp-block-group alignwide has-global-padding is-content-justification-left is-layout-constrained wp-container-core-group-is-layout-12dd3699 wp-block-group-is-layout-constrained\">\n\t\t\t\n\t\t\t<h2 class=\"wp-block-heading has-text-align-left has-xx-large-font-size\">Log\u00edstica confiable para tu empresa<\/h2>\n\t\t\t\n\n\t\t\t\n\t\t\t<p>En Transportes Corona ofrecemos servicios de transporte y log\u00edstica con alta puntualidad y seguridad, garantizando que tu carga llegue a tiempo. Conf\u00eda en nuestro compromiso de calidad y profesionalismo.<\/p>\n\t\t\t\n\n\t\t<\/div>\n\t\t\n\t<\/div>\n<\/div>\n\n\n\n\n<div class=\"wp-block-group alignfull has-global-padding is-layout-constrained wp-container-core-group-is-layout-ebee8dc1 wp-block-group-is-layout-constrained\" style=\"margin-top:0;margin-bottom:0;padding-top:var(--wp--preset--spacing--50);padding-bottom:var(--wp--preset--spacing--50)\">\n\t\n\t<h2 class=\"wp-block-heading alignwide\">\u00bfPor qu\u00e9 elegirnos?<\/h2>\n\t\n\n\t\n\t<div class=\"wp-block-columns alignwide is-layout-flex wp-container-core-columns-is-layout-28f84493 wp-block-columns-is-layout-flex\">\n\t\t\n\t\t<div class=\"wp-block-column is-layout-flow wp-block-column-is-layout-flow\">\n\n\t\t\t\n\t\t\t<figure class=\"wp-block-image size-full\" style=\"margin-bottom:24px\">\n\t\t\t\t<img decoding=\"async\" src=\"https:\/\/images.unsplash.com\/photo-1586528116311-ad8dd3c8310d?crop=entropy&#038;cs=tinysrgb&#038;fit=max&#038;fm=jpg&#038;ixid=M3w0MjczNjh8MHwxfHNlYXJjaHwzfHxsb2dpc3RpY2F8ZW58MHwwfHx8MTc2NjU5NDAzM3ww&#038;ixlib=rb-4.1.0&#038;q=80&#038;w=1080\" alt=\"Imagen para servicio\" style=\"aspect-ratio:4\/3;object-fit:cover\"\/>\n\t\t\t<\/figure>\n\t\t\t\n\n\t\t\t\n\t\t\t<p class=\"has-accent-3-color has-text-color\" style=\"margin-bottom:8px;font-size:0.85rem;font-weight:600;letter-spacing:2px;text-transform:uppercase\">CONFIABILIDAD<\/p>\n\t\t\t\n\n\t\t\t\n\t\t\t<h3 class=\"wp-block-heading\">Transporte seguro y puntual<\/h3>\n\t\t\t\n\n\t\t\t\n\t\t\t<p class=\"has-medium-font-size\">Nuestro servicio se basa en la entrega puntual y segura de tus productos, sin sorpresas.<\/p>\n\t\t\t\n\t\t<\/div>\n\t\t\n\n\t\t\n\t\t<div class=\"wp-block-column is-layout-flow wp-block-column-is-layout-flow\">\n\t\t\t\n\t\t\t<figure class=\"wp-block-image size-full\" style=\"margin-bottom:24px\">\n\t\t\t\t<img decoding=\"async\" src=\"https:\/\/images.pexels.com\/photos\/6169669\/pexels-photo-6169669.jpeg?auto=compress&#038;cs=tinysrgb&#038;h=650&#038;w=940\" alt=\"Imagen para servicio\" style=\"aspect-ratio:4\/3;object-fit:cover\"\/>\n\t\t\t<\/figure>\n\t\t\t\n\n\t\t\t\n\t\t\t<p class=\"has-accent-3-color has-text-color\" style=\"margin-bottom:8px;font-size:0.85rem;font-weight:600;letter-spacing:2px;text-transform:uppercase\">EFICIENCIA<\/p>\n\t\t\t\n\n\t\t\t\n\t\t\t<h3 class=\"wp-block-heading\">Soluciones personalizadas<\/h3>\n\t\t\t\n\n\t\t\t\n\t\t\t<p class=\"has-medium-font-size\">Adaptamos nuestros servicios a las necesidades espec\u00edficas de tu negocio para optimizar costos y tiempos.<\/p>\n\t\t\t\n\t\t<\/div>\n\t\t\n\n\t\t\n\t\t<div class=\"wp-block-column is-layout-flow wp-block-column-is-layout-flow\">\n\t\t\t\n\t\t\t<figure class=\"wp-block-image size-full\" style=\"margin-bottom:24px\">\n\t\t\t\t<img decoding=\"async\" src=\"https:\/\/images.pexels.com\/photos\/7843973\/pexels-photo-7843973.jpeg?auto=compress&#038;cs=tinysrgb&#038;h=650&#038;w=940\" alt=\"Imagen para servicio\" style=\"aspect-ratio:4\/3;object-fit:cover\"\/>\n\t\t\t<\/figure>\n\t\t\t\n\n\t\t\t\n\t\t\t<p class=\"has-accent-3-color has-text-color\" style=\"margin-bottom:8px;font-size:0.85rem;font-weight:600;letter-spacing:2px;text-transform:uppercase\">PROFESIONALISMO<\/p>\n\t\t\t\n\n\t\t\t\n\t\t\t<h3 class=\"wp-block-heading\">Equipo capacitado y comprometido<\/h3>\n\t\t\t\n\n\t\t\t\n\t\t\t<p class=\"has-medium-font-size\">Contamos con personal altamente calificado que asegura una atenci\u00f3n al cliente excepcional.<\/p>\n\t\t\t\n\t\t<\/div>\n\t\t\n\t<\/div>\n\t\n<\/div>\n\n\n\n\n<div class=\"wp-block-group alignfull is-style-section-2 has-global-padding is-layout-constrained wp-block-group-is-layout-constrained is-style-section-2--1\" style=\"margin-top:0;margin-bottom:0;padding-top:var(--wp--preset--spacing--50);padding-bottom:var(--wp--preset--spacing--50)\">\n\t\n\t<div class=\"wp-block-columns alignwide is-layout-flex wp-container-core-columns-is-layout-7ee84d44 wp-block-columns-is-layout-flex\">\n\t\t\n\t\t<div class=\"wp-block-column is-vertically-aligned-center is-layout-flow wp-block-column-is-layout-flow\" style=\"flex-basis:50%\">\n\t\t\t\n\t\t\t<h2 class=\"wp-block-heading has-contrast-color has-text-color\">\n\t\t\t\tNuestros servicios de log\u00edstica\n\t\t\t<\/h2>\n\t\t\t\n\t\t\t\n\t\t\t<p class=\"has-contrast-color has-text-color has-medium-font-size\">En Transportes Corona ofrecemos un amplio espectro de servicios en transporte y log\u00edstica, incluyendo flete terrestre, gesti\u00f3n de inventarios y log\u00edstica de \u00faltima milla. Nos enfocamos en ofrecer soluciones integrales para empresas de distintos sectores, garantizando siempre seguridad y eficiencia en cada env\u00edo.<\/p>\n\t\t\t\n\t\t<\/div>\n\t\t\n\n\t\t\n\t\t<div class=\"wp-block-column is-vertically-aligned-center is-layout-flow wp-block-column-is-layout-flow\" style=\"flex-basis:50%\">\n\t\t\t\n\t\t\t<figure class=\"wp-block-image size-full\">\n\t\t\t\t<img decoding=\"async\" src=\"https:\/\/images.pexels.com\/photos\/4481329\/pexels-photo-4481329.jpeg?auto=compress&#038;cs=tinysrgb&#038;h=650&#038;w=940\" alt=\"Imagen de servicio\" style=\"aspect-ratio:1;object-fit:cover\"\/>\n\t\t\t<\/figure>\n\t\t\t\n\t\t<\/div>\n\t\t\n\t<\/div>\n\t\n<\/div>\n\n\n\n\n\n<div class=\"wp-block-group alignfull has-global-padding is-layout-constrained wp-block-group-is-layout-constrained\" style=\"margin-top:0;margin-bottom:0;padding-top:var(--wp--preset--spacing--60);padding-bottom:var(--wp--preset--spacing--60)\">\n\t\n\t<div class=\"wp-block-columns alignwide is-layout-flex wp-container-core-columns-is-layout-714d85e9 wp-block-columns-is-layout-flex\">\n\t\t\n\t\t<div class=\"wp-block-column is-layout-flow wp-block-column-is-layout-flow\">\n\t\t\t\n\t\t\t<div class=\"wp-block-columns is-layout-flex wp-container-core-columns-is-layout-08c01c1c wp-block-columns-is-layout-flex\">\n\t\t\t\t\n\t\t\t\t<div class=\"wp-block-column is-layout-flow wp-block-column-is-layout-flow\" style=\"flex-basis:64px\">\n\t\t\t\t\t\n\t\t\t\t\t<figure class=\"wp-block-image size-large is-resized is-style-rounded\"><img decoding=\"async\" src=\"https:\/\/tevienlinea.mx\/wp-content\/themes\/twentytwentyfive\/assets\/images\/nurse.webp\" alt=\"Foto de cliente\" style=\"aspect-ratio:1;object-fit:cover;width:64px\"\/><\/figure>\n\t\t\t\t\t\n\t\t\t\t<\/div>\n\t\t\t\t\n\n\t\t\t\t\n\t\t\t\t<div class=\"wp-block-column is-layout-flow wp-block-column-is-layout-flow\">\n\t\t\t\t\t\n\t\t\t\t\t<blockquote class=\"wp-block-quote is-style-plain has-x-large-font-size is-layout-flow wp-container-core-quote-is-layout-119bc444 wp-block-quote-is-layout-flow is-style-plain--2\" style=\"font-style:normal;font-weight:400\">\n\t\t\t\t\t\t\n\t\t\t\t\t\t<p style=\"line-height:1.1\">\u00abHe trabajado con Transportes Corona durante varios a\u00f1os y siempre he recibido un servicio excepcional. Su compromiso con la puntualidad y la seguridad de mis env\u00edos es inigualable. Sin duda, son una parte vital de mi cadena de suministro.\u00bb<\/p>\n\t\t\t\t\t\t\n\t\t\t\t\t\t<cite>Carlos G\u00f3mez <br \/><sub>Log\u00edstica del Norte<\/sub><\/cite>\n\t\t\t\t\t<\/blockquote>\n\t\t\t\t\t\n\t\t\t\t<\/div>\n\t\t\t\t\n\t\t\t<\/div>\n\t\t\t\n\t\t<\/div>\n\t\t\n\t<\/div>\n\t\n<\/div>\n\n\n\n\n\n<div class=\"wp-block-group alignfull is-style-section-3 has-base-color has-text-color has-global-padding is-layout-constrained wp-block-group-is-layout-constrained is-style-section-3--3\" style=\"margin-top:0;margin-bottom:0;padding-top:var(--wp--preset--spacing--60);padding-bottom:var(--wp--preset--spacing--60)\">\n\t\n\t<div class=\"wp-block-columns alignwide is-layout-flex wp-container-core-columns-is-layout-643ced6b wp-block-columns-is-layout-flex\">\n\t\t\n\t\t<div class=\"wp-block-column is-layout-flow wp-block-column-is-layout-flow\" style=\"flex-basis:40%\">\n\t\t\t\n\t\t\t<figure class=\"wp-block-image size-large\">\n\t\t\t\t<img decoding=\"async\" src=\"https:\/\/images.unsplash.com\/photo-1683721003111-070bcc053d8b?crop=entropy&#038;cs=tinysrgb&#038;fit=max&#038;fm=jpg&#038;ixid=M3w0MjczNjh8MHwxfHNlYXJjaHwyfHxyZWRlcyUyMHNvY2lhbGVzfGVufDB8MHx8fDE3NjY1OTQxMDZ8MA&#038;ixlib=rb-4.1.0&#038;q=80&#038;w=1080\" alt=\"Redes Sociales\"\/>\n\t\t\t<\/figure>\n\t\t\t\n\t\t<\/div>\n\t\t\n\n\t\t\n\t\t<div class=\"wp-block-column is-vertically-aligned-center is-layout-flow wp-container-core-column-is-layout-119bc444 wp-block-column-is-layout-flow\" style=\"flex-basis:60%\">\n\t\t\t\n\t\t\t<h2 class=\"wp-block-heading has-base-color has-text-color has-xx-large-font-size\">Nuestras Redes Sociales<\/h2>\n\t\t\t\n\n\t\t\t\n\t\t\t<p class=\"has-base-color has-text-color\">S\u00edguenos y conoce nuestras ofertas, novedades y promociones.<\/p>\n\t\t\t\n\n\t\t\t\n\t\t\t<div class=\"wp-block-group is-vertical is-layout-flex wp-container-core-group-is-layout-41e20069 wp-block-group-is-layout-flex\">\n\n\t\t\t\t\n\t\t\t\t<h3 class=\"wp-block-heading has-base-color has-text-color has-small-font-size\" style=\"font-style:normal;font-weight:600;letter-spacing:1px;text-transform:uppercase\">S\u00edguenos en tu plataforma favorita<\/h3>\n\t\t\t\t\n\n\t\t\t\t\n\t\t\t\t<div class=\"wp-block-group is-layout-flex wp-block-group-is-layout-flex\">\n\t\t\t\t\n\t\t\t\t<p class=\"is-style-text-annotation has-base-color has-text-color is-style-text-annotation--4\"><a href=\"http:\/\/Transportes%20Corona\" target=\"_blank\" rel=\"noopener\">Facebook<\/a><\/p>\n\t\t\t\t\n\n\t\t\t\t\n\t\t\t\t<p class=\"is-style-text-annotation has-base-color has-text-color is-style-text-annotation--5\"><a href=\"http:\/\/Transportes%20Corona\" target=\"_blank\" rel=\"noopener\">Instagram<\/a><\/p>\n\t\t\t\t\n\n\t\t\t\t\n\t\t\t\t<p class=\"is-style-text-annotation has-base-color has-text-color is-style-text-annotation--6\"><a href=\"http:\/\/Transportes%20Corona\" target=\"_blank\" rel=\"noopener\">WhatsApp<\/a><\/p>\n\t\t\t\t\n\n\t\t\t\t\n\t\t\t\t<p class=\"is-style-text-annotation has-base-color has-text-color is-style-text-annotation--7\"><a href=\"http:\/\/Transportes%20Corona\" target=\"_blank\" rel=\"noopener\">TikTok<\/a><\/p>\n\t\t\t\t\n\n\t\t\t\t<\/div>\n\t\t\t\t\n\n\t\t\t<\/div>\n\t\t\t\n\n\t\t<\/div>\n\t\t\n\t<\/div>\n\t\n<\/div>\n\n\n\n\n\n<div class=\"wp-block-group alignfull has-global-padding is-layout-constrained wp-block-group-is-layout-constrained\" style=\"margin-top:0;margin-bottom:0;padding-top:var(--wp--preset--spacing--60);padding-bottom:var(--wp--preset--spacing--60)\">\n    \n    <h2 class=\"wp-block-heading alignwide has-text-align-center has-x-large-font-size\">Nuestro proceso de servicio<\/h2>\n    \n\n    \n    <div class=\"wp-block-columns alignwide is-layout-flex wp-container-core-columns-is-layout-ee5d7bc4 wp-block-columns-is-layout-flex\" style=\"margin-top:var(--wp--preset--spacing--50)\">\n\n        \n        <div class=\"wp-block-column is-layout-flow wp-block-column-is-layout-flow\">\n            \n            <figure class=\"wp-block-image size-full\" style=\"margin-bottom:24px\">\n                <img decoding=\"async\" src=\"https:\/\/images.unsplash.com\/photo-1587560699334-bea93391dcef?crop=entropy&#038;cs=tinysrgb&#038;fit=max&#038;fm=jpg&#038;ixid=M3w0MjczNjh8MHwxfHNlYXJjaHw1fHxjb250YWN0b3xlbnwwfDB8fHwxNzY2NTk0MTI5fDA&#038;ixlib=rb-4.1.0&#038;q=80&#038;w=1080\" alt=\"Paso 1\" style=\"aspect-ratio:4\/3;object-fit:cover\"\/>\n            <\/figure>\n            \n\n            \n            <h3 class=\"wp-block-heading has-accent-3-color has-text-color\" style=\"margin-bottom:16px;font-size:clamp(1.976rem, 1.976rem + ((1vw - 0.2rem) * 2.391), 3.5rem);font-weight:700;line-height:1\">1<\/h3>\n            \n\n            \n            <h4 class=\"wp-block-heading has-medium-font-size\">Paso 1: Consulta inicial<\/h4>\n            \n\n            \n            <p class=\"has-medium-font-size\">Contacta con nosotros para discutir tus necesidades y definir tus requisitos de transporte.<\/p>\n            \n        <\/div>\n        \n        \n        <div class=\"wp-block-column is-layout-flow wp-block-column-is-layout-flow\">\n            \n            <figure class=\"wp-block-image size-full\" style=\"margin-bottom:24px\">\n                <img decoding=\"async\" src=\"https:\/\/images.pexels.com\/photos\/5716042\/pexels-photo-5716042.jpeg?auto=compress&#038;cs=tinysrgb&#038;h=650&#038;w=940\" alt=\"Paso 2\" style=\"aspect-ratio:4\/3;object-fit:cover\"\/>\n            <\/figure>\n            \n\n            \n            <h3 class=\"wp-block-heading has-accent-3-color has-text-color\" style=\"margin-bottom:16px;font-size:clamp(1.976rem, 1.976rem + ((1vw - 0.2rem) * 2.391), 3.5rem);font-weight:700;line-height:1\">2<\/h3>\n            \n\n            \n            <h4 class=\"wp-block-heading has-medium-font-size\">Paso 2: Planificaci\u00f3n<\/h4>\n            \n\n            \n            <p class=\"has-medium-font-size\">Elaboramos un plan de log\u00edstica personalizado que maximiza la eficiencia y minimiza costos.<\/p>\n            \n        <\/div>\n        \n        \n        <div class=\"wp-block-column is-layout-flow wp-block-column-is-layout-flow\">\n            \n            <figure class=\"wp-block-image size-full\" style=\"margin-bottom:24px\">\n                <img decoding=\"async\" src=\"https:\/\/pixabay.com\/get\/g05f92c8e8293bc0594121e76af75a9c4570175ca50c90f4982c58880b36063950f7e2eaffe0e8dd7ebfbf4d3f972d92d7f1f3b23ee5aff3006269fd8705faa5a_1280.jpg\" alt=\"Paso 3\" style=\"aspect-ratio:4\/3;object-fit:cover\"\/>\n            <\/figure>\n            \n\n            \n            <h3 class=\"wp-block-heading has-accent-3-color has-text-color\" style=\"margin-bottom:16px;font-size:clamp(1.976rem, 1.976rem + ((1vw - 0.2rem) * 2.391), 3.5rem);font-weight:700;line-height:1\">3<\/h3>\n            \n\n            \n            <h4 class=\"wp-block-heading has-medium-font-size\">Paso 3: Implementaci\u00f3n<\/h4>\n            \n\n            \n            <p class=\"has-medium-font-size\">Llevamos a cabo el transporte de tus mercanc\u00edas con nuestro equipo de expertos, asegurando una entrega sin problemas.<\/p>\n            \n        <\/div>\n        \n    <\/div>\n    \n<\/div>\n\n\n\n\n\n<div class=\"wp-block-group alignfull has-global-padding is-layout-constrained wp-block-group-is-layout-constrained\" style=\"margin-top:0;margin-bottom:0\">\n    \n    <div class=\"wp-block-group alignwide is-layout-flow wp-container-core-group-is-layout-d58a0413 wp-block-group-is-layout-flow\" style=\"padding-top:var(--wp--preset--spacing--50);padding-bottom:var(--wp--preset--spacing--50)\">\n        \n        <h2 class=\"wp-block-heading has-x-large-font-size\">Preguntas frecuentes<\/h2>\n        \n\n        \n        <div class=\"wp-block-columns is-layout-flex wp-container-core-columns-is-layout-28f84493 wp-block-columns-is-layout-flex\">\n            \n            <div class=\"wp-block-column is-layout-flow wp-block-column-is-layout-flow\">\n\n                \n                <div class=\"wp-block-group is-layout-flow wp-block-group-is-layout-flow\" style=\"border-top-color:var(--wp--preset--color--accent-6);border-top-width:1px;padding-top:var(--wp--preset--spacing--30);padding-bottom:var(--wp--preset--spacing--30)\">\n                    \n                    <h3 class=\"wp-block-heading\">\u00bfCu\u00e1nto tiempo toma el servicio de transporte?<\/h3>\n                    \n\n                    \n                    <p>Dependemos de la distancia y las condiciones, pero siempre buscamos cumplir con los plazos acordados.<\/p>\n                    \n                <\/div>\n                \n                \n                <div class=\"wp-block-group is-layout-flow wp-block-group-is-layout-flow\" style=\"border-top-color:var(--wp--preset--color--accent-6);border-top-width:1px;padding-top:var(--wp--preset--spacing--30);padding-bottom:var(--wp--preset--spacing--30)\">\n                    \n                    <h3 class=\"wp-block-heading\">\u00bfCu\u00e1les son los precios de los servicios?<\/h3>\n                    \n\n                    \n                    <p>Los costos var\u00edan seg\u00fan el tipo de servicio y la distancia. Cont\u00e1ctanos para una cotizaci\u00f3n detallada.<\/p>\n                    \n                <\/div>\n                \n                \n                <div class=\"wp-block-group is-layout-flow wp-block-group-is-layout-flow\" style=\"border-top-color:var(--wp--preset--color--accent-6);border-top-width:1px;padding-top:var(--wp--preset--spacing--30);padding-bottom:var(--wp--preset--spacing--30)\">\n                    \n                    <h3 class=\"wp-block-heading\">\u00bfTienen pol\u00edticas de garant\u00eda o cancelaci\u00f3n?<\/h3>\n                    \n\n                    \n                    <p>Ofrecemos pol\u00edticas flexibles. Consulta con nosotros para entender todas las opciones disponibles.<\/p>\n                    \n                <\/div>\n                \n            <\/div>\n            \n\n            \n            <div class=\"wp-block-column is-layout-flow wp-block-column-is-layout-flow\">\n\n                \n                <div class=\"wp-block-group is-layout-flow wp-block-group-is-layout-flow\" style=\"border-top-color:var(--wp--preset--color--accent-6);border-top-width:1px;padding-top:var(--wp--preset--spacing--30);padding-bottom:var(--wp--preset--spacing--30)\">\n                    \n                    <h3 class=\"wp-block-heading\">\u00bfCuentan con soporte al cliente?<\/h3>\n                    \n\n                    \n                    <p>S\u00ed, nuestro equipo est\u00e1 disponible para ayudarte en cualquier duda o inconveniente en todo momento.<\/p>\n                    \n                <\/div>\n                \n                \n                <div class=\"wp-block-group is-layout-flow wp-block-group-is-layout-flow\" style=\"border-top-color:var(--wp--preset--color--accent-6);border-top-width:1px;padding-top:var(--wp--preset--spacing--30);padding-bottom:var(--wp--preset--spacing--30)\">\n                    \n                    <h3 class=\"wp-block-heading\">\u00bfC\u00f3mo garantizan la seguridad de los env\u00edos?<\/h3>\n                    \n\n                    \n                    <p>Implementamos medidas rigurosas de seguridad y rastreo en tiempo real para cada env\u00edo.<\/p>\n                    \n                <\/div>\n                \n                \n                <div class=\"wp-block-group is-layout-flow wp-block-group-is-layout-flow\" style=\"border-top-color:var(--wp--preset--color--accent-6);border-top-width:1px;padding-top:var(--wp--preset--spacing--30);padding-bottom:var(--wp--preset--spacing--30)\">\n                    \n                    <h3 class=\"wp-block-heading\">\u00bfQu\u00e9 requisitos son necesarios para contratar sus servicios?<\/h3>\n                    \n\n                    \n                    <p>Solo necesitas proporcionar la informaci\u00f3n b\u00e1sica sobre tus env\u00edos y los detalles de contacto.<\/p>\n                    \n                <\/div>\n                \n            <\/div>\n            \n        <\/div>\n        \n    <\/div>\n    \n<\/div>\n\n\n\n\n\n<div class=\"wp-block-group alignfull has-base-color has-accent-3-background-color has-text-color has-background has-link-color wp-elements-48a28cf5019856a86ac93f5c8a427f01 has-global-padding is-layout-constrained wp-block-group-is-layout-constrained\" style=\"margin-top:0;margin-bottom:0;padding-top:var(--wp--preset--spacing--70);padding-bottom:var(--wp--preset--spacing--70)\">\n    \n    <h2 class=\"wp-block-heading has-text-align-center has-xx-large-font-size\">\u00a1Haz crecer tu negocio con nosotros!<\/h2>\n    \n\n    \n    <p class=\"has-text-align-center has-medium-font-size\" style=\"margin-top:var(--wp--preset--spacing--40)\">M\u00e1s de 500 empresas conf\u00edan en Transportes Corona para sus necesidades log\u00edsticas.<\/p>\n    \n<\/div>\n\n\n\n","protected":false},"excerpt":{"rendered":"<p>\u00bfPor qu\u00e9 elegirnos? CONFIABILIDAD Transporte seguro y puntual Nuestro servicio se basa en la entrega puntual y segura de tus productos, sin sorpresas. EFICIENCIA Soluciones personalizadas Adaptamos nuestros servicios a las necesidades espec\u00edficas de tu negocio para optimizar costos y tiempos. PROFESIONALISMO Equipo capacitado y comprometido Contamos con personal altamente calificado que asegura una atenci\u00f3n [&hellip;]<\/p>\n","protected":false},"author":1,"featured_media":0,"parent":0,"menu_order":0,"comment_status":"closed","ping_status":"closed","template":"","meta":{"footnotes":""},"class_list":["post-6","page","type-page","status-publish","hentry"],"_links":{"self":[{"href":"https:\/\/tevienlinea.mx\/transportes-corona-transport-logistics-ngc7v\/wp-json\/wp\/v2\/pages\/6","targetHints":{"allow":["GET"]}}],"collection":[{"href":"https:\/\/tevienlinea.mx\/transportes-corona-transport-logistics-ngc7v\/wp-json\/wp\/v2\/pages"}],"about":[{"href":"https:\/\/tevienlinea.mx\/transportes-corona-transport-logistics-ngc7v\/wp-json\/wp\/v2\/types\/page"}],"author":[{"embeddable":true,"href":"https:\/\/tevienlinea.mx\/transportes-corona-transport-logistics-ngc7v\/wp-json\/wp\/v2\/users\/1"}],"replies":[{"embeddable":true,"href":"https:\/\/tevienlinea.mx\/transportes-corona-transport-logistics-ngc7v\/wp-json\/wp\/v2\/comments?post=6"}],"version-history":[{"count":0,"href":"https:\/\/tevienlinea.mx\/transportes-corona-transport-logistics-ngc7v\/wp-json\/wp\/v2\/pages\/6\/revisions"}],"wp:attachment":[{"href":"https:\/\/tevienlinea.mx\/transportes-corona-transport-logistics-ngc7v\/wp-json\/wp\/v2\/media?parent=6"}],"curies":[{"name":"wp","href":"https:\/\/api.w.org\/{rel}","templated":true}]}}